{"id":3599,"date":"2025-01-21T09:57:31","date_gmt":"2025-01-21T08:57:31","guid":{"rendered":"https:\/\/campingalporto.it\/oriente\/"},"modified":"2025-04-30T11:49:01","modified_gmt":"2025-04-30T09:49:01","slug":"oriente","status":"publish","type":"page","link":"https:\/\/www.campingalporto.it\/cs\/casa-tonelli\/oriente\/","title":{"rendered":"Oriente"},"content":{"rendered":"\t\t<div data-elementor-type=\"wp-page\" data-elementor-id=\"3599\" class=\"elementor elementor-3599 elementor-551\" data-elementor-post-type=\"page\">\n\t\t\t\t<div class=\"elementor-element elementor-element-6b6fdae hero-section e-flex e-con-boxed e-con e-parent\" data-id=\"6b6fdae\" data-element_type=\"container\" data-settings=\"{&quot;background_background&quot;:&quot;classic&quot;,&quot;jet_parallax_layout_list&quot;:[]}\">\n\t\t\t\t\t<div class=\"e-con-inner\">\n\t\t\t\t\t<\/div>\n\t\t\t\t<\/div>\n\t\t<div class=\"elementor-element elementor-element-b35087d e-flex e-con-boxed e-con e-parent\" data-id=\"b35087d\" data-element_type=\"container\" data-settings=\"{&quot;jet_parallax_layout_list&quot;:[]}\">\n\t\t\t\t\t<div class=\"e-con-inner\">\n\t\t\t\t<div class=\"elementor-element elementor-element-9957723 elementor-widget elementor-widget-template\" data-id=\"9957723\" data-element_type=\"widget\" data-widget_type=\"template.default\">\n\t\t\t\t<div class=\"elementor-widget-container\">\n\t\t\t\t\t\t\t<div class=\"elementor-template\">\n\t\t\t\t\t<div data-elementor-type=\"container\" data-elementor-id=\"3777\" class=\"elementor elementor-3777 elementor-568\" data-elementor-post-type=\"elementor_library\">\n\t\t\t\t<div class=\"elementor-element elementor-element-328c403 e-flex e-con-boxed e-con e-parent\" data-id=\"328c403\" data-element_type=\"container\" data-settings=\"{&quot;background_background&quot;:&quot;classic&quot;,&quot;jet_parallax_layout_list&quot;:[]}\">\n\t\t\t\t\t<div class=\"e-con-inner\">\n\t\t\t\t<div class=\"elementor-element elementor-element-86632f0 menu-special elementor-widget elementor-widget-heading\" data-id=\"86632f0\" data-element_type=\"widget\" data-widget_type=\"heading.default\">\n\t\t\t\t<div class=\"elementor-widget-container\">\n\t\t\t\t\t<h2 class=\"elementor-heading-title elementor-size-default\"><a href=\"https:\/\/www.campingalporto.it\/casa-tonelli\/\">Casa Tonelli<\/a><\/h2>\t\t\t\t<\/div>\n\t\t\t\t<\/div>\n\t\t\t\t<div class=\"elementor-element elementor-element-83f0066 elementor-nav-menu--dropdown-mobile elementor-nav-menu__text-align-center elementor-widget elementor-widget-nav-menu\" data-id=\"83f0066\" data-element_type=\"widget\" data-settings=\"{&quot;layout&quot;:&quot;horizontal&quot;,&quot;submenu_icon&quot;:{&quot;value&quot;:&quot;&lt;svg aria-hidden=\\&quot;true\\&quot; class=\\&quot;e-font-icon-svg e-fas-caret-down\\&quot; viewBox=\\&quot;0 0 320 512\\&quot; xmlns=\\&quot;http:\\\/\\\/www.w3.org\\\/2000\\\/svg\\&quot;&gt;&lt;path d=\\&quot;M31.3 192h257.3c17.8 0 26.7 21.5 14.1 34.1L174.1 354.8c-7.8 7.8-20.5 7.8-28.3 0L17.2 226.1C4.6 213.5 13.5 192 31.3 192z\\&quot;&gt;&lt;\\\/path&gt;&lt;\\\/svg&gt;&quot;,&quot;library&quot;:&quot;fa-solid&quot;}}\" data-widget_type=\"nav-menu.default\">\n\t\t\t\t<div class=\"elementor-widget-container\">\n\t\t\t\t\t\t\t\t<nav aria-label=\"Menu\" class=\"elementor-nav-menu--main elementor-nav-menu__container elementor-nav-menu--layout-horizontal e--pointer-none\">\n\t\t\t\t<ul id=\"menu-1-83f0066\" class=\"elementor-nav-menu\"><li class=\"menu-item menu-item-type-post_type menu-item-object-page menu-item-564\"><a href=\"https:\/\/www.campingalporto.it\/casa-tonelli\/peler-2\/\" class=\"elementor-item\">Peler<\/a><\/li>\n<li class=\"menu-item menu-item-type-post_type menu-item-object-page menu-item-563\"><a href=\"https:\/\/www.campingalporto.it\/casa-tonelli\/balin\/\" class=\"elementor-item\">Balin<\/a><\/li>\n<li class=\"menu-item menu-item-type-post_type menu-item-object-page menu-item-562\"><a href=\"https:\/\/www.campingalporto.it\/casa-tonelli\/ponale\/\" class=\"elementor-item\">Ponale<\/a><\/li>\n<li class=\"menu-item menu-item-type-post_type menu-item-object-page menu-item-561\"><a href=\"https:\/\/www.campingalporto.it\/casa-tonelli\/ora\/\" class=\"elementor-item\">Ora<\/a><\/li>\n<li class=\"menu-item menu-item-type-post_type menu-item-object-page menu-item-560\"><a href=\"https:\/\/www.campingalporto.it\/casa-tonelli\/levante\/\" class=\"elementor-item\">Levante<\/a><\/li>\n<li class=\"menu-item menu-item-type-post_type menu-item-object-page menu-item-559\"><a href=\"https:\/\/www.campingalporto.it\/casa-tonelli\/maestrale\/\" class=\"elementor-item\">Maestrale<\/a><\/li>\n<li class=\"menu-item menu-item-type-post_type menu-item-object-page menu-item-558\"><a href=\"https:\/\/www.campingalporto.it\/casa-tonelli\/libeccio\/\" class=\"elementor-item\">Libeccio<\/a><\/li>\n<li class=\"menu-item menu-item-type-post_type menu-item-object-page menu-item-557\"><a href=\"https:\/\/www.campingalporto.it\/casa-tonelli\/scirocco\/\" class=\"elementor-item\">Scirocco<\/a><\/li>\n<li class=\"menu-item menu-item-type-post_type menu-item-object-page menu-item-555\"><a href=\"https:\/\/www.campingalporto.it\/casa-tonelli\/occidente\/\" class=\"elementor-item\">Occidente<\/a><\/li>\n<li class=\"menu-item menu-item-type-post_type menu-item-object-page menu-item-556\"><a href=\"https:\/\/www.campingalporto.it\/casa-tonelli\/oriente\/\" class=\"elementor-item\">Oriente<\/a><\/li>\n<li class=\"menu-item menu-item-type-post_type menu-item-object-page menu-item-4894\"><a href=\"https:\/\/www.campingalporto.it\/casa-tonelli\/baldo\/\" class=\"elementor-item\">Baldo<\/a><\/li>\n<li class=\"menu-item menu-item-type-post_type menu-item-object-page menu-item-4893\"><a href=\"https:\/\/www.campingalporto.it\/casa-tonelli\/brione\/\" class=\"elementor-item\">Brione<\/a><\/li>\n<\/ul>\t\t\t<\/nav>\n\t\t\t\t\t\t<nav class=\"elementor-nav-menu--dropdown elementor-nav-menu__container\" aria-hidden=\"true\">\n\t\t\t\t<ul id=\"menu-2-83f0066\" class=\"elementor-nav-menu\"><li class=\"menu-item menu-item-type-post_type menu-item-object-page menu-item-564\"><a href=\"https:\/\/www.campingalporto.it\/casa-tonelli\/peler-2\/\" class=\"elementor-item\" tabindex=\"-1\">Peler<\/a><\/li>\n<li class=\"menu-item menu-item-type-post_type menu-item-object-page menu-item-563\"><a href=\"https:\/\/www.campingalporto.it\/casa-tonelli\/balin\/\" class=\"elementor-item\" tabindex=\"-1\">Balin<\/a><\/li>\n<li class=\"menu-item menu-item-type-post_type menu-item-object-page menu-item-562\"><a href=\"https:\/\/www.campingalporto.it\/casa-tonelli\/ponale\/\" class=\"elementor-item\" tabindex=\"-1\">Ponale<\/a><\/li>\n<li class=\"menu-item menu-item-type-post_type menu-item-object-page menu-item-561\"><a href=\"https:\/\/www.campingalporto.it\/casa-tonelli\/ora\/\" class=\"elementor-item\" tabindex=\"-1\">Ora<\/a><\/li>\n<li class=\"menu-item menu-item-type-post_type menu-item-object-page menu-item-560\"><a href=\"https:\/\/www.campingalporto.it\/casa-tonelli\/levante\/\" class=\"elementor-item\" tabindex=\"-1\">Levante<\/a><\/li>\n<li class=\"menu-item menu-item-type-post_type menu-item-object-page menu-item-559\"><a href=\"https:\/\/www.campingalporto.it\/casa-tonelli\/maestrale\/\" class=\"elementor-item\" tabindex=\"-1\">Maestrale<\/a><\/li>\n<li class=\"menu-item menu-item-type-post_type menu-item-object-page menu-item-558\"><a href=\"https:\/\/www.campingalporto.it\/casa-tonelli\/libeccio\/\" class=\"elementor-item\" tabindex=\"-1\">Libeccio<\/a><\/li>\n<li class=\"menu-item menu-item-type-post_type menu-item-object-page menu-item-557\"><a href=\"https:\/\/www.campingalporto.it\/casa-tonelli\/scirocco\/\" class=\"elementor-item\" tabindex=\"-1\">Scirocco<\/a><\/li>\n<li class=\"menu-item menu-item-type-post_type menu-item-object-page menu-item-555\"><a href=\"https:\/\/www.campingalporto.it\/casa-tonelli\/occidente\/\" class=\"elementor-item\" tabindex=\"-1\">Occidente<\/a><\/li>\n<li class=\"menu-item menu-item-type-post_type menu-item-object-page menu-item-556\"><a href=\"https:\/\/www.campingalporto.it\/casa-tonelli\/oriente\/\" class=\"elementor-item\" tabindex=\"-1\">Oriente<\/a><\/li>\n<li class=\"menu-item menu-item-type-post_type menu-item-object-page menu-item-4894\"><a href=\"https:\/\/www.campingalporto.it\/casa-tonelli\/baldo\/\" class=\"elementor-item\" tabindex=\"-1\">Baldo<\/a><\/li>\n<li class=\"menu-item menu-item-type-post_type menu-item-object-page menu-item-4893\"><a href=\"https:\/\/www.campingalporto.it\/casa-tonelli\/brione\/\" class=\"elementor-item\" tabindex=\"-1\">Brione<\/a><\/li>\n<\/ul>\t\t\t<\/nav>\n\t\t\t\t\t\t<\/div>\n\t\t\t\t<\/div>\n\t\t\t\t\t<\/div>\n\t\t\t\t<\/div>\n\t\t\t\t<\/div>\n\t\t\t\t<\/div>\n\t\t\t\t\t\t<\/div>\n\t\t\t\t<\/div>\n\t\t\t\t\t<\/div>\n\t\t\t\t<\/div>\n\t\t<div class=\"elementor-element elementor-element-425765f e-flex e-con-boxed e-con e-parent\" data-id=\"425765f\" data-element_type=\"container\" data-settings=\"{&quot;jet_parallax_layout_list&quot;:[],&quot;background_background&quot;:&quot;classic&quot;}\">\n\t\t\t\t\t<div class=\"e-con-inner\">\n\t\t<div class=\"elementor-element elementor-element-44ee264 e-con-full e-flex elementor-invisible e-con e-child\" data-id=\"44ee264\" data-element_type=\"container\" data-settings=\"{&quot;animation&quot;:&quot;fadeInLeft&quot;,&quot;jet_parallax_layout_list&quot;:[]}\">\n\t\t\t\t<div class=\"elementor-element elementor-element-31db006 elementor-widget elementor-widget-heading\" data-id=\"31db006\" data-element_type=\"widget\" data-widget_type=\"heading.default\">\n\t\t\t\t<div class=\"elementor-widget-container\">\n\t\t\t\t\t<h2 class=\"elementor-heading-title elementor-size-default\">Oriente<\/h2>\t\t\t\t<\/div>\n\t\t\t\t<\/div>\n\t\t\t\t<div class=\"elementor-element elementor-element-869659e elementor-widget elementor-widget-heading\" data-id=\"869659e\" data-element_type=\"widget\" data-widget_type=\"heading.default\">\n\t\t\t\t<div class=\"elementor-widget-container\">\n\t\t\t\t\t<h2 class=\"elementor-heading-title elementor-size-default\">byt v prvn\u00edm pat\u0159e, novostavba<\/h2>\t\t\t\t<\/div>\n\t\t\t\t<\/div>\n\t\t\t\t<div class=\"elementor-element elementor-element-1e658f5 elementor-icon-list--layout-inline elementor-align-center elementor-list-item-link-full_width elementor-widget elementor-widget-icon-list\" data-id=\"1e658f5\" data-element_type=\"widget\" data-widget_type=\"icon-list.default\">\n\t\t\t\t<div class=\"elementor-widget-container\">\n\t\t\t\t\t\t\t<ul class=\"elementor-icon-list-items elementor-inline-items\">\n\t\t\t\t\t\t\t<li class=\"elementor-icon-list-item elementor-inline-item\">\n\t\t\t\t\t\t\t\t\t\t\t<span class=\"elementor-icon-list-icon\">\n\t\t\t\t\t\t\t<svg aria-hidden=\"true\" class=\"e-font-icon-svg e-far-user\" viewBox=\"0 0 448 512\" xmlns=\"http:\/\/www.w3.org\/2000\/svg\"><path d=\"M313.6 304c-28.7 0-42.5 16-89.6 16-47.1 0-60.8-16-89.6-16C60.2 304 0 364.2 0 438.4V464c0 26.5 21.5 48 48 48h352c26.5 0 48-21.5 48-48v-25.6c0-74.2-60.2-134.4-134.4-134.4zM400 464H48v-25.6c0-47.6 38.8-86.4 86.4-86.4 14.6 0 38.3 16 89.6 16 51.7 0 74.9-16 89.6-16 47.6 0 86.4 38.8 86.4 86.4V464zM224 288c79.5 0 144-64.5 144-144S303.5 0 224 0 80 64.5 80 144s64.5 144 144 144zm0-240c52.9 0 96 43.1 96 96s-43.1 96-96 96-96-43.1-96-96 43.1-96 96-96z\"><\/path><\/svg>\t\t\t\t\t\t<\/span>\n\t\t\t\t\t\t\t\t\t\t<span class=\"elementor-icon-list-text\">Po\u010det osob: 3+2<\/span>\n\t\t\t\t\t\t\t\t\t<\/li>\n\t\t\t\t\t\t<\/ul>\n\t\t\t\t\t\t<\/div>\n\t\t\t\t<\/div>\n\t\t\t\t<\/div>\n\t\t<div class=\"elementor-element elementor-element-66b411f e-con-full e-flex e-con e-child\" data-id=\"66b411f\" data-element_type=\"container\" data-settings=\"{&quot;jet_parallax_layout_list&quot;:[]}\">\n\t\t\t\t<div class=\"elementor-element elementor-element-c919116 elementor-widget__width-initial elementor-widget-tablet__width-inherit elementor-widget-mobile__width-inherit elementor-widget elementor-widget-text-editor\" data-id=\"c919116\" data-element_type=\"widget\" data-widget_type=\"text-editor.default\">\n\t\t\t\t<div class=\"elementor-widget-container\">\n\t\t\t\t\t\t\t\t\t<p><span style=\"font-weight: 400;\">Tento byt se nach\u00e1z\u00ed v 1. pat\u0159e nov\u00e9 budovy v kempu a nab\u00edz\u00ed modern\u00ed a \u00fatulnou atmosf\u00e9ru. Kryt\u00e1 terasa orientovan\u00e1 na jih nab\u00edz\u00ed malebn\u00fd v\u00fdhled na borov\u00fd les v kempu s pohledy na jezero uprost\u0159ed vegetace a je dokonale vybavena pro venkovn\u00ed stolov\u00e1n\u00ed po v\u011bt\u0161inu sez\u00f3ny nebo pro odpo\u010dinek na leh\u00e1tk\u00e1ch.<\/span><\/p><p><span style=\"font-weight: 400;\">Ubytov\u00e1n\u00ed m\u00e1 3 l\u016f\u017eka v hlavn\u00ed m\u00edstnosti a dal\u0161\u00ed 2 l\u016f\u017eka lze z\u00edskat na pohodln\u00e9 rozkl\u00e1dac\u00ed pohovce v ob\u00fdvac\u00edm pokoji s mo\u017enost\u00ed p\u0159id\u00e1n\u00ed d\u011btsk\u00e9 post\u00fdlky pro d\u00edt\u011b do 2 let.<\/span><\/p><p><span style=\"font-weight: 400;\">V kombinaci se sousedn\u00edm jednopokojov\u00fdm apartm\u00e1nem &#8222;Penede&#8220; je ide\u00e1ln\u00ed pro rodiny a\u017e se 7 osobami.<\/span><\/p><p><span style=\"font-weight: 400;\">K dispozici pro rezervace od 2 osob.<\/span><\/p>\t\t\t\t\t\t\t\t<\/div>\n\t\t\t\t<\/div>\n\t\t\t\t<div class=\"elementor-element elementor-element-3fe3532 elementor-widget-mobile__width-inherit elementor-widget elementor-widget-image\" data-id=\"3fe3532\" data-element_type=\"widget\" data-widget_type=\"image.default\">\n\t\t\t\t<div class=\"elementor-widget-container\">\n\t\t\t\t\t\t\t\t\t\t\t\t\t\t\t<img fetchpriority=\"high\" decoding=\"async\" width=\"626\" height=\"1024\" src=\"https:\/\/www.campingalporto.it\/wp-content\/uploads\/2025\/02\/apt-oriente.jpg\" class=\"attachment-full size-full wp-image-3434\" alt=\"\" srcset=\"https:\/\/www.campingalporto.it\/wp-content\/uploads\/2025\/02\/apt-oriente.jpg 626w, https:\/\/www.campingalporto.it\/wp-content\/uploads\/2025\/02\/apt-oriente-183x300.jpg 183w\" sizes=\"(max-width: 626px) 100vw, 626px\" \/>\t\t\t\t\t\t\t\t\t\t\t\t\t\t\t<\/div>\n\t\t\t\t<\/div>\n\t\t\t\t<\/div>\n\t\t\t\t\t<\/div>\n\t\t\t\t<\/div>\n\t\t<div class=\"elementor-element elementor-element-6945284 e-flex e-con-boxed e-con e-parent\" data-id=\"6945284\" data-element_type=\"container\" data-settings=\"{&quot;jet_parallax_layout_list&quot;:[],&quot;background_background&quot;:&quot;classic&quot;}\">\n\t\t\t\t\t<div class=\"e-con-inner\">\n\t\t\t\t<div class=\"elementor-element elementor-element-6070318 elementor-widget elementor-widget-gallery\" data-id=\"6070318\" data-element_type=\"widget\" data-settings=\"{&quot;gap&quot;:{&quot;unit&quot;:&quot;px&quot;,&quot;size&quot;:20,&quot;sizes&quot;:[]},&quot;aspect_ratio&quot;:&quot;1:1&quot;,&quot;columns_mobile&quot;:2,&quot;columns_tablet&quot;:4,&quot;lazyload&quot;:&quot;yes&quot;,&quot;gallery_layout&quot;:&quot;grid&quot;,&quot;columns&quot;:4,&quot;gap_tablet_extra&quot;:{&quot;unit&quot;:&quot;px&quot;,&quot;size&quot;:10,&quot;sizes&quot;:[]},&quot;gap_tablet&quot;:{&quot;unit&quot;:&quot;px&quot;,&quot;size&quot;:10,&quot;sizes&quot;:[]},&quot;gap_mobile&quot;:{&quot;unit&quot;:&quot;px&quot;,&quot;size&quot;:10,&quot;sizes&quot;:[]},&quot;link_to&quot;:&quot;file&quot;,&quot;overlay_background&quot;:&quot;yes&quot;,&quot;content_hover_animation&quot;:&quot;fade-in&quot;}\" data-widget_type=\"gallery.default\">\n\t\t\t\t<div class=\"elementor-widget-container\">\n\t\t\t\t\t\t\t<div class=\"elementor-gallery__container\">\n\t\t\t\t\t\t\t<a class=\"e-gallery-item elementor-gallery-item elementor-animated-content\" href=\"https:\/\/www.campingalporto.it\/wp-content\/uploads\/2025\/02\/oriente-01.jpg\" data-elementor-open-lightbox=\"yes\" data-elementor-lightbox-slideshow=\"6070318\" data-e-action-hash=\"#elementor-action%3Aaction%3Dlightbox%26settings%3DeyJpZCI6MjQ0NiwidXJsIjoiaHR0cHM6XC9cL3d3dy5jYW1waW5nYWxwb3J0by5pdFwvd3AtY29udGVudFwvdXBsb2Fkc1wvMjAyNVwvMDJcL29yaWVudGUtMDEuanBnIiwic2xpZGVzaG93IjoiNjA3MDMxOCJ9\">\n\t\t\t\t\t<div class=\"e-gallery-image elementor-gallery-item__image\" data-thumbnail=\"https:\/\/www.campingalporto.it\/wp-content\/uploads\/2025\/02\/oriente-01.jpg\" data-width=\"800\" data-height=\"485\" aria-label=\"\" role=\"img\" ><\/div>\n\t\t\t\t\t\t\t\t\t\t\t<div class=\"elementor-gallery-item__overlay\"><\/div>\n\t\t\t\t\t\t\t\t\t\t\t\t\t\t<\/a>\n\t\t\t\t\t\t\t<a class=\"e-gallery-item elementor-gallery-item elementor-animated-content\" href=\"https:\/\/www.campingalporto.it\/wp-content\/uploads\/2025\/02\/oriente-02.jpg\" data-elementor-open-lightbox=\"yes\" data-elementor-lightbox-slideshow=\"6070318\" data-e-action-hash=\"#elementor-action%3Aaction%3Dlightbox%26settings%3DeyJpZCI6MjQ0NywidXJsIjoiaHR0cHM6XC9cL3d3dy5jYW1waW5nYWxwb3J0by5pdFwvd3AtY29udGVudFwvdXBsb2Fkc1wvMjAyNVwvMDJcL29yaWVudGUtMDIuanBnIiwic2xpZGVzaG93IjoiNjA3MDMxOCJ9\">\n\t\t\t\t\t<div class=\"e-gallery-image elementor-gallery-item__image\" data-thumbnail=\"https:\/\/www.campingalporto.it\/wp-content\/uploads\/2025\/02\/oriente-02.jpg\" data-width=\"800\" data-height=\"533\" aria-label=\"\" role=\"img\" ><\/div>\n\t\t\t\t\t\t\t\t\t\t\t<div class=\"elementor-gallery-item__overlay\"><\/div>\n\t\t\t\t\t\t\t\t\t\t\t\t\t\t<\/a>\n\t\t\t\t\t<\/div>\n\t\t\t\t\t<\/div>\n\t\t\t\t<\/div>\n\t\t\t\t\t<\/div>\n\t\t\t\t<\/div>\n\t\t\t\t<\/div>\n\t\t","protected":false},"excerpt":{"rendered":"<p>Oriente byt v prvn\u00edm pat\u0159e, novostavba Po\u010det osob: 3+2 Tento byt se nach\u00e1z\u00ed v 1. pat\u0159e nov\u00e9 budovy v kempu a nab\u00edz\u00ed modern\u00ed a \u00fatulnou atmosf\u00e9ru. Kryt\u00e1 terasa orientovan\u00e1 na jih nab\u00edz\u00ed malebn\u00fd v\u00fdhled na borov\u00fd les v kempu s pohledy na jezero uprost\u0159ed vegetace a je dokonale vybavena pro venkovn\u00ed stolov\u00e1n\u00ed po v\u011bt\u0161inu sez\u00f3ny [&hellip;]<\/p>\n","protected":false},"author":1,"featured_media":0,"parent":3682,"menu_order":0,"comment_status":"closed","ping_status":"closed","template":"","meta":{"footnotes":""},"class_list":["post-3599","page","type-page","status-publish","hentry"],"_links":{"self":[{"href":"https:\/\/www.campingalporto.it\/cs\/wp-json\/wp\/v2\/pages\/3599","targetHints":{"allow":["GET"]}}],"collection":[{"href":"https:\/\/www.campingalporto.it\/cs\/wp-json\/wp\/v2\/pages"}],"about":[{"href":"https:\/\/www.campingalporto.it\/cs\/wp-json\/wp\/v2\/types\/page"}],"author":[{"embeddable":true,"href":"https:\/\/www.campingalporto.it\/cs\/wp-json\/wp\/v2\/users\/1"}],"replies":[{"embeddable":true,"href":"https:\/\/www.campingalporto.it\/cs\/wp-json\/wp\/v2\/comments?post=3599"}],"version-history":[{"count":2,"href":"https:\/\/www.campingalporto.it\/cs\/wp-json\/wp\/v2\/pages\/3599\/revisions"}],"predecessor-version":[{"id":4641,"href":"https:\/\/www.campingalporto.it\/cs\/wp-json\/wp\/v2\/pages\/3599\/revisions\/4641"}],"up":[{"embeddable":true,"href":"https:\/\/www.campingalporto.it\/cs\/wp-json\/wp\/v2\/pages\/3682"}],"wp:attachment":[{"href":"https:\/\/www.campingalporto.it\/cs\/wp-json\/wp\/v2\/media?parent=3599"}],"curies":[{"name":"wp","href":"https:\/\/api.w.org\/{rel}","templated":true}]}}