{"id":3626,"date":"2025-01-24T07:29:46","date_gmt":"2025-01-24T06:29:46","guid":{"rendered":"https:\/\/campingalporto.it\/podminky-rezervace\/"},"modified":"2026-03-13T15:05:52","modified_gmt":"2026-03-13T14:05:52","slug":"podminky-rezervace","status":"publish","type":"page","link":"https:\/\/www.campingalporto.it\/cs\/informace-a-kontakty\/podminky-rezervace\/","title":{"rendered":"Podm\u00ednky rezervace"},"content":{"rendered":"\t\t<div data-elementor-type=\"wp-page\" data-elementor-id=\"3626\" class=\"elementor elementor-3626 elementor-916\" data-elementor-post-type=\"page\">\n\t\t\t\t<div class=\"elementor-element elementor-element-0af094c hero-section e-flex e-con-boxed e-con e-parent\" data-id=\"0af094c\" data-element_type=\"container\" data-settings=\"{&quot;background_background&quot;:&quot;classic&quot;,&quot;jet_parallax_layout_list&quot;:[]}\">\n\t\t\t\t\t<div class=\"e-con-inner\">\n\t\t\t\t\t<\/div>\n\t\t\t\t<\/div>\n\t\t<div class=\"elementor-element elementor-element-672cc5d e-flex e-con-boxed e-con e-parent\" data-id=\"672cc5d\" data-element_type=\"container\" data-settings=\"{&quot;jet_parallax_layout_list&quot;:[]}\">\n\t\t\t\t\t<div class=\"e-con-inner\">\n\t\t\t\t<div class=\"elementor-element elementor-element-c4b3141 elementor-widget elementor-widget-template\" data-id=\"c4b3141\" data-element_type=\"widget\" data-widget_type=\"template.default\">\n\t\t\t\t<div class=\"elementor-widget-container\">\n\t\t\t\t\t\t\t<div class=\"elementor-template\">\n\t\t\t\t\t<div data-elementor-type=\"container\" data-elementor-id=\"3789\" class=\"elementor elementor-3789 elementor-921\" data-elementor-post-type=\"elementor_library\">\n\t\t\t\t<div class=\"elementor-element elementor-element-eb58f04 e-flex e-con-boxed e-con e-parent\" data-id=\"eb58f04\" data-element_type=\"container\" data-settings=\"{&quot;background_background&quot;:&quot;classic&quot;,&quot;jet_parallax_layout_list&quot;:[]}\">\n\t\t\t\t\t<div class=\"e-con-inner\">\n\t\t\t\t<div class=\"elementor-element elementor-element-dc8e5a3 menu-special elementor-widget elementor-widget-heading\" data-id=\"dc8e5a3\" data-element_type=\"widget\" data-widget_type=\"heading.default\">\n\t\t\t\t<div class=\"elementor-widget-container\">\n\t\t\t\t\t<h2 class=\"elementor-heading-title elementor-size-default\"><a href=\"https:\/\/www.campingalporto.it\/info-e-contatti\/\">informace a kontakty<\/a><\/h2>\t\t\t\t<\/div>\n\t\t\t\t<\/div>\n\t\t\t\t<div class=\"elementor-element elementor-element-07bea26 elementor-nav-menu--dropdown-mobile elementor-nav-menu__text-align-center elementor-widget elementor-widget-nav-menu\" data-id=\"07bea26\" data-element_type=\"widget\" data-settings=\"{&quot;layout&quot;:&quot;horizontal&quot;,&quot;submenu_icon&quot;:{&quot;value&quot;:&quot;&lt;svg aria-hidden=\\&quot;true\\&quot; class=\\&quot;e-font-icon-svg e-fas-caret-down\\&quot; viewBox=\\&quot;0 0 320 512\\&quot; xmlns=\\&quot;http:\\\/\\\/www.w3.org\\\/2000\\\/svg\\&quot;&gt;&lt;path d=\\&quot;M31.3 192h257.3c17.8 0 26.7 21.5 14.1 34.1L174.1 354.8c-7.8 7.8-20.5 7.8-28.3 0L17.2 226.1C4.6 213.5 13.5 192 31.3 192z\\&quot;&gt;&lt;\\\/path&gt;&lt;\\\/svg&gt;&quot;,&quot;library&quot;:&quot;fa-solid&quot;}}\" data-widget_type=\"nav-menu.default\">\n\t\t\t\t<div class=\"elementor-widget-container\">\n\t\t\t\t\t\t\t\t<nav aria-label=\"Menu\" class=\"elementor-nav-menu--main elementor-nav-menu__container elementor-nav-menu--layout-horizontal e--pointer-none\">\n\t\t\t\t<ul id=\"menu-1-07bea26\" class=\"elementor-nav-menu\"><li class=\"menu-item menu-item-type-post_type menu-item-object-page menu-item-919\"><a href=\"https:\/\/www.campingalporto.it\/info-e-contatti\/faq\/\" class=\"elementor-item\">\u010cASTO KLADEN\u00c9 DOTAZY<\/a><\/li>\n<li class=\"menu-item menu-item-type-post_type menu-item-object-page menu-item-918\"><a href=\"https:\/\/www.campingalporto.it\/info-e-contatti\/condizioni-di-prenotazione\/\" class=\"elementor-item\">Podm\u00ednky rezervace<\/a><\/li>\n<\/ul>\t\t\t<\/nav>\n\t\t\t\t\t\t<nav class=\"elementor-nav-menu--dropdown elementor-nav-menu__container\" aria-hidden=\"true\">\n\t\t\t\t<ul id=\"menu-2-07bea26\" class=\"elementor-nav-menu\"><li class=\"menu-item menu-item-type-post_type menu-item-object-page menu-item-919\"><a href=\"https:\/\/www.campingalporto.it\/info-e-contatti\/faq\/\" class=\"elementor-item\" tabindex=\"-1\">\u010cASTO KLADEN\u00c9 DOTAZY<\/a><\/li>\n<li class=\"menu-item menu-item-type-post_type menu-item-object-page menu-item-918\"><a href=\"https:\/\/www.campingalporto.it\/info-e-contatti\/condizioni-di-prenotazione\/\" class=\"elementor-item\" tabindex=\"-1\">Podm\u00ednky rezervace<\/a><\/li>\n<\/ul>\t\t\t<\/nav>\n\t\t\t\t\t\t<\/div>\n\t\t\t\t<\/div>\n\t\t\t\t\t<\/div>\n\t\t\t\t<\/div>\n\t\t\t\t<\/div>\n\t\t\t\t<\/div>\n\t\t\t\t\t\t<\/div>\n\t\t\t\t<\/div>\n\t\t\t\t\t<\/div>\n\t\t\t\t<\/div>\n\t\t<div class=\"elementor-element elementor-element-e19af0e e-flex e-con-boxed e-con e-parent\" data-id=\"e19af0e\" data-element_type=\"container\" data-settings=\"{&quot;jet_parallax_layout_list&quot;:[]}\">\n\t\t\t\t\t<div class=\"e-con-inner\">\n\t\t\t\t<div class=\"elementor-element elementor-element-6cf5fdd elementor-invisible elementor-widget elementor-widget-heading\" data-id=\"6cf5fdd\" data-element_type=\"widget\" data-settings=\"{&quot;_animation&quot;:&quot;fadeIn&quot;}\" data-widget_type=\"heading.default\">\n\t\t\t\t<div class=\"elementor-widget-container\">\n\t\t\t\t\t<h2 class=\"elementor-heading-title elementor-size-default\">rezerva\u010dn\u00ed podm\u00ednky\n<\/h2>\t\t\t\t<\/div>\n\t\t\t\t<\/div>\n\t\t\t\t<div class=\"elementor-element elementor-element-ba87c7d elementor-invisible elementor-widget elementor-widget-heading\" data-id=\"ba87c7d\" data-element_type=\"widget\" data-settings=\"{&quot;_animation&quot;:&quot;fadeIn&quot;}\" data-widget_type=\"heading.default\">\n\t\t\t\t<div class=\"elementor-widget-container\">\n\t\t\t\t\t<h2 class=\"elementor-heading-title elementor-size-default\">h\u0159i\u0161t\u011b<\/h2>\t\t\t\t<\/div>\n\t\t\t\t<\/div>\n\t\t\t\t<div class=\"elementor-element elementor-element-8a05b63 elementor-widget__width-initial elementor-invisible elementor-widget elementor-widget-text-editor\" data-id=\"8a05b63\" data-element_type=\"widget\" data-settings=\"{&quot;_animation&quot;:&quot;fadeIn&quot;}\" data-widget_type=\"text-editor.default\">\n\t\t\t\t<div class=\"elementor-widget-container\">\n\t\t\t\t\t\t\t\t\t<ol><li>V <strong>hlavn\u00ed sez\u00f3n\u011b<\/strong> jsou p\u0159ij\u00edm\u00e1ny rezervace na minim\u00e1ln\u00ed dobu <strong>7 dn\u00ed<\/strong> a je nutn\u00e9 p\u0159ijet a odjet ve <strong>st\u0159edu, v sobotu a v ned\u011bli<\/strong>; proto nejsou p\u0159ij\u00edm\u00e1ny rezervace s odjezdem nebo p\u0159\u00edjezdem v pond\u011bl\u00ed, \u00fater\u00fd, \u010dtvrtek a p\u00e1tek.<\/li><li>Ve zb\u00fdvaj\u00edc\u00edch obdob\u00edch <strong>mimo sez\u00f3nu a uprost\u0159ed sez\u00f3ny<\/strong> jsou p\u0159ij\u00edm\u00e1ny rezervace na minim\u00e1ln\u011b <strong>4 dny<\/strong> s p\u0159\u00edjezdem a odjezdem v <strong>kter\u00fdkoli den v t\u00fddnu<\/strong>.<\/li><li>V den p\u0159\u00edjezdu bude h\u0159i\u0161t\u011b k dispozici od <strong>12.30 hodin<\/strong>, nejd\u0159\u00edve v den p\u0159\u00edjezdu. V den odjezdu mus\u00ed b\u00fdt h\u0159i\u0161t\u011b vyklizeno do <strong>12:00<\/strong>.<\/li><li><strong>Upozor\u0148ujeme<\/strong>, \u017ee p\u0159i rezervaci a pozdn\u00edm p\u0159\u00edjezdu nebo p\u0159ed\u010dasn\u00e9m odjezdu je t\u0159eba <strong>uhradit celou<\/strong> rezervovanou \u010d\u00e1stku.<\/li><li>V p\u0159\u00edpad\u011b rezervace <strong>v\u00edce m\u00edst<\/strong> je t\u0159eba prov\u00e9st rezervaci pro ka\u017ed\u00e9 m\u00edsto zvl\u00e1\u0161\u0165.<\/li><li>Pro potvrzen\u00ed \u017e\u00e1dosti o rezervaci je t\u0159eba slo\u017eit <strong>z\u00e1lohu<\/strong> ve v\u00fd\u0161i <strong>30 % celkov\u00e9 \u010d\u00e1stky<\/strong> pobytu.<\/li><li>Z\u00e1loha bude po\u017eadov\u00e1na <strong>pouze<\/strong> p\u0159i rezervaci prost\u0159ednictv\u00edm na\u0161\u00ed rezerva\u010dn\u00ed kancel\u00e1\u0159e <strong>kreditn\u00ed kartou<\/strong>.<\/li><li>Rezervace, u nich\u017e nebude z\u00e1loha uhrazena do <strong>10 dn\u016f<\/strong> ode dne pod\u00e1n\u00ed \u017e\u00e1dosti o rezervaci, budou <strong>automaticky zru\u0161eny<\/strong> bez dal\u0161\u00edho upozorn\u011bn\u00ed.<\/li><li>Z\u00e1loha bude vr\u00e1cena, pokud je zru\u0161en\u00ed rezervace ozn\u00e1meno p\u00edsemn\u011b alespo\u0148 <strong>30 dn\u00ed<\/strong> p\u0159ed datem p\u0159\u00edjezdu. In questo caso verranno tuttavia addebitate <strong>\u20ac60,00<\/strong> quali spese di segreteria.<\/li><li>Doplatek za cel\u00fd rezervovan\u00fd pobyt je t\u0159eba uhradit v den p\u0159\u00edjezdu. <strong>V p\u0159\u00edpad\u011b pozdn\u00edho p\u0159\u00edjezdu se sleva neposkytuje a v p\u0159\u00edpad\u011b p\u0159ed\u010dasn\u00e9ho odjezdu se pen\u00edze nevracej\u00ed<\/strong>.<\/li><li>Denn\u00ed cena pobytu se \u00fa\u010dtuje podle <strong>b\u011b\u017en\u00e9ho cen\u00edku<\/strong>.<\/li><li><strong>Kempovac\u00ed m\u00edsta p\u0159id\u011bluje person\u00e1l<\/strong> kempu bez n\u00e1roku na st\u00ed\u017enosti, od\u0159eknut\u00ed nebo reklamace; je v\u0161ak mo\u017en\u00e9 si rezervovat konkr\u00e9tn\u00ed m\u00edsto <strong>za p\u0159\u00edplatek 40,00 EUR mimo sez\u00f3nu, 50,00 EUR uprost\u0159ed sez\u00f3ny a 60,00 EUR v hlavn\u00ed sez\u00f3n\u011b.<\/strong><\/li><li>Spr\u00e1va uji\u0161\u0165uje z\u00e1kazn\u00edka o dostupnosti h\u0159i\u0161t\u011b do <strong>12:00 hodin<\/strong> dne n\u00e1sleduj\u00edc\u00edho po dni p\u0159edpokl\u00e1dan\u00e9ho p\u0159\u00edjezdu.<\/li><li>Po p\u0159\u00edjezdu <strong>se mus\u00edte dostavit na recepci a<\/strong> po opu\u0161t\u011bn\u00ed vozidla na vyhrazen\u00e9m parkovi\u0161ti (t\u011bsn\u011b p\u0159ed z\u00e1vorou, po prav\u00e9 stran\u011b) zaregistrovat doklady ka\u017ed\u00e9 osoby, jak to vy\u017eaduje z\u00e1kon.<\/li><\/ol>\t\t\t\t\t\t\t\t<\/div>\n\t\t\t\t<\/div>\n\t\t\t\t\t<\/div>\n\t\t\t\t<\/div>\n\t\t<div class=\"elementor-element elementor-element-71f0d93 e-flex e-con-boxed e-con e-parent\" data-id=\"71f0d93\" data-element_type=\"container\" data-settings=\"{&quot;background_background&quot;:&quot;classic&quot;,&quot;jet_parallax_layout_list&quot;:[]}\">\n\t\t\t\t\t<div class=\"e-con-inner\">\n\t\t\t\t\t<\/div>\n\t\t\t\t<\/div>\n\t\t<div class=\"elementor-element elementor-element-abd60eb e-flex e-con-boxed e-con e-parent\" data-id=\"abd60eb\" data-element_type=\"container\" data-settings=\"{&quot;background_background&quot;:&quot;classic&quot;,&quot;jet_parallax_layout_list&quot;:[]}\">\n\t\t\t\t\t<div class=\"e-con-inner\">\n\t\t\t\t<div class=\"elementor-element elementor-element-08eaed3 elementor-invisible elementor-widget elementor-widget-heading\" data-id=\"08eaed3\" data-element_type=\"widget\" data-settings=\"{&quot;_animation&quot;:&quot;fadeIn&quot;}\" data-widget_type=\"heading.default\">\n\t\t\t\t<div class=\"elementor-widget-container\">\n\t\t\t\t\t<h2 class=\"elementor-heading-title elementor-size-default\">rezerva\u010dn\u00ed podm\u00ednky\n<\/h2>\t\t\t\t<\/div>\n\t\t\t\t<\/div>\n\t\t\t\t<div class=\"elementor-element elementor-element-5d1bb2d elementor-invisible elementor-widget elementor-widget-heading\" data-id=\"5d1bb2d\" data-element_type=\"widget\" data-settings=\"{&quot;_animation&quot;:&quot;fadeIn&quot;}\" data-widget_type=\"heading.default\">\n\t\t\t\t<div class=\"elementor-widget-container\">\n\t\t\t\t\t<h2 class=\"elementor-heading-title elementor-size-default\">byty<\/h2>\t\t\t\t<\/div>\n\t\t\t\t<\/div>\n\t\t\t\t<div class=\"elementor-element elementor-element-4d21ee3 elementor-widget__width-initial elementor-invisible elementor-widget elementor-widget-text-editor\" data-id=\"4d21ee3\" data-element_type=\"widget\" data-settings=\"{&quot;_animation&quot;:&quot;fadeIn&quot;}\" data-widget_type=\"text-editor.default\">\n\t\t\t\t<div class=\"elementor-widget-container\">\n\t\t\t\t\t\t\t\t\t<ol><li><strong>P\u0159\u00edjezd<\/strong>: od 16:00 do 20:00 hod.<\/li><li><strong>Odjezd<\/strong>: od 8:00 do 10:00 hod.<\/li><li><strong>Zv\u00ed\u0159ata v apartm\u00e1nech nejsou povolena<\/strong>.<\/li><li>P\u0159i p\u0159\u00edjezdu je vy\u017eadov\u00e1na hotovostn\u00ed <strong>z\u00e1loha ve v\u00fd\u0161i 100 EUR<\/strong>, kter\u00e1 bude vr\u00e1cena na konci pobytu po na\u0161\u00ed kontrole, pokud nebudou zji\u0161t\u011bny \u017e\u00e1dn\u00e9 \u0161kody.<\/li><li><strong>Upozor\u0148ujeme<\/strong>, \u017ee p\u0159i rezervaci a <strong>pozdn\u00edm p\u0159\u00edjezdu<\/strong> nebo <strong>p\u0159ed\u010dasn\u00e9m odjezdu<\/strong> je t\u0159eba uhradit celou rezervovanou \u010d\u00e1stku.<\/li><li>V ubytovac\u00edch <strong>jednotk\u00e1ch je zak\u00e1z\u00e1no kou\u0159it<\/strong>.<\/li><li>Zbytek platby je splatn\u00fd p\u0159i p\u0159\u00edjezdu. V p\u0159\u00edpad\u011b <strong>p\u0159ed\u010dasn\u00e9ho odjezdu<\/strong> nebo <strong>pozdn\u00edho p\u0159\u00edjezdu<\/strong> se pen\u00edze nevracej\u00ed a je t\u0159eba uhradit celou rezervovanou dobu pobytu.<\/li><li>Ve <strong>\u017elut\u00e9m<\/strong> a <strong>oran\u017eov\u00e9m<\/strong> obdob\u00ed lze rezervovat pobyty na nejm\u00e9n\u011b <strong>7 noc\u00ed<\/strong>, v <strong>r\u016f\u017eov\u00e9m<\/strong> a <strong>zelen\u00e9m<\/strong> obdob\u00ed na nejm\u00e9n\u011b <strong>4 noci<\/strong>.<\/li><li>P\u0159\u00edjezd a odjezd ve <strong>\u017elut\u00e9m<\/strong> a <strong>oran\u017eov\u00e9m<\/strong> obdob\u00ed je mo\u017en\u00fd pouze v <strong>sobotu nebo ve st\u0159edu<\/strong>. V <strong>zelen\u00e9m<\/strong> a <strong>r\u016f\u017eov\u00e9m<\/strong> obdob\u00ed m\u016f\u017eete p\u0159ijet a odjet pouze ve <strong>st\u0159edu, v sobotu nebo v ned\u011bli<\/strong>.<\/li><li>Pro potvrzen\u00ed rezervace prost\u0159ednictv\u00edm na\u0161\u00ed online rezervace je nutn\u00e9 slo\u017eit <strong>z\u00e1lohu<\/strong> kreditn\u00ed kartou.<\/li><li>Z\u00e1loha bude vr\u00e1cena, pokud je zru\u0161en\u00ed rezervace ozn\u00e1meno p\u00edsemn\u011b alespo\u0148 <strong>30 dn\u00ed<\/strong> p\u0159ed datem p\u0159\u00edjezdu. V tomto p\u0159\u00edpad\u011b v\u0161ak bude \u00fa\u010dtov\u00e1no <strong>100,00 EUR<\/strong> jako sekret\u00e1\u0159sk\u00fd poplatek.<\/li><\/ol>\t\t\t\t\t\t\t\t<\/div>\n\t\t\t\t<\/div>\n\t\t\t\t\t<\/div>\n\t\t\t\t<\/div>\n\t\t\t\t<\/div>\n\t\t","protected":false},"excerpt":{"rendered":"<p>rezerva\u010dn\u00ed podm\u00ednky h\u0159i\u0161t\u011b V hlavn\u00ed sez\u00f3n\u011b jsou p\u0159ij\u00edm\u00e1ny rezervace na minim\u00e1ln\u00ed dobu 7 dn\u00ed a je nutn\u00e9 p\u0159ijet a odjet ve st\u0159edu, v sobotu a v ned\u011bli; proto nejsou p\u0159ij\u00edm\u00e1ny rezervace s odjezdem nebo p\u0159\u00edjezdem v pond\u011bl\u00ed, \u00fater\u00fd, \u010dtvrtek a p\u00e1tek. Ve zb\u00fdvaj\u00edc\u00edch obdob\u00edch mimo sez\u00f3nu a uprost\u0159ed sez\u00f3ny jsou p\u0159ij\u00edm\u00e1ny rezervace na minim\u00e1ln\u011b 4 [&hellip;]<\/p>\n","protected":false},"author":1,"featured_media":0,"parent":3704,"menu_order":0,"comment_status":"closed","ping_status":"closed","template":"elementor_header_footer","meta":{"footnotes":""},"class_list":["post-3626","page","type-page","status-publish","hentry"],"_links":{"self":[{"href":"https:\/\/www.campingalporto.it\/cs\/wp-json\/wp\/v2\/pages\/3626","targetHints":{"allow":["GET"]}}],"collection":[{"href":"https:\/\/www.campingalporto.it\/cs\/wp-json\/wp\/v2\/pages"}],"about":[{"href":"https:\/\/www.campingalporto.it\/cs\/wp-json\/wp\/v2\/types\/page"}],"author":[{"embeddable":true,"href":"https:\/\/www.campingalporto.it\/cs\/wp-json\/wp\/v2\/users\/1"}],"replies":[{"embeddable":true,"href":"https:\/\/www.campingalporto.it\/cs\/wp-json\/wp\/v2\/comments?post=3626"}],"version-history":[{"count":5,"href":"https:\/\/www.campingalporto.it\/cs\/wp-json\/wp\/v2\/pages\/3626\/revisions"}],"predecessor-version":[{"id":25134,"href":"https:\/\/www.campingalporto.it\/cs\/wp-json\/wp\/v2\/pages\/3626\/revisions\/25134"}],"up":[{"embeddable":true,"href":"https:\/\/www.campingalporto.it\/cs\/wp-json\/wp\/v2\/pages\/3704"}],"wp:attachment":[{"href":"https:\/\/www.campingalporto.it\/cs\/wp-json\/wp\/v2\/media?parent=3626"}],"curies":[{"name":"wp","href":"https:\/\/api.w.org\/{rel}","templated":true}]}}