{"id":3716,"date":"2025-01-16T11:41:33","date_gmt":"2025-01-16T10:41:33","guid":{"rendered":"https:\/\/campingalporto.it\/prestavba\/"},"modified":"2025-04-30T11:51:11","modified_gmt":"2025-04-30T09:51:11","slug":"prestavba","status":"publish","type":"page","link":"https:\/\/www.campingalporto.it\/cs\/kemp\/prestavba\/","title":{"rendered":"P\u0159estavba"},"content":{"rendered":"\t\t<div data-elementor-type=\"wp-page\" data-elementor-id=\"3716\" class=\"elementor elementor-3716 elementor-296\" data-elementor-post-type=\"page\">\n\t\t\t\t<div class=\"elementor-element elementor-element-c9a63a2 hero-section e-flex e-con-boxed e-con e-parent\" data-id=\"c9a63a2\" data-element_type=\"container\" data-settings=\"{&quot;background_background&quot;:&quot;classic&quot;,&quot;jet_parallax_layout_list&quot;:[]}\">\n\t\t\t\t\t<div class=\"e-con-inner\">\n\t\t\t\t\t<\/div>\n\t\t\t\t<\/div>\n\t\t<div class=\"elementor-element elementor-element-2ebda77 e-flex e-con-boxed e-con e-parent\" data-id=\"2ebda77\" data-element_type=\"container\" data-settings=\"{&quot;jet_parallax_layout_list&quot;:[]}\">\n\t\t\t\t\t<div class=\"e-con-inner\">\n\t\t\t\t<div class=\"elementor-element elementor-element-bb55279 elementor-widget elementor-widget-template\" data-id=\"bb55279\" data-element_type=\"widget\" data-widget_type=\"template.default\">\n\t\t\t\t<div class=\"elementor-widget-container\">\n\t\t\t\t\t\t\t<div class=\"elementor-template\">\n\t\t\t\t\t<div data-elementor-type=\"container\" data-elementor-id=\"3765\" class=\"elementor elementor-3765 elementor-321\" data-elementor-post-type=\"elementor_library\">\n\t\t\t\t<div class=\"elementor-element elementor-element-3bcc4615 e-flex e-con-boxed e-con e-parent\" data-id=\"3bcc4615\" data-element_type=\"container\" data-settings=\"{&quot;background_background&quot;:&quot;classic&quot;,&quot;jet_parallax_layout_list&quot;:[]}\">\n\t\t\t\t\t<div class=\"e-con-inner\">\n\t\t\t\t<div class=\"elementor-element elementor-element-261f5a8f menu-special elementor-widget elementor-widget-heading\" data-id=\"261f5a8f\" data-element_type=\"widget\" data-widget_type=\"heading.default\">\n\t\t\t\t<div class=\"elementor-widget-container\">\n\t\t\t\t\t<h2 class=\"elementor-heading-title elementor-size-default\"><a href=\"https:\/\/www.campingalporto.it\/il-camping\/\">Kemp<\/a><\/h2>\t\t\t\t<\/div>\n\t\t\t\t<\/div>\n\t\t\t\t<div class=\"elementor-element elementor-element-36c0f7fe elementor-nav-menu--dropdown-mobile elementor-nav-menu__text-align-center elementor-widget elementor-widget-nav-menu\" data-id=\"36c0f7fe\" data-element_type=\"widget\" data-settings=\"{&quot;layout&quot;:&quot;horizontal&quot;,&quot;submenu_icon&quot;:{&quot;value&quot;:&quot;&lt;svg aria-hidden=\\&quot;true\\&quot; class=\\&quot;e-font-icon-svg e-fas-caret-down\\&quot; viewBox=\\&quot;0 0 320 512\\&quot; xmlns=\\&quot;http:\\\/\\\/www.w3.org\\\/2000\\\/svg\\&quot;&gt;&lt;path d=\\&quot;M31.3 192h257.3c17.8 0 26.7 21.5 14.1 34.1L174.1 354.8c-7.8 7.8-20.5 7.8-28.3 0L17.2 226.1C4.6 213.5 13.5 192 31.3 192z\\&quot;&gt;&lt;\\\/path&gt;&lt;\\\/svg&gt;&quot;,&quot;library&quot;:&quot;fa-solid&quot;}}\" data-widget_type=\"nav-menu.default\">\n\t\t\t\t<div class=\"elementor-widget-container\">\n\t\t\t\t\t\t\t\t<nav aria-label=\"Menu\" class=\"elementor-nav-menu--main elementor-nav-menu__container elementor-nav-menu--layout-horizontal e--pointer-none\">\n\t\t\t\t<ul id=\"menu-1-36c0f7fe\" class=\"elementor-nav-menu\"><li class=\"menu-item menu-item-type-post_type menu-item-object-page menu-item-307\"><a href=\"https:\/\/www.campingalporto.it\/il-camping\/riqualificazione\/\" class=\"elementor-item\">P\u0159estavba<\/a><\/li>\n<li class=\"menu-item menu-item-type-post_type menu-item-object-page menu-item-306\"><a href=\"https:\/\/www.campingalporto.it\/il-camping\/bistrot\/\" class=\"elementor-item\">Bistrot<\/a><\/li>\n<li class=\"menu-item menu-item-type-post_type menu-item-object-page menu-item-305\"><a href=\"https:\/\/www.campingalporto.it\/il-camping\/come-alloggiare\/\" class=\"elementor-item\">Jak z\u016fstat<\/a><\/li>\n<li class=\"menu-item menu-item-type-post_type menu-item-object-page menu-item-304\"><a href=\"https:\/\/www.campingalporto.it\/il-camping\/servizi\/\" class=\"elementor-item\">Slu\u017eby<\/a><\/li>\n<\/ul>\t\t\t<\/nav>\n\t\t\t\t\t\t<nav class=\"elementor-nav-menu--dropdown elementor-nav-menu__container\" aria-hidden=\"true\">\n\t\t\t\t<ul id=\"menu-2-36c0f7fe\" class=\"elementor-nav-menu\"><li class=\"menu-item menu-item-type-post_type menu-item-object-page menu-item-307\"><a href=\"https:\/\/www.campingalporto.it\/il-camping\/riqualificazione\/\" class=\"elementor-item\" tabindex=\"-1\">P\u0159estavba<\/a><\/li>\n<li class=\"menu-item menu-item-type-post_type menu-item-object-page menu-item-306\"><a href=\"https:\/\/www.campingalporto.it\/il-camping\/bistrot\/\" class=\"elementor-item\" tabindex=\"-1\">Bistrot<\/a><\/li>\n<li class=\"menu-item menu-item-type-post_type menu-item-object-page menu-item-305\"><a href=\"https:\/\/www.campingalporto.it\/il-camping\/come-alloggiare\/\" class=\"elementor-item\" tabindex=\"-1\">Jak z\u016fstat<\/a><\/li>\n<li class=\"menu-item menu-item-type-post_type menu-item-object-page menu-item-304\"><a href=\"https:\/\/www.campingalporto.it\/il-camping\/servizi\/\" class=\"elementor-item\" tabindex=\"-1\">Slu\u017eby<\/a><\/li>\n<\/ul>\t\t\t<\/nav>\n\t\t\t\t\t\t<\/div>\n\t\t\t\t<\/div>\n\t\t\t\t\t<\/div>\n\t\t\t\t<\/div>\n\t\t\t\t<\/div>\n\t\t\t\t<\/div>\n\t\t\t\t\t\t<\/div>\n\t\t\t\t<\/div>\n\t\t\t\t\t<\/div>\n\t\t\t\t<\/div>\n\t\t<div class=\"elementor-element elementor-element-2d3aa53 e-flex e-con-boxed e-con e-parent\" data-id=\"2d3aa53\" data-element_type=\"container\" data-settings=\"{&quot;jet_parallax_layout_list&quot;:[]}\">\n\t\t\t\t\t<div class=\"e-con-inner\">\n\t\t<div class=\"elementor-element elementor-element-b7e67f2 e-con-full e-flex e-con e-child\" data-id=\"b7e67f2\" data-element_type=\"container\" data-settings=\"{&quot;jet_parallax_layout_list&quot;:[]}\">\n\t\t\t\t<div class=\"elementor-element elementor-element-58435d8 elementor-widget elementor-widget-heading\" data-id=\"58435d8\" data-element_type=\"widget\" data-widget_type=\"heading.default\">\n\t\t\t\t<div class=\"elementor-widget-container\">\n\t\t\t\t\t<h2 class=\"elementor-heading-title elementor-size-default\">aktualizace<\/h2>\t\t\t\t<\/div>\n\t\t\t\t<\/div>\n\t\t\t\t<div class=\"elementor-element elementor-element-b7c02ab elementor-widget elementor-widget-heading\" data-id=\"b7c02ab\" data-element_type=\"widget\" data-widget_type=\"heading.default\">\n\t\t\t\t<div class=\"elementor-widget-container\">\n\t\t\t\t\t<h2 class=\"elementor-heading-title elementor-size-default\">Camping al Porto<\/h2>\t\t\t\t<\/div>\n\t\t\t\t<\/div>\n\t\t\t\t<div class=\"elementor-element elementor-element-9c5146e elementor-widget elementor-widget-text-editor\" data-id=\"9c5146e\" data-element_type=\"widget\" data-widget_type=\"text-editor.default\">\n\t\t\t\t<div class=\"elementor-widget-container\">\n\t\t\t\t\t\t\t\t\t<p>Camping al porto di Torbole pro sez\u00f3nu 2017 dokon\u010duje sv\u016fj pl\u00e1n <strong>p\u0159estavby<\/strong>, tak\u017ee se cel\u00e9 za\u0159\u00edzen\u00ed po n\u011bkolikalet\u00e9m pl\u00e1nu z\u00e1sah\u016f p\u0159edstavuje zcela obnoven\u00e9.<br>Zm\u011bny kategorie na <strong>t\u0159\u00edhv\u011bzdi\u010dkovou<\/strong> nebylo dosa\u017eeno pouh\u00fdm dopln\u011bn\u00edm st\u00e1vaj\u00edc\u00edch slu\u017eeb, ale<strong> celkovou rekonstrukc\u00ed za\u0159\u00edzen\u00ed<\/strong>.<\/p>\t\t\t\t\t\t\t\t<\/div>\n\t\t\t\t<\/div>\n\t\t\t\t<\/div>\n\t\t\t\t<div class=\"elementor-element elementor-element-750f46b elementor-widget-mobile__width-inherit elementor-widget elementor-widget-image\" data-id=\"750f46b\" data-element_type=\"widget\" data-widget_type=\"image.default\">\n\t\t\t\t<div class=\"elementor-widget-container\">\n\t\t\t\t\t\t\t\t\t\t\t\t\t\t\t<img fetchpriority=\"high\" decoding=\"async\" width=\"1730\" height=\"1568\" src=\"https:\/\/www.campingalporto.it\/wp-content\/uploads\/2025\/02\/riqualificazione-immagine1.png\" class=\"attachment-full size-full wp-image-3308\" alt=\"\" srcset=\"https:\/\/www.campingalporto.it\/wp-content\/uploads\/2025\/02\/riqualificazione-immagine1.png 1730w, https:\/\/www.campingalporto.it\/wp-content\/uploads\/2025\/02\/riqualificazione-immagine1-300x272.png 300w, https:\/\/www.campingalporto.it\/wp-content\/uploads\/2025\/02\/riqualificazione-immagine1-1024x928.png 1024w, https:\/\/www.campingalporto.it\/wp-content\/uploads\/2025\/02\/riqualificazione-immagine1-768x696.png 768w, https:\/\/www.campingalporto.it\/wp-content\/uploads\/2025\/02\/riqualificazione-immagine1-1536x1392.png 1536w\" sizes=\"(max-width: 1730px) 100vw, 1730px\" \/>\t\t\t\t\t\t\t\t\t\t\t\t\t\t\t<\/div>\n\t\t\t\t<\/div>\n\t\t\t\t\t<\/div>\n\t\t\t\t<\/div>\n\t\t<div class=\"elementor-element elementor-element-0c94a61 e-flex e-con-boxed e-con e-parent\" data-id=\"0c94a61\" data-element_type=\"container\" data-settings=\"{&quot;background_background&quot;:&quot;classic&quot;,&quot;jet_parallax_layout_list&quot;:[]}\">\n\t\t\t\t\t<div class=\"e-con-inner\">\n\t\t\t\t<div class=\"elementor-element elementor-element-7efdb80 elementor-widget__width-initial elementor-widget-tablet__width-inherit elementor-widget elementor-widget-heading\" data-id=\"7efdb80\" data-element_type=\"widget\" data-widget_type=\"heading.default\">\n\t\t\t\t<div class=\"elementor-widget-container\">\n\t\t\t\t\t<h2 class=\"elementor-heading-title elementor-size-default\">Comfort a obnoven\u00e9 slu\u017eby pro v\u0161echny<\/h2>\t\t\t\t<\/div>\n\t\t\t\t<\/div>\n\t\t\t\t<div class=\"elementor-element elementor-element-c7c6dd6 elementor-widget__width-inherit elementor-widget elementor-widget-text-editor\" data-id=\"c7c6dd6\" data-element_type=\"widget\" data-widget_type=\"text-editor.default\">\n\t\t\t\t<div class=\"elementor-widget-container\">\n\t\t\t\t\t\t\t\t\t<p>Nov\u00e1 soci\u00e1ln\u00ed za\u0159\u00edzen\u00ed jsou po\u010detn\u011bj\u0161\u00ed, v\u011bt\u0161\u00ed a navr\u017een\u00e1 tak, aby host\u016fm umo\u017e\u0148ovala v\u00edce soukrom\u00ed a z\u00e1rove\u0148 zaru\u010dovala maxim\u00e1ln\u00ed hygienu. V tomto projektu je v\u011bnov\u00e1na velk\u00e1 pozornost d\u011btem v\u0161ech v\u011bkov\u00fdch kategori\u00ed, od kojenc\u016f, pro kter\u00e9 je k dispozici d\u011btsk\u00fd pokoj pro jejich p\u00e9\u010di a \u010distotu, a\u017e po d\u011bti od 2 do 14 let, pro kter\u00e9 jsou vyhrazeny toalety ve speci\u00e1ln\u00edm prostoru. &#8222;V\u00fdkladn\u00ed sk\u0159\u00edn\u00ed z\u00e1zrak\u016f&#8220; je herna pro nejmen\u0161\u00ed, kde se ve sv\u011btl\u00e9m, dob\u0159e chr\u00e1n\u011bn\u00e9m prostoru mohou zabavit, i kdy\u017e je venku nep\u0159\u00edzniv\u00e9 po\u010das\u00ed. V nov\u00e9 budov\u011b jsou v prostorn\u00e9 podloub\u00ed, chr\u00e1n\u011bn\u00e9 p\u0159ed sluncem i de\u0161t\u011bm, z\u0159\u00edzeny volno\u010dasov\u00e9 hry, jako je stoln\u00ed tenis, stoln\u00ed fotbal (Kicker) atd.   <\/p><p>Pro ty, kte\u0159\u00ed se necht\u011bj\u00ed vzd\u00e1t atmosf\u00e9ry kempu, ale necht\u011bj\u00ed sd\u00edlet soci\u00e1ln\u00ed za\u0159\u00edzen\u00ed, jsou k dispozici soukrom\u00e9 koupelny s toaletou, bidetem, umyvadlem a sprchou, kter\u00e9 si m\u016f\u017eete pronajmout na celou dobu pobytu. V horn\u00edm pat\u0159e nov\u00e9 budovy se nach\u00e1z\u00ed velk\u00e9, dob\u0159e vybaven\u00e9 sol\u00e1rium s v\u00fdhledem na bar\/restauraci a baz\u00e9n. Vydatn\u00e9 sn\u00eddan\u011b a pe\u010divo najdete brzy r\u00e1no v na\u0161em baru\/restauraci a v dob\u011b ob\u011bda se pod\u00e1vaj\u00ed prav\u00e9 italsk\u00e9 pokrmy. Perlou na\u0161eho za\u0159\u00edzen\u00ed je vyh\u0159\u00edvan\u00fd baz\u00e9n chr\u00e1n\u011bn\u00fd p\u0159ed chladn\u00fdmi jarn\u00edmi nebo podzimn\u00edmi v\u011btry, kter\u00fd dok\u00e1\u017ee v obdob\u00ed, kdy je voda v jeze\u0159e p\u0159\u00edli\u0161 studen\u00e1 na koup\u00e1n\u00ed, zaru\u010dit p\u0159\u00edjemn\u00e9 m\u00edsto pro setk\u00e1v\u00e1n\u00ed dosp\u011bl\u00fdch i d\u011bt\u00ed.   <\/p><p>R\u00e1di bychom v\u00e1m tak\u00e9 p\u0159ipomn\u011bli, \u017ee si m\u016f\u017eete vybrat z \u0159ady r\u016fzn\u00fdch \u0159e\u0161en\u00ed pro kempov\u00e1n\u00ed. Po\u010d\u00ednaje ekologick\u00fdmi kempovac\u00edmi m\u00edsty pro nej\u010dist\u0161\u00ed t\u00e1born\u00edky, kter\u00e1 jsou ur\u010dena v\u00fdhradn\u011b pro stany a jsou p\u0159\u00edstupn\u00e1 pouze p\u011b\u0161ky, a\u017e po maxi kempovac\u00ed m\u00edsta s minim\u00e1ln\u00ed garantovanou plochou 90 metr\u016f \u010dtvere\u010dn\u00edch s p\u0159\u00edpojkou elekt\u0159iny 16 A a napojen\u00edm na pitnou vodu a odtok odpadn\u00edch vod. Z\u00e1v\u011brem bychom r\u00e1di dodali, \u017ee cel\u00e1 rekonstrukce kempu byla provedena za pou\u017eit\u00ed energeticky \u00fasporn\u00fdch a ekologick\u00fdch stavebn\u00edch technik a materi\u00e1l\u016f. Cel\u00e1 obslu\u017en\u00e1 budova byla postavena ze d\u0159eva (X-Lam), \u010d\u00edm\u017e vzniklo mimo\u0159\u00e1dn\u011b p\u0159\u00edjemn\u00e9 prost\u0159ed\u00ed a zvl\u00e1\u0161tn\u00ed pozornost byla v\u011bnov\u00e1na tepeln\u00e9 i zvukov\u00e9 izolaci.    <\/p>\t\t\t\t\t\t\t\t<\/div>\n\t\t\t\t<\/div>\n\t\t\t\t\t<\/div>\n\t\t\t\t<\/div>\n\t\t<div class=\"elementor-element elementor-element-076d381 e-flex e-con-boxed e-con e-parent\" data-id=\"076d381\" data-element_type=\"container\" data-settings=\"{&quot;jet_parallax_layout_list&quot;:[]}\">\n\t\t\t\t\t<div class=\"e-con-inner\">\n\t\t\t\t<div class=\"elementor-element elementor-element-d56438c elementor-widget-mobile__width-inherit elementor-widget elementor-widget-image\" data-id=\"d56438c\" data-element_type=\"widget\" data-widget_type=\"image.default\">\n\t\t\t\t<div class=\"elementor-widget-container\">\n\t\t\t\t\t\t\t\t\t\t\t\t\t\t\t<img decoding=\"async\" width=\"1730\" height=\"1568\" src=\"https:\/\/www.campingalporto.it\/wp-content\/uploads\/2025\/02\/riqualificazione-immagine2.png\" class=\"attachment-full size-full wp-image-3311\" alt=\"\" srcset=\"https:\/\/www.campingalporto.it\/wp-content\/uploads\/2025\/02\/riqualificazione-immagine2.png 1730w, https:\/\/www.campingalporto.it\/wp-content\/uploads\/2025\/02\/riqualificazione-immagine2-300x272.png 300w, https:\/\/www.campingalporto.it\/wp-content\/uploads\/2025\/02\/riqualificazione-immagine2-1024x928.png 1024w, https:\/\/www.campingalporto.it\/wp-content\/uploads\/2025\/02\/riqualificazione-immagine2-768x696.png 768w, https:\/\/www.campingalporto.it\/wp-content\/uploads\/2025\/02\/riqualificazione-immagine2-1536x1392.png 1536w\" sizes=\"(max-width: 1730px) 100vw, 1730px\" \/>\t\t\t\t\t\t\t\t\t\t\t\t\t\t\t<\/div>\n\t\t\t\t<\/div>\n\t\t<div class=\"elementor-element elementor-element-8a95bd4 e-con-full e-flex e-con e-child\" data-id=\"8a95bd4\" data-element_type=\"container\" data-settings=\"{&quot;jet_parallax_layout_list&quot;:[]}\">\n\t\t\t\t<div class=\"elementor-element elementor-element-c820908 elementor-widget elementor-widget-heading\" data-id=\"c820908\" data-element_type=\"widget\" data-widget_type=\"heading.default\">\n\t\t\t\t<div class=\"elementor-widget-container\">\n\t\t\t\t\t<h2 class=\"elementor-heading-title elementor-size-default\">camping al porto<\/h2>\t\t\t\t<\/div>\n\t\t\t\t<\/div>\n\t\t\t\t<div class=\"elementor-element elementor-element-88b5e1d elementor-widget elementor-widget-heading\" data-id=\"88b5e1d\" data-element_type=\"widget\" data-widget_type=\"heading.default\">\n\t\t\t\t<div class=\"elementor-widget-container\">\n\t\t\t\t\t<h2 class=\"elementor-heading-title elementor-size-default\">Pro\u010d si vybrat n\u00e1s\n<\/h2>\t\t\t\t<\/div>\n\t\t\t\t<\/div>\n\t\t\t\t<div class=\"elementor-element elementor-element-3aaf7cd elementor-widget elementor-widget-text-editor\" data-id=\"3aaf7cd\" data-element_type=\"widget\" data-widget_type=\"text-editor.default\">\n\t\t\t\t<div class=\"elementor-widget-container\">\n\t\t\t\t\t\t\t\t\tNa\u0161e snaha o p\u0159estavbu kempu je zam\u011b\u0159ena p\u0159edev\u0161\u00edm na zv\u00fd\u0161en\u00ed komfortu uprost\u0159ed sez\u00f3ny, kdy je jezero n\u00e1dhern\u00fdm m\u00edstem a umo\u017e\u0148uje mimo\u0159\u00e1dn\u00e9 mno\u017estv\u00ed aktivit, ale je\u0161t\u011b nen\u00ed dostate\u010dn\u011b tepl\u00e9 na koup\u00e1n\u00ed. Proto jsou na\u0161e slu\u017eby soust\u0159ed\u011bny na \u00fatuln\u00e9m m\u00edst\u011b chr\u00e1n\u011bn\u00e9m p\u0159ed siln\u00fdmi v\u011btry, kter\u00e9 nad Torbole vanou zejm\u00e9na na ja\u0159e a na podzim. \n\nMlad\u00e9 rodiny s d\u011btmi p\u0159ed\u0161koln\u00edho v\u011bku najdou v na\u0161em mal\u00e9m, ale dob\u0159e vybaven\u00e9m za\u0159\u00edzen\u00ed \u00fatuln\u00e9 prost\u0159ed\u00ed p\u0159izp\u016fsoben\u00e9 pot\u0159eb\u00e1m nejmen\u0161\u00edch, zejm\u00e9na v obdob\u00ed mimo \u0161koln\u00ed pr\u00e1zdniny, kv\u011bten, \u010derven z\u00e1\u0159\u00ed \u0159\u00edjen. Rezervaci doporu\u010dujeme v\u017edy i mimo sez\u00f3nu. Pro rezervaci je nutn\u00e9 vyplnit p\u0159\u00edslu\u0161n\u00fd formul\u00e1\u0159 p\u0159\u00edmo na na\u0161ich webov\u00fdch str\u00e1nk\u00e1ch <a class=\"custom-link\" href=\"http:\/\/www.campingalporto.it\" target=\"_blank\" rel=\"noopener\">www.campingalporto.it<\/a>.  \t\t\t\t\t\t\t\t<\/div>\n\t\t\t\t<\/div>\n\t\t\t\t<\/div>\n\t\t\t\t\t<\/div>\n\t\t\t\t<\/div>\n\t\t<div class=\"elementor-element elementor-element-0bb8c92 e-flex e-con-boxed e-con e-parent\" data-id=\"0bb8c92\" data-element_type=\"container\" data-settings=\"{&quot;jet_parallax_layout_list&quot;:[]}\">\n\t\t\t\t\t<div class=\"e-con-inner\">\n\t\t\t\t<div class=\"elementor-element elementor-element-353ced9 elementor-widget elementor-widget-gallery\" data-id=\"353ced9\" data-element_type=\"widget\" data-settings=\"{&quot;columns&quot;:5,&quot;aspect_ratio&quot;:&quot;1:1&quot;,&quot;lazyload&quot;:&quot;yes&quot;,&quot;gallery_layout&quot;:&quot;grid&quot;,&quot;columns_tablet&quot;:2,&quot;columns_mobile&quot;:1,&quot;gap&quot;:{&quot;unit&quot;:&quot;px&quot;,&quot;size&quot;:10,&quot;sizes&quot;:[]},&quot;gap_tablet_extra&quot;:{&quot;unit&quot;:&quot;px&quot;,&quot;size&quot;:10,&quot;sizes&quot;:[]},&quot;gap_tablet&quot;:{&quot;unit&quot;:&quot;px&quot;,&quot;size&quot;:10,&quot;sizes&quot;:[]},&quot;gap_mobile&quot;:{&quot;unit&quot;:&quot;px&quot;,&quot;size&quot;:10,&quot;sizes&quot;:[]},&quot;link_to&quot;:&quot;file&quot;,&quot;overlay_background&quot;:&quot;yes&quot;,&quot;content_hover_animation&quot;:&quot;fade-in&quot;}\" data-widget_type=\"gallery.default\">\n\t\t\t\t<div class=\"elementor-widget-container\">\n\t\t\t\t\t\t\t<div class=\"elementor-gallery__container\">\n\t\t\t\t\t\t\t<a class=\"e-gallery-item elementor-gallery-item elementor-animated-content\" href=\"https:\/\/www.campingalporto.it\/wp-content\/uploads\/2025\/02\/prezzi-hero.jpg\" data-elementor-open-lightbox=\"yes\" data-elementor-lightbox-slideshow=\"353ced9\" data-e-action-hash=\"#elementor-action%3Aaction%3Dlightbox%26settings%3DeyJpZCI6MTcxMiwidXJsIjoiaHR0cHM6XC9cL3d3dy5jYW1waW5nYWxwb3J0by5pdFwvd3AtY29udGVudFwvdXBsb2Fkc1wvMjAyNVwvMDJcL3ByZXp6aS1oZXJvLmpwZyIsInNsaWRlc2hvdyI6IjM1M2NlZDkifQ%3D%3D\">\n\t\t\t\t\t<div class=\"e-gallery-image elementor-gallery-item__image\" data-thumbnail=\"https:\/\/www.campingalporto.it\/wp-content\/uploads\/2025\/02\/prezzi-hero.jpg\" data-width=\"2500\" data-height=\"849\" aria-label=\"\" role=\"img\" ><\/div>\n\t\t\t\t\t\t\t\t\t\t\t<div class=\"elementor-gallery-item__overlay\"><\/div>\n\t\t\t\t\t\t\t\t\t\t\t\t\t\t<\/a>\n\t\t\t\t\t\t\t<a class=\"e-gallery-item elementor-gallery-item elementor-animated-content\" href=\"https:\/\/www.campingalporto.it\/wp-content\/uploads\/2025\/02\/piantina-hero.jpg\" data-elementor-open-lightbox=\"yes\" data-elementor-lightbox-slideshow=\"353ced9\" data-e-action-hash=\"#elementor-action%3Aaction%3Dlightbox%26settings%3DeyJpZCI6MTcwNSwidXJsIjoiaHR0cHM6XC9cL3d3dy5jYW1waW5nYWxwb3J0by5pdFwvd3AtY29udGVudFwvdXBsb2Fkc1wvMjAyNVwvMDJcL3BpYW50aW5hLWhlcm8uanBnIiwic2xpZGVzaG93IjoiMzUzY2VkOSJ9\">\n\t\t\t\t\t<div class=\"e-gallery-image elementor-gallery-item__image\" data-thumbnail=\"https:\/\/www.campingalporto.it\/wp-content\/uploads\/2025\/02\/piantina-hero.jpg\" data-width=\"2500\" data-height=\"1667\" aria-label=\"\" role=\"img\" ><\/div>\n\t\t\t\t\t\t\t\t\t\t\t<div class=\"elementor-gallery-item__overlay\"><\/div>\n\t\t\t\t\t\t\t\t\t\t\t\t\t\t<\/a>\n\t\t\t\t\t\t\t<a class=\"e-gallery-item elementor-gallery-item elementor-animated-content\" href=\"https:\/\/www.campingalporto.it\/wp-content\/uploads\/2025\/01\/faq-hero.jpg\" data-elementor-open-lightbox=\"yes\" data-elementor-lightbox-slideshow=\"353ced9\" data-e-action-hash=\"#elementor-action%3Aaction%3Dlightbox%26settings%3DeyJpZCI6MTQyNywidXJsIjoiaHR0cHM6XC9cL3d3dy5jYW1waW5nYWxwb3J0by5pdFwvd3AtY29udGVudFwvdXBsb2Fkc1wvMjAyNVwvMDFcL2ZhcS1oZXJvLmpwZyIsInNsaWRlc2hvdyI6IjM1M2NlZDkifQ%3D%3D\">\n\t\t\t\t\t<div class=\"e-gallery-image elementor-gallery-item__image\" data-thumbnail=\"https:\/\/www.campingalporto.it\/wp-content\/uploads\/2025\/01\/faq-hero.jpg\" data-width=\"2500\" data-height=\"1874\" aria-label=\"\" role=\"img\" ><\/div>\n\t\t\t\t\t\t\t\t\t\t\t<div class=\"elementor-gallery-item__overlay\"><\/div>\n\t\t\t\t\t\t\t\t\t\t\t\t\t\t<\/a>\n\t\t\t\t\t\t\t<a class=\"e-gallery-item elementor-gallery-item elementor-animated-content\" href=\"https:\/\/www.campingalporto.it\/wp-content\/uploads\/2025\/01\/contatti-hero.jpg\" data-elementor-open-lightbox=\"yes\" data-elementor-lightbox-slideshow=\"353ced9\" data-e-action-hash=\"#elementor-action%3Aaction%3Dlightbox%26settings%3DeyJpZCI6MTM5OCwidXJsIjoiaHR0cHM6XC9cL3d3dy5jYW1waW5nYWxwb3J0by5pdFwvd3AtY29udGVudFwvdXBsb2Fkc1wvMjAyNVwvMDFcL2NvbnRhdHRpLWhlcm8uanBnIiwic2xpZGVzaG93IjoiMzUzY2VkOSJ9\">\n\t\t\t\t\t<div class=\"e-gallery-image elementor-gallery-item__image\" data-thumbnail=\"https:\/\/www.campingalporto.it\/wp-content\/uploads\/2025\/01\/contatti-hero.jpg\" data-width=\"2500\" data-height=\"1874\" aria-label=\"\" role=\"img\" ><\/div>\n\t\t\t\t\t\t\t\t\t\t\t<div class=\"elementor-gallery-item__overlay\"><\/div>\n\t\t\t\t\t\t\t\t\t\t\t\t\t\t<\/a>\n\t\t\t\t\t\t\t<a class=\"e-gallery-item elementor-gallery-item elementor-animated-content\" href=\"https:\/\/www.campingalporto.it\/wp-content\/uploads\/2025\/01\/MG_5461-116-8-2.jpg\" data-elementor-open-lightbox=\"yes\" data-elementor-lightbox-slideshow=\"353ced9\" data-e-action-hash=\"#elementor-action%3Aaction%3Dlightbox%26settings%3DeyJpZCI6NDM5LCJ1cmwiOiJodHRwczpcL1wvd3d3LmNhbXBpbmdhbHBvcnRvLml0XC93cC1jb250ZW50XC91cGxvYWRzXC8yMDI1XC8wMVwvTUdfNTQ2MS0xMTYtOC0yLmpwZyIsInNsaWRlc2hvdyI6IjM1M2NlZDkifQ%3D%3D\">\n\t\t\t\t\t<div class=\"e-gallery-image elementor-gallery-item__image\" data-thumbnail=\"https:\/\/www.campingalporto.it\/wp-content\/uploads\/2025\/01\/MG_5461-116-8-2.jpg\" data-width=\"2500\" data-height=\"1648\" aria-label=\"\" role=\"img\" ><\/div>\n\t\t\t\t\t\t\t\t\t\t\t<div class=\"elementor-gallery-item__overlay\"><\/div>\n\t\t\t\t\t\t\t\t\t\t\t\t\t\t<\/a>\n\t\t\t\t\t<\/div>\n\t\t\t\t\t<\/div>\n\t\t\t\t<\/div>\n\t\t\t\t\t<\/div>\n\t\t\t\t<\/div>\n\t\t\t\t<\/div>\n\t\t","protected":false},"excerpt":{"rendered":"<p>aktualizace Camping al Porto Camping al porto di Torbole pro sez\u00f3nu 2017 dokon\u010duje sv\u016fj pl\u00e1n p\u0159estavby, tak\u017ee se cel\u00e9 za\u0159\u00edzen\u00ed po n\u011bkolikalet\u00e9m pl\u00e1nu z\u00e1sah\u016f p\u0159edstavuje zcela obnoven\u00e9.Zm\u011bny kategorie na t\u0159\u00edhv\u011bzdi\u010dkovou nebylo dosa\u017eeno pouh\u00fdm dopln\u011bn\u00edm st\u00e1vaj\u00edc\u00edch slu\u017eeb, ale celkovou rekonstrukc\u00ed za\u0159\u00edzen\u00ed. Comfort a obnoven\u00e9 slu\u017eby pro v\u0161echny Nov\u00e1 soci\u00e1ln\u00ed za\u0159\u00edzen\u00ed jsou po\u010detn\u011bj\u0161\u00ed, v\u011bt\u0161\u00ed a navr\u017een\u00e1 tak, [&hellip;]<\/p>\n","protected":false},"author":1,"featured_media":0,"parent":3838,"menu_order":0,"comment_status":"closed","ping_status":"closed","template":"","meta":{"footnotes":""},"class_list":["post-3716","page","type-page","status-publish","hentry"],"_links":{"self":[{"href":"https:\/\/www.campingalporto.it\/cs\/wp-json\/wp\/v2\/pages\/3716","targetHints":{"allow":["GET"]}}],"collection":[{"href":"https:\/\/www.campingalporto.it\/cs\/wp-json\/wp\/v2\/pages"}],"about":[{"href":"https:\/\/www.campingalporto.it\/cs\/wp-json\/wp\/v2\/types\/page"}],"author":[{"embeddable":true,"href":"https:\/\/www.campingalporto.it\/cs\/wp-json\/wp\/v2\/users\/1"}],"replies":[{"embeddable":true,"href":"https:\/\/www.campingalporto.it\/cs\/wp-json\/wp\/v2\/comments?post=3716"}],"version-history":[{"count":4,"href":"https:\/\/www.campingalporto.it\/cs\/wp-json\/wp\/v2\/pages\/3716\/revisions"}],"predecessor-version":[{"id":4645,"href":"https:\/\/www.campingalporto.it\/cs\/wp-json\/wp\/v2\/pages\/3716\/revisions\/4645"}],"up":[{"embeddable":true,"href":"https:\/\/www.campingalporto.it\/cs\/wp-json\/wp\/v2\/pages\/3838"}],"wp:attachment":[{"href":"https:\/\/www.campingalporto.it\/cs\/wp-json\/wp\/v2\/media?parent=3716"}],"curies":[{"name":"wp","href":"https:\/\/api.w.org\/{rel}","templated":true}]}}