{"id":3810,"date":"2025-01-15T13:00:53","date_gmt":"2025-01-15T12:00:53","guid":{"rendered":"https:\/\/campingalporto.it\/uzemi\/"},"modified":"2025-04-30T11:51:41","modified_gmt":"2025-04-30T09:51:41","slug":"uzemi","status":"publish","type":"page","link":"https:\/\/www.campingalporto.it\/cs\/uzemi\/","title":{"rendered":"\u00dazem\u00ed"},"content":{"rendered":"\t\t<div data-elementor-type=\"wp-page\" data-elementor-id=\"3810\" class=\"elementor elementor-3810 elementor-104\" data-elementor-post-type=\"page\">\n\t\t\t\t<div class=\"elementor-element elementor-element-fb6a67c hero-section e-flex e-con-boxed e-con e-parent\" data-id=\"fb6a67c\" data-element_type=\"container\" data-settings=\"{&quot;background_background&quot;:&quot;classic&quot;,&quot;jet_parallax_layout_list&quot;:[]}\">\n\t\t\t\t\t<div class=\"e-con-inner\">\n\t\t\t\t\t<\/div>\n\t\t\t\t<\/div>\n\t\t<div class=\"elementor-element elementor-element-5021af1 e-flex e-con-boxed e-con e-parent\" data-id=\"5021af1\" data-element_type=\"container\" data-settings=\"{&quot;jet_parallax_layout_list&quot;:[]}\">\n\t\t\t\t\t<div class=\"e-con-inner\">\n\t\t\t\t<div class=\"elementor-element elementor-element-61eb4db elementor-widget elementor-widget-template\" data-id=\"61eb4db\" data-element_type=\"widget\" data-widget_type=\"template.default\">\n\t\t\t\t<div class=\"elementor-widget-container\">\n\t\t\t\t\t\t\t<div class=\"elementor-template\">\n\t\t\t\t\t<div data-elementor-type=\"container\" data-elementor-id=\"3801\" class=\"elementor elementor-3801 elementor-1221\" data-elementor-post-type=\"elementor_library\">\n\t\t\t\t<div class=\"elementor-element elementor-element-dea2192 e-flex e-con-boxed e-con e-parent\" data-id=\"dea2192\" data-element_type=\"container\" data-settings=\"{&quot;background_background&quot;:&quot;classic&quot;,&quot;jet_parallax_layout_list&quot;:[]}\">\n\t\t\t\t\t<div class=\"e-con-inner\">\n\t\t\t\t<div class=\"elementor-element elementor-element-3678ebd menu-special elementor-widget elementor-widget-heading\" data-id=\"3678ebd\" data-element_type=\"widget\" data-widget_type=\"heading.default\">\n\t\t\t\t<div class=\"elementor-widget-container\">\n\t\t\t\t\t<h2 class=\"elementor-heading-title elementor-size-default\"><a href=\"https:\/\/www.campingalporto.it\/territorio\/\">\u00fazem\u00ed<\/a><\/h2>\t\t\t\t<\/div>\n\t\t\t\t<\/div>\n\t\t\t\t<div class=\"elementor-element elementor-element-e446741 elementor-nav-menu--dropdown-mobile elementor-nav-menu__text-align-center elementor-widget elementor-widget-nav-menu\" data-id=\"e446741\" data-element_type=\"widget\" data-settings=\"{&quot;layout&quot;:&quot;horizontal&quot;,&quot;submenu_icon&quot;:{&quot;value&quot;:&quot;&lt;svg aria-hidden=\\&quot;true\\&quot; class=\\&quot;e-font-icon-svg e-fas-caret-down\\&quot; viewBox=\\&quot;0 0 320 512\\&quot; xmlns=\\&quot;http:\\\/\\\/www.w3.org\\\/2000\\\/svg\\&quot;&gt;&lt;path d=\\&quot;M31.3 192h257.3c17.8 0 26.7 21.5 14.1 34.1L174.1 354.8c-7.8 7.8-20.5 7.8-28.3 0L17.2 226.1C4.6 213.5 13.5 192 31.3 192z\\&quot;&gt;&lt;\\\/path&gt;&lt;\\\/svg&gt;&quot;,&quot;library&quot;:&quot;fa-solid&quot;}}\" data-widget_type=\"nav-menu.default\">\n\t\t\t\t<div class=\"elementor-widget-container\">\n\t\t\t\t\t\t\t\t<nav aria-label=\"Menu\" class=\"elementor-nav-menu--main elementor-nav-menu__container elementor-nav-menu--layout-horizontal e--pointer-none\">\n\t\t\t\t<ul id=\"menu-1-e446741\" class=\"elementor-nav-menu\"><li class=\"menu-item menu-item-type-post_type menu-item-object-page menu-item-1220\"><a href=\"https:\/\/www.campingalporto.it\/territorio\/azienda-agricola\/\" class=\"elementor-item\">Farma<\/a><\/li>\n<\/ul>\t\t\t<\/nav>\n\t\t\t\t\t\t<nav class=\"elementor-nav-menu--dropdown elementor-nav-menu__container\" aria-hidden=\"true\">\n\t\t\t\t<ul id=\"menu-2-e446741\" class=\"elementor-nav-menu\"><li class=\"menu-item menu-item-type-post_type menu-item-object-page menu-item-1220\"><a href=\"https:\/\/www.campingalporto.it\/territorio\/azienda-agricola\/\" class=\"elementor-item\" tabindex=\"-1\">Farma<\/a><\/li>\n<\/ul>\t\t\t<\/nav>\n\t\t\t\t\t\t<\/div>\n\t\t\t\t<\/div>\n\t\t\t\t\t<\/div>\n\t\t\t\t<\/div>\n\t\t\t\t<\/div>\n\t\t\t\t<\/div>\n\t\t\t\t\t\t<\/div>\n\t\t\t\t<\/div>\n\t\t\t\t\t<\/div>\n\t\t\t\t<\/div>\n\t\t<div class=\"elementor-element elementor-element-c61d4e7 e-flex e-con-boxed e-con e-parent\" data-id=\"c61d4e7\" data-element_type=\"container\" data-settings=\"{&quot;jet_parallax_layout_list&quot;:[]}\">\n\t\t\t\t\t<div class=\"e-con-inner\">\n\t\t<div class=\"elementor-element elementor-element-17d2a04 e-con-full e-flex elementor-invisible e-con e-child\" data-id=\"17d2a04\" data-element_type=\"container\" data-settings=\"{&quot;animation&quot;:&quot;fadeInLeft&quot;,&quot;jet_parallax_layout_list&quot;:[]}\">\n\t\t\t\t<div class=\"elementor-element elementor-element-c0f0802 elementor-widget elementor-widget-heading\" data-id=\"c0f0802\" data-element_type=\"widget\" data-widget_type=\"heading.default\">\n\t\t\t\t<div class=\"elementor-widget-container\">\n\t\t\t\t\t<h2 class=\"elementor-heading-title elementor-size-default\">\u00fazem\u00ed<\/h2>\t\t\t\t<\/div>\n\t\t\t\t<\/div>\n\t\t\t\t<div class=\"elementor-element elementor-element-2a3ef3f elementor-widget elementor-widget-heading\" data-id=\"2a3ef3f\" data-element_type=\"widget\" data-widget_type=\"heading.default\">\n\t\t\t\t<div class=\"elementor-widget-container\">\n\t\t\t\t\t<h2 class=\"elementor-heading-title elementor-size-default\">Torbole sul Garda<\/h2>\t\t\t\t<\/div>\n\t\t\t\t<\/div>\n\t\t\t\t<div class=\"elementor-element elementor-element-53b74b7 elementor-widget elementor-widget-text-editor\" data-id=\"53b74b7\" data-element_type=\"widget\" data-widget_type=\"text-editor.default\">\n\t\t\t\t<div class=\"elementor-widget-container\">\n\t\t\t\t\t\t\t\t\t<p><b>V\u00edtejte v r\u00e1ji sportovc\u016f.<\/b><\/p><p><b>D\u00edky zvl\u00e1\u0161tn\u00ed poloze Torbole v severn\u00ed \u010d\u00e1sti jezera Lago di Garda, mezi horou Monte Baldo na v\u00fdchod\u011b a \u0159\u00ed\u010dn\u00ed nivou Sarca na severu, se tato malebn\u00e1 vesnice stala obl\u00edben\u00fdm c\u00edlem sportovn\u00edch nad\u0161enc\u016f.<br><\/b><\/p><p>D\u00edky neust\u00e1l\u00fdm v\u011btr\u016fm, kter\u00e9 vanou p\u0159es tento \u00fasek jezera, se stalo<b> obl\u00edben\u00fdm tr\u00e9ninkov\u00fdm m\u00edstem pro milovn\u00edky placht\u011bn\u00ed<\/b>, tr\u00e9ninkov\u00fdm m\u00edstem pro nov\u00e9 discipl\u00edny a c\u00edlem sout\u011b\u017e\u00ed a regat sv\u011btov\u00e9 \u00farovn\u011b.<br>Vodn\u00ed sporty v\u0161ak nejsou zdaleka jedin\u00e9, kter\u00fdm se m\u016f\u017eete po p\u0159\u00edjezdu do t\u00e9to pokladnice p\u0159\u00edrodn\u00edch kr\u00e1s v\u011bnovat: hory nab\u00edzej\u00ed p\u0159\u00edle\u017eitosti pro okouzluj\u00edc\u00ed <b>p\u011b\u0161\u00ed turistiku<\/b> a horolezectv\u00ed a jsou zde <b>cyklostezky pro<\/b> v\u0161echny druhy v\u00fdlet\u016f, od silni\u010dn\u00edch kol p\u0159es \u0161otolinov\u00e1 kola a\u017e po nejextr\u00e9mn\u011bj\u0161\u00ed trasy pro horsk\u00e1 kola.<\/p>\t\t\t\t\t\t\t\t<\/div>\n\t\t\t\t<\/div>\n\t\t\t\t<\/div>\n\t\t\t\t<div class=\"elementor-element elementor-element-00748ef elementor-widget-mobile__width-inherit elementor-invisible elementor-widget elementor-widget-image\" data-id=\"00748ef\" data-element_type=\"widget\" data-settings=\"{&quot;_animation&quot;:&quot;fadeInRight&quot;}\" data-widget_type=\"image.default\">\n\t\t\t\t<div class=\"elementor-widget-container\">\n\t\t\t\t\t\t\t\t\t\t\t\t\t\t\t<img fetchpriority=\"high\" decoding=\"async\" width=\"1730\" height=\"1568\" src=\"https:\/\/www.campingalporto.it\/wp-content\/uploads\/2025\/02\/territorio-immagine.png\" class=\"attachment-full size-full wp-image-3296\" alt=\"\" srcset=\"https:\/\/www.campingalporto.it\/wp-content\/uploads\/2025\/02\/territorio-immagine.png 1730w, https:\/\/www.campingalporto.it\/wp-content\/uploads\/2025\/02\/territorio-immagine-300x272.png 300w, https:\/\/www.campingalporto.it\/wp-content\/uploads\/2025\/02\/territorio-immagine-1024x928.png 1024w, https:\/\/www.campingalporto.it\/wp-content\/uploads\/2025\/02\/territorio-immagine-768x696.png 768w, https:\/\/www.campingalporto.it\/wp-content\/uploads\/2025\/02\/territorio-immagine-1536x1392.png 1536w\" sizes=\"(max-width: 1730px) 100vw, 1730px\" \/>\t\t\t\t\t\t\t\t\t\t\t\t\t\t\t<\/div>\n\t\t\t\t<\/div>\n\t\t\t\t\t<\/div>\n\t\t\t\t<\/div>\n\t\t<div class=\"elementor-element elementor-element-50d0406 e-flex e-con-boxed e-con e-parent\" data-id=\"50d0406\" data-element_type=\"container\" data-settings=\"{&quot;jet_parallax_layout_list&quot;:[]}\">\n\t\t\t\t\t<div class=\"e-con-inner\">\n\t\t\t\t<div class=\"elementor-element elementor-element-223ff6b elementor-widget elementor-widget-gallery\" data-id=\"223ff6b\" data-element_type=\"widget\" data-settings=\"{&quot;columns&quot;:6,&quot;aspect_ratio&quot;:&quot;1:1&quot;,&quot;lazyload&quot;:&quot;yes&quot;,&quot;gallery_layout&quot;:&quot;grid&quot;,&quot;columns_tablet&quot;:2,&quot;columns_mobile&quot;:1,&quot;gap&quot;:{&quot;unit&quot;:&quot;px&quot;,&quot;size&quot;:10,&quot;sizes&quot;:[]},&quot;gap_tablet_extra&quot;:{&quot;unit&quot;:&quot;px&quot;,&quot;size&quot;:10,&quot;sizes&quot;:[]},&quot;gap_tablet&quot;:{&quot;unit&quot;:&quot;px&quot;,&quot;size&quot;:10,&quot;sizes&quot;:[]},&quot;gap_mobile&quot;:{&quot;unit&quot;:&quot;px&quot;,&quot;size&quot;:10,&quot;sizes&quot;:[]},&quot;link_to&quot;:&quot;file&quot;,&quot;overlay_background&quot;:&quot;yes&quot;,&quot;content_hover_animation&quot;:&quot;fade-in&quot;}\" data-widget_type=\"gallery.default\">\n\t\t\t\t<div class=\"elementor-widget-container\">\n\t\t\t\t\t\t\t<div class=\"elementor-gallery__container\">\n\t\t\t\t\t\t\t<a class=\"e-gallery-item elementor-gallery-item elementor-animated-content\" href=\"https:\/\/www.campingalporto.it\/wp-content\/uploads\/2025\/02\/38069_Torbole_TN_Italy_-_panoramio_47.jpg\" data-elementor-open-lightbox=\"yes\" data-elementor-lightbox-slideshow=\"223ff6b\" data-e-action-hash=\"#elementor-action%3Aaction%3Dlightbox%26settings%3DeyJpZCI6MTc1OSwidXJsIjoiaHR0cHM6XC9cL3d3dy5jYW1waW5nYWxwb3J0by5pdFwvd3AtY29udGVudFwvdXBsb2Fkc1wvMjAyNVwvMDJcLzM4MDY5X1RvcmJvbGVfVE5fSXRhbHlfLV9wYW5vcmFtaW9fNDcuanBnIiwic2xpZGVzaG93IjoiMjIzZmY2YiJ9\">\n\t\t\t\t\t<div class=\"e-gallery-image elementor-gallery-item__image\" data-thumbnail=\"https:\/\/www.campingalporto.it\/wp-content\/uploads\/2025\/02\/38069_Torbole_TN_Italy_-_panoramio_47.jpg\" data-width=\"2048\" data-height=\"1153\" aria-label=\"\" role=\"img\" ><\/div>\n\t\t\t\t\t\t\t\t\t\t\t<div class=\"elementor-gallery-item__overlay\"><\/div>\n\t\t\t\t\t\t\t\t\t\t\t\t\t\t<\/a>\n\t\t\t\t\t\t\t<a class=\"e-gallery-item elementor-gallery-item elementor-animated-content\" href=\"https:\/\/www.campingalporto.it\/wp-content\/uploads\/2025\/02\/11717552_858374434257554_5951777754187323739_o.jpg\" data-elementor-open-lightbox=\"yes\" data-elementor-lightbox-slideshow=\"223ff6b\" data-e-action-hash=\"#elementor-action%3Aaction%3Dlightbox%26settings%3DeyJpZCI6MTc2MCwidXJsIjoiaHR0cHM6XC9cL3d3dy5jYW1waW5nYWxwb3J0by5pdFwvd3AtY29udGVudFwvdXBsb2Fkc1wvMjAyNVwvMDJcLzExNzE3NTUyXzg1ODM3NDQzNDI1NzU1NF81OTUxNzc3NzU0MTg3MzIzNzM5X28uanBnIiwic2xpZGVzaG93IjoiMjIzZmY2YiJ9\">\n\t\t\t\t\t<div class=\"e-gallery-image elementor-gallery-item__image\" data-thumbnail=\"https:\/\/www.campingalporto.it\/wp-content\/uploads\/2025\/02\/11717552_858374434257554_5951777754187323739_o.jpg\" data-width=\"2048\" data-height=\"1367\" aria-label=\"\" role=\"img\" ><\/div>\n\t\t\t\t\t\t\t\t\t\t\t<div class=\"elementor-gallery-item__overlay\"><\/div>\n\t\t\t\t\t\t\t\t\t\t\t\t\t\t<\/a>\n\t\t\t\t\t\t\t<a class=\"e-gallery-item elementor-gallery-item elementor-animated-content\" href=\"https:\/\/www.campingalporto.it\/wp-content\/uploads\/2025\/02\/italy-1519318_1920.jpg\" data-elementor-open-lightbox=\"yes\" data-elementor-lightbox-slideshow=\"223ff6b\" data-e-action-hash=\"#elementor-action%3Aaction%3Dlightbox%26settings%3DeyJpZCI6MTc2MiwidXJsIjoiaHR0cHM6XC9cL3d3dy5jYW1waW5nYWxwb3J0by5pdFwvd3AtY29udGVudFwvdXBsb2Fkc1wvMjAyNVwvMDJcL2l0YWx5LTE1MTkzMThfMTkyMC5qcGciLCJzbGlkZXNob3ciOiIyMjNmZjZiIn0%3D\">\n\t\t\t\t\t<div class=\"e-gallery-image elementor-gallery-item__image\" data-thumbnail=\"https:\/\/www.campingalporto.it\/wp-content\/uploads\/2025\/02\/italy-1519318_1920.jpg\" data-width=\"1920\" data-height=\"1280\" aria-label=\"\" role=\"img\" ><\/div>\n\t\t\t\t\t\t\t\t\t\t\t<div class=\"elementor-gallery-item__overlay\"><\/div>\n\t\t\t\t\t\t\t\t\t\t\t\t\t\t<\/a>\n\t\t\t\t\t\t\t<a class=\"e-gallery-item elementor-gallery-item elementor-animated-content\" href=\"https:\/\/www.campingalporto.it\/wp-content\/uploads\/2025\/02\/MaxPixel.freegreatpicture.com-Italy-Dock-Boats-Port-Torbole-Boats-In-The-Harbor-1592765.jpg\" data-elementor-open-lightbox=\"yes\" data-elementor-lightbox-slideshow=\"223ff6b\" data-e-action-hash=\"#elementor-action%3Aaction%3Dlightbox%26settings%3DeyJpZCI6MTc2MywidXJsIjoiaHR0cHM6XC9cL3d3dy5jYW1waW5nYWxwb3J0by5pdFwvd3AtY29udGVudFwvdXBsb2Fkc1wvMjAyNVwvMDJcL01heFBpeGVsLmZyZWVncmVhdHBpY3R1cmUuY29tLUl0YWx5LURvY2stQm9hdHMtUG9ydC1Ub3Jib2xlLUJvYXRzLUluLVRoZS1IYXJib3ItMTU5Mjc2NS5qcGciLCJzbGlkZXNob3ciOiIyMjNmZjZiIn0%3D\">\n\t\t\t\t\t<div class=\"e-gallery-image elementor-gallery-item__image\" data-thumbnail=\"https:\/\/www.campingalporto.it\/wp-content\/uploads\/2025\/02\/MaxPixel.freegreatpicture.com-Italy-Dock-Boats-Port-Torbole-Boats-In-The-Harbor-1592765.jpg\" data-width=\"1920\" data-height=\"1280\" aria-label=\"\" role=\"img\" ><\/div>\n\t\t\t\t\t\t\t\t\t\t\t<div class=\"elementor-gallery-item__overlay\"><\/div>\n\t\t\t\t\t\t\t\t\t\t\t\t\t\t<\/a>\n\t\t\t\t\t\t\t<a class=\"e-gallery-item elementor-gallery-item elementor-animated-content\" href=\"https:\/\/www.campingalporto.it\/wp-content\/uploads\/2025\/02\/MaxPixel.freegreatpicture.com-Riva-Nature-Bank-Lake-Garda-Italy-Torbole-2548811.jpg\" data-elementor-open-lightbox=\"yes\" data-elementor-lightbox-slideshow=\"223ff6b\" data-e-action-hash=\"#elementor-action%3Aaction%3Dlightbox%26settings%3DeyJpZCI6MTc2NCwidXJsIjoiaHR0cHM6XC9cL3d3dy5jYW1waW5nYWxwb3J0by5pdFwvd3AtY29udGVudFwvdXBsb2Fkc1wvMjAyNVwvMDJcL01heFBpeGVsLmZyZWVncmVhdHBpY3R1cmUuY29tLVJpdmEtTmF0dXJlLUJhbmstTGFrZS1HYXJkYS1JdGFseS1Ub3Jib2xlLTI1NDg4MTEuanBnIiwic2xpZGVzaG93IjoiMjIzZmY2YiJ9\">\n\t\t\t\t\t<div class=\"e-gallery-image elementor-gallery-item__image\" data-thumbnail=\"https:\/\/www.campingalporto.it\/wp-content\/uploads\/2025\/02\/MaxPixel.freegreatpicture.com-Riva-Nature-Bank-Lake-Garda-Italy-Torbole-2548811.jpg\" data-width=\"1920\" data-height=\"1441\" aria-label=\"\" role=\"img\" ><\/div>\n\t\t\t\t\t\t\t\t\t\t\t<div class=\"elementor-gallery-item__overlay\"><\/div>\n\t\t\t\t\t\t\t\t\t\t\t\t\t\t<\/a>\n\t\t\t\t\t\t\t<a class=\"e-gallery-item elementor-gallery-item elementor-animated-content\" href=\"https:\/\/www.campingalporto.it\/wp-content\/uploads\/2025\/02\/panoramica-Torbole.jpg\" data-elementor-open-lightbox=\"yes\" data-elementor-lightbox-slideshow=\"223ff6b\" data-e-action-hash=\"#elementor-action%3Aaction%3Dlightbox%26settings%3DeyJpZCI6MTc2NSwidXJsIjoiaHR0cHM6XC9cL3d3dy5jYW1waW5nYWxwb3J0by5pdFwvd3AtY29udGVudFwvdXBsb2Fkc1wvMjAyNVwvMDJcL3Bhbm9yYW1pY2EtVG9yYm9sZS5qcGciLCJzbGlkZXNob3ciOiIyMjNmZjZiIn0%3D\">\n\t\t\t\t\t<div class=\"e-gallery-image elementor-gallery-item__image\" data-thumbnail=\"https:\/\/www.campingalporto.it\/wp-content\/uploads\/2025\/02\/panoramica-Torbole.jpg\" data-width=\"1638\" data-height=\"2048\" aria-label=\"\" role=\"img\" ><\/div>\n\t\t\t\t\t\t\t\t\t\t\t<div class=\"elementor-gallery-item__overlay\"><\/div>\n\t\t\t\t\t\t\t\t\t\t\t\t\t\t<\/a>\n\t\t\t\t\t<\/div>\n\t\t\t\t\t<\/div>\n\t\t\t\t<\/div>\n\t\t\t\t\t<\/div>\n\t\t\t\t<\/div>\n\t\t<div class=\"elementor-element elementor-element-63de661 e-flex e-con-boxed e-con e-parent\" data-id=\"63de661\" data-element_type=\"container\" data-settings=\"{&quot;jet_parallax_layout_list&quot;:[],&quot;background_background&quot;:&quot;classic&quot;}\">\n\t\t\t\t\t<div class=\"e-con-inner\">\n\t\t\t\t<div class=\"elementor-element elementor-element-9985967 elementor-widget-mobile__width-inherit elementor-invisible elementor-widget elementor-widget-image\" data-id=\"9985967\" data-element_type=\"widget\" data-settings=\"{&quot;_animation&quot;:&quot;fadeInLeft&quot;}\" data-widget_type=\"image.default\">\n\t\t\t\t<div class=\"elementor-widget-container\">\n\t\t\t\t\t\t\t\t\t\t\t\t\t\t\t<img decoding=\"async\" width=\"1730\" height=\"1568\" src=\"https:\/\/www.campingalporto.it\/wp-content\/uploads\/2025\/02\/territorio-nuova-1.png\" class=\"attachment-full size-full wp-image-3557\" alt=\"\" srcset=\"https:\/\/www.campingalporto.it\/wp-content\/uploads\/2025\/02\/territorio-nuova-1.png 1730w, https:\/\/www.campingalporto.it\/wp-content\/uploads\/2025\/02\/territorio-nuova-1-300x272.png 300w, https:\/\/www.campingalporto.it\/wp-content\/uploads\/2025\/02\/territorio-nuova-1-1024x928.png 1024w, https:\/\/www.campingalporto.it\/wp-content\/uploads\/2025\/02\/territorio-nuova-1-768x696.png 768w, https:\/\/www.campingalporto.it\/wp-content\/uploads\/2025\/02\/territorio-nuova-1-1536x1392.png 1536w\" sizes=\"(max-width: 1730px) 100vw, 1730px\" \/>\t\t\t\t\t\t\t\t\t\t\t\t\t\t\t<\/div>\n\t\t\t\t<\/div>\n\t\t<div class=\"elementor-element elementor-element-62d67fd e-con-full e-flex elementor-invisible e-con e-child\" data-id=\"62d67fd\" data-element_type=\"container\" data-settings=\"{&quot;animation&quot;:&quot;fadeInRight&quot;,&quot;jet_parallax_layout_list&quot;:[]}\">\n\t\t\t\t<div class=\"elementor-element elementor-element-feab8a6 elementor-widget elementor-widget-heading\" data-id=\"feab8a6\" data-element_type=\"widget\" data-widget_type=\"heading.default\">\n\t\t\t\t<div class=\"elementor-widget-container\">\n\t\t\t\t\t<h2 class=\"elementor-heading-title elementor-size-default\">Jako by kr\u00e1sa krajiny nesta\u010dila, oblast nab\u00edz\u00ed m\u00edrn\u00e9 mikroklima, kter\u00e9 je v t\u011bchto zem\u011bpisn\u00fdch \u0161\u00ed\u0159k\u00e1ch skute\u010dn\u011b vz\u00e1cn\u00e9, co\u017e dokl\u00e1d\u00e1 p\u0159\u00edtomnost st\u0159edomo\u0159sk\u00fdch rostlin a p\u011bstov\u00e1n\u00ed olivovn\u00edk\u016f.  <\/h2>\t\t\t\t<\/div>\n\t\t\t\t<\/div>\n\t\t\t\t<div class=\"elementor-element elementor-element-5c31aa1 elementor-widget elementor-widget-text-editor\" data-id=\"5c31aa1\" data-element_type=\"widget\" data-widget_type=\"text-editor.default\">\n\t\t\t\t<div class=\"elementor-widget-container\">\n\t\t\t\t\t\t\t\t\t<p>Z\u00e1rove\u0148 nedaleko najdete vysokohorsk\u00e9 esence na ho\u0159e Baldo, kter\u00e1 je pro svou mimo\u0159\u00e1dnou botanickou rozmanitost ozna\u010dov\u00e1na jako <strong>&#8222;zahrada Evropy&#8220;<\/strong>.<br>Horn\u00ed Gardu, kter\u00e1 je p\u0159irozenou spojnic\u00ed mezi st\u0159edn\u00ed Evropou a St\u0159edomo\u0159\u00edm, si okam\u017eit\u011b zamilovali prvn\u00ed cestovatel\u00e9 ze severu, po\u010d\u00ednaje t\u00edm nejslavn\u011bj\u0161\u00edm: <strong>Goethem,<\/strong> kter\u00fd o n\u00ed tak\u00e9 napsal sv\u016fj italsk\u00fd cestopis.<\/p>\t\t\t\t\t\t\t\t<\/div>\n\t\t\t\t<\/div>\n\t\t\t\t<\/div>\n\t\t\t\t\t<\/div>\n\t\t\t\t<\/div>\n\t\t<div class=\"elementor-element elementor-element-7de48d4 e-flex e-con-boxed e-con e-parent\" data-id=\"7de48d4\" data-element_type=\"container\" data-settings=\"{&quot;jet_parallax_layout_list&quot;:[]}\">\n\t\t\t\t\t<div class=\"e-con-inner\">\n\t\t<div class=\"elementor-element elementor-element-d90e5bf e-con-full e-flex elementor-invisible e-con e-child\" data-id=\"d90e5bf\" data-element_type=\"container\" data-settings=\"{&quot;animation&quot;:&quot;fadeInLeft&quot;,&quot;jet_parallax_layout_list&quot;:[]}\">\n\t\t\t\t<div class=\"elementor-element elementor-element-e49f3f1 elementor-widget elementor-widget-heading\" data-id=\"e49f3f1\" data-element_type=\"widget\" data-widget_type=\"heading.default\">\n\t\t\t\t<div class=\"elementor-widget-container\">\n\t\t\t\t\t<h2 class=\"elementor-heading-title elementor-size-default\">ne jedno, ale mnoho jezer<\/h2>\t\t\t\t<\/div>\n\t\t\t\t<\/div>\n\t\t\t\t<div class=\"elementor-element elementor-element-029196a elementor-widget elementor-widget-text-editor\" data-id=\"029196a\" data-element_type=\"widget\" data-widget_type=\"text-editor.default\">\n\t\t\t\t<div class=\"elementor-widget-container\">\n\t\t\t\t\t\t\t\t\t<p>Objevte dal\u0161\u00ed jezera v oblasti, ke kter\u00fdm se m\u016f\u017eete dostat na kole po s\u00edti cyklostezek! <strong>Jezero Tenno<\/strong>, jezero <strong>Ledro<\/strong> a <strong>jezero Cavedine<\/strong> na v\u00e1s \u010dekaj\u00ed se sv\u00fdmi neuv\u011b\u0159iteln\u00fdmi zelen\u00fdmi a tyrkysov\u00fdmi vodn\u00edmi plochami.<br>Od 80. let 20. stolet\u00ed je na\u0161e oblast p\u0159edm\u011btem proz\u00edrav\u00e9ho <strong>pl\u00e1nu rozvoje<\/strong> s\u00edt\u011b <strong>dvouproudov\u00fdch silnic<\/strong>, kter\u00e1 je ka\u017edoro\u010dn\u011b obohacov\u00e1na o nov\u00e1 spojen\u00ed.<\/p>\t\t\t\t\t\t\t\t<\/div>\n\t\t\t\t<\/div>\n\t\t\t\t<\/div>\n\t\t\t\t<div class=\"elementor-element elementor-element-081897d elementor-widget-mobile__width-inherit elementor-invisible elementor-widget elementor-widget-image\" data-id=\"081897d\" data-element_type=\"widget\" data-settings=\"{&quot;_animation&quot;:&quot;fadeInRight&quot;}\" data-widget_type=\"image.default\">\n\t\t\t\t<div class=\"elementor-widget-container\">\n\t\t\t\t\t\t\t\t\t\t\t\t\t\t\t<img decoding=\"async\" width=\"1730\" height=\"1568\" src=\"https:\/\/www.campingalporto.it\/wp-content\/uploads\/2025\/02\/territorio-nuova-2.png\" class=\"attachment-full size-full wp-image-3560\" alt=\"\" srcset=\"https:\/\/www.campingalporto.it\/wp-content\/uploads\/2025\/02\/territorio-nuova-2.png 1730w, https:\/\/www.campingalporto.it\/wp-content\/uploads\/2025\/02\/territorio-nuova-2-300x272.png 300w, https:\/\/www.campingalporto.it\/wp-content\/uploads\/2025\/02\/territorio-nuova-2-1024x928.png 1024w, https:\/\/www.campingalporto.it\/wp-content\/uploads\/2025\/02\/territorio-nuova-2-768x696.png 768w, https:\/\/www.campingalporto.it\/wp-content\/uploads\/2025\/02\/territorio-nuova-2-1536x1392.png 1536w\" sizes=\"(max-width: 1730px) 100vw, 1730px\" \/>\t\t\t\t\t\t\t\t\t\t\t\t\t\t\t<\/div>\n\t\t\t\t<\/div>\n\t\t\t\t\t<\/div>\n\t\t\t\t<\/div>\n\t\t\t\t<\/div>\n\t\t","protected":false},"excerpt":{"rendered":"<p>\u00fazem\u00ed Torbole sul Garda V\u00edtejte v r\u00e1ji sportovc\u016f. D\u00edky zvl\u00e1\u0161tn\u00ed poloze Torbole v severn\u00ed \u010d\u00e1sti jezera Lago di Garda, mezi horou Monte Baldo na v\u00fdchod\u011b a \u0159\u00ed\u010dn\u00ed nivou Sarca na severu, se tato malebn\u00e1 vesnice stala obl\u00edben\u00fdm c\u00edlem sportovn\u00edch nad\u0161enc\u016f. D\u00edky neust\u00e1l\u00fdm v\u011btr\u016fm, kter\u00e9 vanou p\u0159es tento \u00fasek jezera, se stalo obl\u00edben\u00fdm tr\u00e9ninkov\u00fdm m\u00edstem pro [&hellip;]<\/p>\n","protected":false},"author":1,"featured_media":0,"parent":0,"menu_order":0,"comment_status":"closed","ping_status":"closed","template":"","meta":{"footnotes":""},"class_list":["post-3810","page","type-page","status-publish","hentry"],"_links":{"self":[{"href":"https:\/\/www.campingalporto.it\/cs\/wp-json\/wp\/v2\/pages\/3810","targetHints":{"allow":["GET"]}}],"collection":[{"href":"https:\/\/www.campingalporto.it\/cs\/wp-json\/wp\/v2\/pages"}],"about":[{"href":"https:\/\/www.campingalporto.it\/cs\/wp-json\/wp\/v2\/types\/page"}],"author":[{"embeddable":true,"href":"https:\/\/www.campingalporto.it\/cs\/wp-json\/wp\/v2\/users\/1"}],"replies":[{"embeddable":true,"href":"https:\/\/www.campingalporto.it\/cs\/wp-json\/wp\/v2\/comments?post=3810"}],"version-history":[{"count":2,"href":"https:\/\/www.campingalporto.it\/cs\/wp-json\/wp\/v2\/pages\/3810\/revisions"}],"predecessor-version":[{"id":4646,"href":"https:\/\/www.campingalporto.it\/cs\/wp-json\/wp\/v2\/pages\/3810\/revisions\/4646"}],"wp:attachment":[{"href":"https:\/\/www.campingalporto.it\/cs\/wp-json\/wp\/v2\/media?parent=3810"}],"curies":[{"name":"wp","href":"https:\/\/api.w.org\/{rel}","templated":true}]}}