{"id":3824,"date":"2025-01-15T12:47:11","date_gmt":"2025-01-15T11:47:11","guid":{"rendered":"https:\/\/campingalporto.it\/vsestrannost\/"},"modified":"2025-04-09T16:30:00","modified_gmt":"2025-04-09T14:30:00","slug":"vsestrannost","status":"publish","type":"page","link":"https:\/\/www.campingalporto.it\/cs\/vsestrannost\/","title":{"rendered":"V\u0161estrannost"},"content":{"rendered":"\t\t<div data-elementor-type=\"wp-page\" data-elementor-id=\"3824\" class=\"elementor elementor-3824 elementor-79\" data-elementor-post-type=\"page\">\n\t\t\t\t<div class=\"elementor-element elementor-element-f56bd9c hero-section e-flex e-con-boxed e-con e-parent\" data-id=\"f56bd9c\" data-element_type=\"container\" data-settings=\"{&quot;background_background&quot;:&quot;classic&quot;,&quot;jet_parallax_layout_list&quot;:[]}\">\n\t\t\t\t\t<div class=\"e-con-inner\">\n\t\t\t\t\t<\/div>\n\t\t\t\t<\/div>\n\t\t<div class=\"elementor-element elementor-element-b3af8c7 e-flex e-con-boxed e-con e-parent\" data-id=\"b3af8c7\" data-element_type=\"container\" data-settings=\"{&quot;jet_parallax_layout_list&quot;:[]}\">\n\t\t\t\t\t<div class=\"e-con-inner\">\n\t\t<div class=\"elementor-element elementor-element-c0f9301 e-con-full e-flex elementor-invisible e-con e-child\" data-id=\"c0f9301\" data-element_type=\"container\" data-settings=\"{&quot;jet_parallax_layout_list&quot;:[],&quot;animation&quot;:&quot;fadeInLeft&quot;,&quot;animation_mobile&quot;:&quot;fadeIn&quot;}\">\n\t\t\t\t<div class=\"elementor-element elementor-element-c5a3d56 elementor-widget elementor-widget-heading\" data-id=\"c5a3d56\" data-element_type=\"widget\" data-widget_type=\"heading.default\">\n\t\t\t\t<div class=\"elementor-widget-container\">\n\t\t\t\t\t<h2 class=\"elementor-heading-title elementor-size-default\">v\u0161estrannost<\/h2>\t\t\t\t<\/div>\n\t\t\t\t<\/div>\n\t\t\t\t<div class=\"elementor-element elementor-element-6df5fcd elementor-widget elementor-widget-heading\" data-id=\"6df5fcd\" data-element_type=\"widget\" data-widget_type=\"heading.default\">\n\t\t\t\t<div class=\"elementor-widget-container\">\n\t\t\t\t\t<h2 class=\"elementor-heading-title elementor-size-default\">\u0158E\u0160EN\u00cd PRO KA\u017dDOU POT\u0158EBU<\/h2>\t\t\t\t<\/div>\n\t\t\t\t<\/div>\n\t\t\t\t<div class=\"elementor-element elementor-element-ebacea8 elementor-widget elementor-widget-text-editor\" data-id=\"ebacea8\" data-element_type=\"widget\" data-widget_type=\"text-editor.default\">\n\t\t\t\t<div class=\"elementor-widget-container\">\n\t\t\t\t\t\t\t\t\t<p><span style=\"font-weight: 400;\">Od roku 1985, kdy byl n\u00e1\u0161 kemp otev\u0159en s jedin\u00fdm typem kempovac\u00edho m\u00edsta, se jeho nab\u00eddka roz\u0161\u00ed\u0159ila tak, aby vyhovovala ka\u017ed\u00e9mu pobytu. Dnes v\u00edt\u00e1me \u0161irokou \u0161k\u00e1lu host\u016f: od  <\/span><b>osam\u011bl\u00fd cyklista<\/b><span style=\"font-weight: 400;\"> hled\u00e1 mal\u00fd prostor pro sv\u016fj stan, na <\/span><b>karavan<\/b><span style=\"font-weight: 400;\"> cestuj\u00edc\u00ed s velk\u00fdmi vozidly, a\u017e po \u010dlov\u011bka, kter\u00fd chce za\u017e\u00edt atmosf\u00e9ru <\/span><b>s komfortem modern\u00edho bytu<\/b><span style=\"font-weight: 400;\"> u jezera.<\/span><\/p>\t\t\t\t\t\t\t\t<\/div>\n\t\t\t\t<\/div>\n\t\t\t\t<\/div>\n\t\t\t\t<div class=\"elementor-element elementor-element-8e2ad41 elementor-widget-mobile__width-inherit elementor-invisible elementor-widget elementor-widget-image\" data-id=\"8e2ad41\" data-element_type=\"widget\" data-settings=\"{&quot;_animation&quot;:&quot;fadeInRight&quot;,&quot;_animation_mobile&quot;:&quot;fadeIn&quot;}\" data-widget_type=\"image.default\">\n\t\t\t\t<div class=\"elementor-widget-container\">\n\t\t\t\t\t\t\t\t\t\t\t\t\t\t\t<img fetchpriority=\"high\" decoding=\"async\" width=\"1730\" height=\"1568\" src=\"https:\/\/www.campingalporto.it\/wp-content\/uploads\/2025\/02\/versatilita-immagine3.png\" class=\"attachment-full size-full wp-image-3476\" alt=\"\" srcset=\"https:\/\/www.campingalporto.it\/wp-content\/uploads\/2025\/02\/versatilita-immagine3.png 1730w, https:\/\/www.campingalporto.it\/wp-content\/uploads\/2025\/02\/versatilita-immagine3-300x272.png 300w, https:\/\/www.campingalporto.it\/wp-content\/uploads\/2025\/02\/versatilita-immagine3-1024x928.png 1024w, https:\/\/www.campingalporto.it\/wp-content\/uploads\/2025\/02\/versatilita-immagine3-768x696.png 768w, https:\/\/www.campingalporto.it\/wp-content\/uploads\/2025\/02\/versatilita-immagine3-1536x1392.png 1536w\" sizes=\"(max-width: 1730px) 100vw, 1730px\" \/>\t\t\t\t\t\t\t\t\t\t\t\t\t\t\t<\/div>\n\t\t\t\t<\/div>\n\t\t\t\t\t<\/div>\n\t\t\t\t<\/div>\n\t\t<div class=\"elementor-element elementor-element-b3594b5 e-flex e-con-boxed e-con e-parent\" data-id=\"b3594b5\" data-element_type=\"container\" data-settings=\"{&quot;jet_parallax_layout_list&quot;:[],&quot;background_background&quot;:&quot;classic&quot;}\">\n\t\t\t\t\t<div class=\"e-con-inner\">\n\t\t\t\t<div class=\"elementor-element elementor-element-a519add elementor-widget elementor-widget-heading\" data-id=\"a519add\" data-element_type=\"widget\" data-widget_type=\"heading.default\">\n\t\t\t\t<div class=\"elementor-widget-container\">\n\t\t\t\t\t<h2 class=\"elementor-heading-title elementor-size-default\">n\u00e1\u0161 v\u00fdb\u011br zahrnuje<\/h2>\t\t\t\t<\/div>\n\t\t\t\t<\/div>\n\t\t\t\t<div class=\"elementor-element elementor-element-3013de4 elementor-widget elementor-widget-heading\" data-id=\"3013de4\" data-element_type=\"widget\" data-widget_type=\"heading.default\">\n\t\t\t\t<div class=\"elementor-widget-container\">\n\t\t\t\t\t<h2 class=\"elementor-heading-title elementor-size-default\">PITCHES<\/h2>\t\t\t\t<\/div>\n\t\t\t\t<\/div>\n\t\t<div class=\"elementor-element elementor-element-888b283 e-con-full e-grid e-con e-child\" data-id=\"888b283\" data-element_type=\"container\" data-settings=\"{&quot;jet_parallax_layout_list&quot;:[]}\">\n\t\t<div class=\"elementor-element elementor-element-79f62b8 e-con-full e-flex elementor-invisible e-con e-child\" data-id=\"79f62b8\" data-element_type=\"container\" data-settings=\"{&quot;background_background&quot;:&quot;classic&quot;,&quot;animation&quot;:&quot;fadeInUp&quot;,&quot;animation_mobile&quot;:&quot;fadeIn&quot;,&quot;jet_parallax_layout_list&quot;:[]}\">\n\t\t<div class=\"elementor-element elementor-element-b8c7289 e-con-full e-flex elementor-invisible e-con e-child\" data-id=\"b8c7289\" data-element_type=\"container\" data-settings=\"{&quot;animation&quot;:&quot;fadeInUp&quot;,&quot;jet_parallax_layout_list&quot;:[]}\">\n\t\t\t\t<div class=\"elementor-element elementor-element-7617fd6 elementor-widget elementor-widget-image\" data-id=\"7617fd6\" data-element_type=\"widget\" data-widget_type=\"image.default\">\n\t\t\t\t<div class=\"elementor-widget-container\">\n\t\t\t\t\t\t\t\t\t\t\t\t\t\t\t<img decoding=\"async\" width=\"800\" height=\"800\" src=\"https:\/\/www.campingalporto.it\/wp-content\/uploads\/2025\/02\/Eco-1024x1024.jpg\" class=\"attachment-large size-large wp-image-3467\" alt=\"\" srcset=\"https:\/\/www.campingalporto.it\/wp-content\/uploads\/2025\/02\/Eco-1024x1024.jpg 1024w, https:\/\/www.campingalporto.it\/wp-content\/uploads\/2025\/02\/Eco-300x300.jpg 300w, https:\/\/www.campingalporto.it\/wp-content\/uploads\/2025\/02\/Eco-150x150.jpg 150w, https:\/\/www.campingalporto.it\/wp-content\/uploads\/2025\/02\/Eco-768x768.jpg 768w, https:\/\/www.campingalporto.it\/wp-content\/uploads\/2025\/02\/Eco-1536x1536.jpg 1536w, https:\/\/www.campingalporto.it\/wp-content\/uploads\/2025\/02\/Eco.jpg 1600w\" sizes=\"(max-width: 800px) 100vw, 800px\" \/>\t\t\t\t\t\t\t\t\t\t\t\t\t\t\t<\/div>\n\t\t\t\t<\/div>\n\t\t\t\t<div class=\"elementor-element elementor-element-e165625 elementor-widget elementor-widget-heading\" data-id=\"e165625\" data-element_type=\"widget\" data-widget_type=\"heading.default\">\n\t\t\t\t<div class=\"elementor-widget-container\">\n\t\t\t\t\t<h2 class=\"elementor-heading-title elementor-size-default\">ECO (25\/40m\u00b2)<\/h2>\t\t\t\t<\/div>\n\t\t\t\t<\/div>\n\t\t\t\t<div class=\"elementor-element elementor-element-e7481ae elementor-widget elementor-widget-text-editor\" data-id=\"e7481ae\" data-element_type=\"widget\" data-widget_type=\"text-editor.default\">\n\t\t\t\t<div class=\"elementor-widget-container\">\n\t\t\t\t\t\t\t\t\t<p><b>Eko<\/b> kempy, kter\u00e9 se nach\u00e1zej\u00ed uprost\u0159ed kempu ve st\u00ednu \u010dern\u00fdch borovic a cedr\u016f, nab\u00edzej\u00ed <b>autentick\u00fd<\/b> z\u00e1\u017eitek z <b>kempov\u00e1n\u00ed<\/b>. Tato mal\u00e1 plocha, kter\u00e1 <b>soused\u00ed s d\u011btsk\u00fdm h\u0159i\u0161t\u011bm a je bez automobilov\u00e9 dopravy<\/b>, je p\u0159\u00edstupn\u00e1 pouze <b>p\u011b\u0161ky<\/b> nebo <b>na kole<\/b>. V\u0161echny maj\u00ed <b>vlastn\u00ed p\u0159\u00edpojku elekt\u0159iny <\/b>. M\u00edsta pro stany lze rezervovat bez auta; <b>ti, kte\u0159\u00ed cht\u011bj\u00ed p\u0159ijet autem, by m\u011bli kontaktovat kemp a ov\u011b\u0159it si dostupnost placen\u00fdch parkovac\u00edch m\u00edst<\/b>.<\/p>\t\t\t\t\t\t\t\t<\/div>\n\t\t\t\t<\/div>\n\t\t\t\t<\/div>\n\t\t\t\t<\/div>\n\t\t<div class=\"elementor-element elementor-element-2ddbc25 e-con-full e-flex elementor-invisible e-con e-child\" data-id=\"2ddbc25\" data-element_type=\"container\" data-settings=\"{&quot;background_background&quot;:&quot;classic&quot;,&quot;animation&quot;:&quot;fadeInUp&quot;,&quot;animation_mobile&quot;:&quot;fadeIn&quot;,&quot;jet_parallax_layout_list&quot;:[]}\">\n\t\t<div class=\"elementor-element elementor-element-7897cf6 e-con-full e-flex elementor-invisible e-con e-child\" data-id=\"7897cf6\" data-element_type=\"container\" data-settings=\"{&quot;animation&quot;:&quot;fadeInUp&quot;,&quot;animation_delay&quot;:100,&quot;jet_parallax_layout_list&quot;:[]}\">\n\t\t\t\t<div class=\"elementor-element elementor-element-b7c337c elementor-widget elementor-widget-image\" data-id=\"b7c337c\" data-element_type=\"widget\" data-widget_type=\"image.default\">\n\t\t\t\t<div class=\"elementor-widget-container\">\n\t\t\t\t\t\t\t\t\t\t\t\t\t\t\t<img decoding=\"async\" width=\"1029\" height=\"1029\" src=\"https:\/\/www.campingalporto.it\/wp-content\/uploads\/2025\/02\/piazzola-minibus.jpg\" class=\"attachment-full size-full wp-image-3281\" alt=\"\" srcset=\"https:\/\/www.campingalporto.it\/wp-content\/uploads\/2025\/02\/piazzola-minibus.jpg 1029w, https:\/\/www.campingalporto.it\/wp-content\/uploads\/2025\/02\/piazzola-minibus-300x300.jpg 300w, https:\/\/www.campingalporto.it\/wp-content\/uploads\/2025\/02\/piazzola-minibus-1024x1024.jpg 1024w, https:\/\/www.campingalporto.it\/wp-content\/uploads\/2025\/02\/piazzola-minibus-150x150.jpg 150w, https:\/\/www.campingalporto.it\/wp-content\/uploads\/2025\/02\/piazzola-minibus-768x768.jpg 768w\" sizes=\"(max-width: 1029px) 100vw, 1029px\" \/>\t\t\t\t\t\t\t\t\t\t\t\t\t\t\t<\/div>\n\t\t\t\t<\/div>\n\t\t\t\t<div class=\"elementor-element elementor-element-9a9812a elementor-widget elementor-widget-heading\" data-id=\"9a9812a\" data-element_type=\"widget\" data-widget_type=\"heading.default\">\n\t\t\t\t<div class=\"elementor-widget-container\">\n\t\t\t\t\t<h2 class=\"elementor-heading-title elementor-size-default\">Minibus (35\/45m\u00b2)<\/h2>\t\t\t\t<\/div>\n\t\t\t\t<\/div>\n\t\t\t\t<div class=\"elementor-element elementor-element-a3d9d51 elementor-widget elementor-widget-text-editor\" data-id=\"a3d9d51\" data-element_type=\"widget\" data-widget_type=\"text-editor.default\">\n\t\t\t\t<div class=\"elementor-widget-container\">\n\t\t\t\t\t\t\t\t\t<p>M\u00edsta pro <strong>minibusy<\/strong> jsou speci\u00e1ln\u011b navr\u017eena pro hosty, kte\u0159\u00ed ocen\u00ed <strong>pohodl\u00ed a flexibilitu vybaven\u00fdch minivan\u016f<\/strong> o d\u00e9lce <strong>a\u017e 5 m<\/strong>. Ide\u00e1ln\u00ed pro ty, kte\u0159\u00ed hledaj\u00ed svi\u017en\u00fd a dynamick\u00fd \u017eivotn\u00ed styl.<\/p>\t\t\t\t\t\t\t\t<\/div>\n\t\t\t\t<\/div>\n\t\t\t\t<\/div>\n\t\t\t\t<\/div>\n\t\t<div class=\"elementor-element elementor-element-9df3454 e-con-full e-flex elementor-invisible e-con e-child\" data-id=\"9df3454\" data-element_type=\"container\" data-settings=\"{&quot;background_background&quot;:&quot;classic&quot;,&quot;animation&quot;:&quot;fadeInUp&quot;,&quot;animation_mobile&quot;:&quot;fadeIn&quot;,&quot;jet_parallax_layout_list&quot;:[]}\">\n\t\t<div class=\"elementor-element elementor-element-554cc6d e-con-full e-flex elementor-invisible e-con e-child\" data-id=\"554cc6d\" data-element_type=\"container\" data-settings=\"{&quot;animation&quot;:&quot;fadeInUp&quot;,&quot;animation_delay&quot;:200,&quot;jet_parallax_layout_list&quot;:[]}\">\n\t\t\t\t<div class=\"elementor-element elementor-element-0dc39d8 elementor-widget elementor-widget-image\" data-id=\"0dc39d8\" data-element_type=\"widget\" data-widget_type=\"image.default\">\n\t\t\t\t<div class=\"elementor-widget-container\">\n\t\t\t\t\t\t\t\t\t\t\t\t\t\t\t<img loading=\"lazy\" decoding=\"async\" width=\"1920\" height=\"2560\" src=\"https:\/\/www.campingalporto.it\/wp-content\/uploads\/2025\/02\/Piazzole_confort-dry-scaled.jpg\" class=\"attachment-full size-full wp-image-3470\" alt=\"\" srcset=\"https:\/\/www.campingalporto.it\/wp-content\/uploads\/2025\/02\/Piazzole_confort-dry-scaled.jpg 1920w, https:\/\/www.campingalporto.it\/wp-content\/uploads\/2025\/02\/Piazzole_confort-dry-225x300.jpg 225w, https:\/\/www.campingalporto.it\/wp-content\/uploads\/2025\/02\/Piazzole_confort-dry-768x1024.jpg 768w, https:\/\/www.campingalporto.it\/wp-content\/uploads\/2025\/02\/Piazzole_confort-dry-1152x1536.jpg 1152w, https:\/\/www.campingalporto.it\/wp-content\/uploads\/2025\/02\/Piazzole_confort-dry-1536x2048.jpg 1536w\" sizes=\"(max-width: 1920px) 100vw, 1920px\" \/>\t\t\t\t\t\t\t\t\t\t\t\t\t\t\t<\/div>\n\t\t\t\t<\/div>\n\t\t\t\t<div class=\"elementor-element elementor-element-e40db17 elementor-widget elementor-widget-heading\" data-id=\"e40db17\" data-element_type=\"widget\" data-widget_type=\"heading.default\">\n\t\t\t\t<div class=\"elementor-widget-container\">\n\t\t\t\t\t<h2 class=\"elementor-heading-title elementor-size-default\">CONFORT\/<br>CONFORT DRY (65\/75 m2)<\/h2>\t\t\t\t<\/div>\n\t\t\t\t<\/div>\n\t\t\t\t<div class=\"elementor-element elementor-element-4df2d94 elementor-widget elementor-widget-text-editor\" data-id=\"4df2d94\" data-element_type=\"widget\" data-widget_type=\"text-editor.default\">\n\t\t\t\t<div class=\"elementor-widget-container\">\n\t\t\t\t\t\t\t\t\t<p>Vhodn\u00e9 pro obytn\u00e9 vozy <b>do 7,5 m<\/b>, <b>karavany<\/b> nebo<b> st\u0159edn\u011b velk\u00e9 stany <\/b>(uve\u010fte rozm\u011bry sv\u00e9ho vozidla). <b>V cen\u011b je zahrnuto auto na m\u00edst\u011b<\/b>, s v\u00fdjimkou t\u011bch, kte\u0159\u00ed p\u0159ijedou obytn\u00fdm vozem. Ti, kte\u0159\u00ed d\u00e1vaj\u00ed p\u0159ednost v\u011bt\u0161\u00edmu prostoru, mohou p\u0159i rezervaci po\u017e\u00e1dat o parkovac\u00ed m\u00edsto za poplatek. <b>V cen\u011b jsou zahrnuty 2 osoby,<\/b> <b>16A<\/b> p\u0159\u00edpojka elekt\u0159iny a <b>spot\u0159eba 5 kWh denn\u011b<\/b>.<\/p>\t\t\t\t\t\t\t\t<\/div>\n\t\t\t\t<\/div>\n\t\t\t\t<\/div>\n\t\t\t\t<\/div>\n\t\t\t\t<\/div>\n\t\t<div class=\"elementor-element elementor-element-6255979 e-con-full e-grid e-con e-child\" data-id=\"6255979\" data-element_type=\"container\" data-settings=\"{&quot;jet_parallax_layout_list&quot;:[]}\">\n\t\t<div class=\"elementor-element elementor-element-49df84c e-con-full e-flex elementor-invisible e-con e-child\" data-id=\"49df84c\" data-element_type=\"container\" data-settings=\"{&quot;background_background&quot;:&quot;classic&quot;,&quot;animation&quot;:&quot;fadeInUp&quot;,&quot;animation_mobile&quot;:&quot;fadeIn&quot;,&quot;jet_parallax_layout_list&quot;:[]}\">\n\t\t<div class=\"elementor-element elementor-element-f233e3b e-con-full e-flex elementor-invisible e-con e-child\" data-id=\"f233e3b\" data-element_type=\"container\" data-settings=\"{&quot;animation&quot;:&quot;fadeInUp&quot;,&quot;animation_delay&quot;:300,&quot;jet_parallax_layout_list&quot;:[]}\">\n\t\t\t\t<div class=\"elementor-element elementor-element-0b8b536 elementor-widget elementor-widget-image\" data-id=\"0b8b536\" data-element_type=\"widget\" data-widget_type=\"image.default\">\n\t\t\t\t<div class=\"elementor-widget-container\">\n\t\t\t\t\t\t\t\t\t\t\t\t\t\t\t<img loading=\"lazy\" decoding=\"async\" width=\"800\" height=\"849\" src=\"https:\/\/www.campingalporto.it\/wp-content\/uploads\/2025\/01\/minigampling-965x1024.jpg\" class=\"attachment-large size-large wp-image-3173\" alt=\"\" srcset=\"https:\/\/www.campingalporto.it\/wp-content\/uploads\/2025\/01\/minigampling-965x1024.jpg 965w, https:\/\/www.campingalporto.it\/wp-content\/uploads\/2025\/01\/minigampling-283x300.jpg 283w, https:\/\/www.campingalporto.it\/wp-content\/uploads\/2025\/01\/minigampling-768x815.jpg 768w, https:\/\/www.campingalporto.it\/wp-content\/uploads\/2025\/01\/minigampling-1448x1536.jpg 1448w, https:\/\/www.campingalporto.it\/wp-content\/uploads\/2025\/01\/minigampling.jpg 1600w\" sizes=\"(max-width: 800px) 100vw, 800px\" \/>\t\t\t\t\t\t\t\t\t\t\t\t\t\t\t<\/div>\n\t\t\t\t<\/div>\n\t\t\t\t<div class=\"elementor-element elementor-element-1b2ee9c elementor-widget elementor-widget-heading\" data-id=\"1b2ee9c\" data-element_type=\"widget\" data-widget_type=\"heading.default\">\n\t\t\t\t<div class=\"elementor-widget-container\">\n\t\t\t\t\t<h2 class=\"elementor-heading-title elementor-size-default\">GLAMPING<\/h2>\t\t\t\t<\/div>\n\t\t\t\t<\/div>\n\t\t\t\t<div class=\"elementor-element elementor-element-c4e05fa elementor-widget elementor-widget-text-editor\" data-id=\"c4e05fa\" data-element_type=\"widget\" data-widget_type=\"text-editor.default\">\n\t\t\t\t<div class=\"elementor-widget-container\">\n\t\t\t\t\t\t\t\t\t<p class=\"p1\">Hled\u00e1te<b>romantickou atmosf\u00e9ru<\/b> \u00fatuln\u00e9 lo\u017enice v p\u0159\u00edrodn\u00edch barv\u00e1ch a materi\u00e1lech, ale chcete b\u00fdt v <b>p\u0159\u00edm\u00e9m kontaktu s p\u0159\u00edrodou<\/b> a za\u017e\u00edt pocit <b>svobody<\/b>, kter\u00fd v\u00e1m m\u016f\u017ee poskytnout pouze stan uprost\u0159ed zelen\u011b? <b>Glamp Mini Stan je p\u0159esn\u011b pro v\u00e1s<\/b>! Ide\u00e1ln\u00ed \u0159e\u0161en\u00ed, pokud jste cyklista nebo motork\u00e1\u0159 a chcete se pohodln\u011b a \u010dist\u011b vyspat po dlouh\u00e9m v\u00fdlet\u011b.<\/p>\t\t\t\t\t\t\t\t<\/div>\n\t\t\t\t<\/div>\n\t\t\t\t<\/div>\n\t\t\t\t<\/div>\n\t\t<div class=\"elementor-element elementor-element-ce63b42 e-con-full e-flex elementor-invisible e-con e-child\" data-id=\"ce63b42\" data-element_type=\"container\" data-settings=\"{&quot;background_background&quot;:&quot;classic&quot;,&quot;animation&quot;:&quot;fadeInUp&quot;,&quot;animation_mobile&quot;:&quot;fadeIn&quot;,&quot;jet_parallax_layout_list&quot;:[]}\">\n\t\t<div class=\"elementor-element elementor-element-635226d e-con-full e-flex elementor-invisible e-con e-child\" data-id=\"635226d\" data-element_type=\"container\" data-settings=\"{&quot;animation&quot;:&quot;fadeInUp&quot;,&quot;animation_delay&quot;:400,&quot;jet_parallax_layout_list&quot;:[]}\">\n\t\t\t\t<div class=\"elementor-element elementor-element-38c9392 elementor-widget elementor-widget-image\" data-id=\"38c9392\" data-element_type=\"widget\" data-widget_type=\"image.default\">\n\t\t\t\t<div class=\"elementor-widget-container\">\n\t\t\t\t\t\t\t\t\t\t\t\t\t\t\t<img loading=\"lazy\" decoding=\"async\" width=\"460\" height=\"460\" src=\"https:\/\/www.campingalporto.it\/wp-content\/uploads\/2025\/02\/Maxi.jpg\" class=\"attachment-full size-full wp-image-3479\" alt=\"\" srcset=\"https:\/\/www.campingalporto.it\/wp-content\/uploads\/2025\/02\/Maxi.jpg 460w, https:\/\/www.campingalporto.it\/wp-content\/uploads\/2025\/02\/Maxi-300x300.jpg 300w, https:\/\/www.campingalporto.it\/wp-content\/uploads\/2025\/02\/Maxi-150x150.jpg 150w\" sizes=\"(max-width: 460px) 100vw, 460px\" \/>\t\t\t\t\t\t\t\t\t\t\t\t\t\t\t<\/div>\n\t\t\t\t<\/div>\n\t\t\t\t<div class=\"elementor-element elementor-element-136e2e9 elementor-widget elementor-widget-heading\" data-id=\"136e2e9\" data-element_type=\"widget\" data-widget_type=\"heading.default\">\n\t\t\t\t<div class=\"elementor-widget-container\">\n\t\t\t\t\t<h2 class=\"elementor-heading-title elementor-size-default\">MAXI (90\/100 m2)<\/h2>\t\t\t\t<\/div>\n\t\t\t\t<\/div>\n\t\t\t\t<div class=\"elementor-element elementor-element-14eaae8 elementor-widget elementor-widget-text-editor\" data-id=\"14eaae8\" data-element_type=\"widget\" data-widget_type=\"text-editor.default\">\n\t\t\t\t<div class=\"elementor-widget-container\">\n\t\t\t\t\t\t\t\t\t<p>Ide\u00e1ln\u00ed pro <b>velk\u00e1 vozidla do 9 m<\/b> nebo <b>karavany<\/b> a <b>stany<\/b> pro pohodln\u011bj\u0161\u00ed pobyt. Rezervace p\u0159i <b>minim\u00e1ln\u00edm po\u010dtu 3 osob v cen\u011b<\/b>, kter\u00e1 zahrnuje p\u0159ipojen\u00ed k elektrick\u00e9 s\u00edti <b>16 A<\/b> a spot\u0159ebu <b>5<\/b> <b>kWh<\/b> denn\u011b. Je nutn\u00e9 sd\u011blit velikost vozidla, proto\u017ee dostupnost nen\u00ed pro v\u0161echny stejn\u00e1. <b>V cen\u011b je zahrnuto auto na m\u00edst\u011b<\/b>. Univerz\u00e1ln\u00ed a velmi \u017e\u00e1dan\u00e9 <b>maxi st\u00e1n\u00ed s<\/b> dvojitou elektrickou p\u0159\u00edpojkou <b>je vhodn\u00e9 i pro dvojice p\u0159\u00e1tel se dv\u011bma minivany nebo dv\u011bma mal\u00fdmi obytn\u00fdmi vozy do 6,5 m<\/b>.<\/p>\t\t\t\t\t\t\t\t<\/div>\n\t\t\t\t<\/div>\n\t\t\t\t<\/div>\n\t\t\t\t<\/div>\n\t\t\t\t<\/div>\n\t\t\t\t\t<\/div>\n\t\t\t\t<\/div>\n\t\t<div class=\"elementor-element elementor-element-0e5085a e-flex e-con-boxed e-con e-parent\" data-id=\"0e5085a\" data-element_type=\"container\" data-settings=\"{&quot;jet_parallax_layout_list&quot;:[]}\">\n\t\t\t\t\t<div class=\"e-con-inner\">\n\t\t\t\t<div class=\"elementor-element elementor-element-5cdd777 elementor-widget-mobile__width-inherit elementor-invisible elementor-widget elementor-widget-image\" data-id=\"5cdd777\" data-element_type=\"widget\" data-settings=\"{&quot;_animation&quot;:&quot;fadeInLeft&quot;,&quot;_animation_mobile&quot;:&quot;fadeIn&quot;}\" data-widget_type=\"image.default\">\n\t\t\t\t<div class=\"elementor-widget-container\">\n\t\t\t\t\t\t\t\t\t\t\t\t\t\t\t<img loading=\"lazy\" decoding=\"async\" width=\"1730\" height=\"1568\" src=\"https:\/\/www.campingalporto.it\/wp-content\/uploads\/2025\/02\/versatilita-immagine2.png\" class=\"attachment-full size-full wp-image-3293\" alt=\"\" srcset=\"https:\/\/www.campingalporto.it\/wp-content\/uploads\/2025\/02\/versatilita-immagine2.png 1730w, https:\/\/www.campingalporto.it\/wp-content\/uploads\/2025\/02\/versatilita-immagine2-300x272.png 300w, https:\/\/www.campingalporto.it\/wp-content\/uploads\/2025\/02\/versatilita-immagine2-1024x928.png 1024w, https:\/\/www.campingalporto.it\/wp-content\/uploads\/2025\/02\/versatilita-immagine2-768x696.png 768w, https:\/\/www.campingalporto.it\/wp-content\/uploads\/2025\/02\/versatilita-immagine2-1536x1392.png 1536w\" sizes=\"(max-width: 1730px) 100vw, 1730px\" \/>\t\t\t\t\t\t\t\t\t\t\t\t\t\t\t<\/div>\n\t\t\t\t<\/div>\n\t\t<div class=\"elementor-element elementor-element-f8211c6 e-con-full e-flex elementor-invisible e-con e-child\" data-id=\"f8211c6\" data-element_type=\"container\" data-settings=\"{&quot;jet_parallax_layout_list&quot;:[],&quot;animation&quot;:&quot;fadeInRight&quot;,&quot;animation_mobile&quot;:&quot;fadeIn&quot;}\">\n\t\t\t\t<div class=\"elementor-element elementor-element-3e40099 elementor-widget elementor-widget-heading\" data-id=\"3e40099\" data-element_type=\"widget\" data-widget_type=\"heading.default\">\n\t\t\t\t<div class=\"elementor-widget-container\">\n\t\t\t\t\t<h2 class=\"elementor-heading-title elementor-size-default\">dal\u0161\u00ed \u0159e\u0161en\u00ed<\/h2>\t\t\t\t<\/div>\n\t\t\t\t<\/div>\n\t\t\t\t<div class=\"elementor-element elementor-element-4558d70 elementor-widget elementor-widget-heading\" data-id=\"4558d70\" data-element_type=\"widget\" data-widget_type=\"heading.default\">\n\t\t\t\t<div class=\"elementor-widget-container\">\n\t\t\t\t\t<h2 class=\"elementor-heading-title elementor-size-default\">byty<\/h2>\t\t\t\t<\/div>\n\t\t\t\t<\/div>\n\t\t\t\t<div class=\"elementor-element elementor-element-a319f1b elementor-widget elementor-widget-text-editor\" data-id=\"a319f1b\" data-element_type=\"widget\" data-widget_type=\"text-editor.default\">\n\t\t\t\t<div class=\"elementor-widget-container\">\n\t\t\t\t\t\t\t\t\t<p><span style=\"font-weight: 400;\">Pro ty, kte\u0159\u00ed hledaj\u00ed v\u011bt\u0161\u00ed pohodl\u00ed, nab\u00edz\u00edme 11 jednotek pro 1 a\u017e 5 osob. Od studia Penede, kter\u00e9 je ide\u00e1ln\u00ed jako p\u0159\u00edstavek pro velk\u00e9 rodiny, a\u017e po miniglampy, mal\u00e9 stany s d\u0159ev\u011bnou konstrukc\u00ed, pohodln\u00fdmi postelemi a lo\u017en\u00edm pr\u00e1dlem v cen\u011b, ide\u00e1ln\u00ed pro mlad\u00e9 lidi, kte\u0159\u00ed hledaj\u00ed nez\u00e1vislost, nebo cyklistick\u00e9 p\u00e1ry hledaj\u00edc\u00ed odpo\u010dinek.<\/span><span style=\"font-weight: 400;\"><br><\/span><span style=\"font-weight: 400;\">  A\u0165 u\u017e je va\u0161e p\u0159edstava o pobytu jak\u00e1koli, jsme p\u0159ipraveni naj\u00edt pro v\u00e1s ide\u00e1ln\u00ed \u0159e\u0161en\u00ed. Pokud nenajdete na internetu to, co chcete, kontaktujte n\u00e1s!<\/span><\/p>\t\t\t\t\t\t\t\t<\/div>\n\t\t\t\t<\/div>\n\t\t\t\t<div class=\"elementor-element elementor-element-f1f8e73 elementor-widget elementor-widget-button\" data-id=\"f1f8e73\" data-element_type=\"widget\" data-widget_type=\"button.default\">\n\t\t\t\t<div class=\"elementor-widget-container\">\n\t\t\t\t\t\t\t\t\t<div class=\"elementor-button-wrapper\">\n\t\t\t\t\t<a class=\"elementor-button elementor-button-link elementor-size-sm\" href=\"https:\/\/www.campingalporto.it\/cs\/casa-tonelli\/\">\n\t\t\t\t\t\t<span class=\"elementor-button-content-wrapper\">\n\t\t\t\t\t\t\t\t\t<span class=\"elementor-button-text\">objevte byty<\/span>\n\t\t\t\t\t<\/span>\n\t\t\t\t\t<\/a>\n\t\t\t\t<\/div>\n\t\t\t\t\t\t\t\t<\/div>\n\t\t\t\t<\/div>\n\t\t\t\t<\/div>\n\t\t\t\t\t<\/div>\n\t\t\t\t<\/div>\n\t\t\t\t<\/div>\n\t\t","protected":false},"excerpt":{"rendered":"<p>v\u0161estrannost \u0158E\u0160EN\u00cd PRO KA\u017dDOU POT\u0158EBU Od roku 1985, kdy byl n\u00e1\u0161 kemp otev\u0159en s jedin\u00fdm typem kempovac\u00edho m\u00edsta, se jeho nab\u00eddka roz\u0161\u00ed\u0159ila tak, aby vyhovovala ka\u017ed\u00e9mu pobytu. Dnes v\u00edt\u00e1me \u0161irokou \u0161k\u00e1lu host\u016f: od osam\u011bl\u00fd cyklista hled\u00e1 mal\u00fd prostor pro sv\u016fj stan, na karavan cestuj\u00edc\u00ed s velk\u00fdmi vozidly, a\u017e po \u010dlov\u011bka, kter\u00fd chce za\u017e\u00edt atmosf\u00e9ru s [&hellip;]<\/p>\n","protected":false},"author":1,"featured_media":0,"parent":0,"menu_order":0,"comment_status":"closed","ping_status":"closed","template":"","meta":{"footnotes":""},"class_list":["post-3824","page","type-page","status-publish","hentry"],"_links":{"self":[{"href":"https:\/\/www.campingalporto.it\/cs\/wp-json\/wp\/v2\/pages\/3824","targetHints":{"allow":["GET"]}}],"collection":[{"href":"https:\/\/www.campingalporto.it\/cs\/wp-json\/wp\/v2\/pages"}],"about":[{"href":"https:\/\/www.campingalporto.it\/cs\/wp-json\/wp\/v2\/types\/page"}],"author":[{"embeddable":true,"href":"https:\/\/www.campingalporto.it\/cs\/wp-json\/wp\/v2\/users\/1"}],"replies":[{"embeddable":true,"href":"https:\/\/www.campingalporto.it\/cs\/wp-json\/wp\/v2\/comments?post=3824"}],"version-history":[{"count":1,"href":"https:\/\/www.campingalporto.it\/cs\/wp-json\/wp\/v2\/pages\/3824\/revisions"}],"predecessor-version":[{"id":3827,"href":"https:\/\/www.campingalporto.it\/cs\/wp-json\/wp\/v2\/pages\/3824\/revisions\/3827"}],"wp:attachment":[{"href":"https:\/\/www.campingalporto.it\/cs\/wp-json\/wp\/v2\/media?parent=3824"}],"curies":[{"name":"wp","href":"https:\/\/api.w.org\/{rel}","templated":true}]}}