{"id":3832,"date":"2025-01-15T12:47:00","date_gmt":"2025-01-15T11:47:00","guid":{"rendered":"https:\/\/campingalporto.it\/konzistence\/"},"modified":"2025-04-09T16:29:59","modified_gmt":"2025-04-09T14:29:59","slug":"konzistence","status":"publish","type":"page","link":"https:\/\/www.campingalporto.it\/cs\/konzistence\/","title":{"rendered":"Konzistence"},"content":{"rendered":"\t\t<div data-elementor-type=\"wp-page\" data-elementor-id=\"3832\" class=\"elementor elementor-3832 elementor-77\" data-elementor-post-type=\"page\">\n\t\t\t\t<div class=\"elementor-element elementor-element-40c96a5 hero-section e-flex e-con-boxed e-con e-parent\" data-id=\"40c96a5\" data-element_type=\"container\" data-settings=\"{&quot;background_background&quot;:&quot;classic&quot;,&quot;jet_parallax_layout_list&quot;:[]}\">\n\t\t\t\t\t<div class=\"e-con-inner\">\n\t\t\t\t\t<\/div>\n\t\t\t\t<\/div>\n\t\t<div class=\"elementor-element elementor-element-c4a8cf4 e-flex e-con-boxed e-con e-parent\" data-id=\"c4a8cf4\" data-element_type=\"container\" data-settings=\"{&quot;jet_parallax_layout_list&quot;:[]}\">\n\t\t\t\t\t<div class=\"e-con-inner\">\n\t\t<div class=\"elementor-element elementor-element-159463e e-con-full e-flex elementor-invisible e-con e-child\" data-id=\"159463e\" data-element_type=\"container\" data-settings=\"{&quot;jet_parallax_layout_list&quot;:[],&quot;animation&quot;:&quot;fadeInLeft&quot;,&quot;animation_mobile&quot;:&quot;fadeIn&quot;}\">\n\t\t\t\t<div class=\"elementor-element elementor-element-1f244f9 elementor-widget elementor-widget-heading\" data-id=\"1f244f9\" data-element_type=\"widget\" data-widget_type=\"heading.default\">\n\t\t\t\t<div class=\"elementor-widget-container\">\n\t\t\t\t\t<h2 class=\"elementor-heading-title elementor-size-default\">konzistence<\/h2>\t\t\t\t<\/div>\n\t\t\t\t<\/div>\n\t\t\t\t<div class=\"elementor-element elementor-element-4f07888 elementor-widget elementor-widget-heading\" data-id=\"4f07888\" data-element_type=\"widget\" data-widget_type=\"heading.default\">\n\t\t\t\t<div class=\"elementor-widget-container\">\n\t\t\t\t\t<h2 class=\"elementor-heading-title elementor-size-default\">Udr\u017eiteln\u00e1 dovolen\u00e1: z\u00e1vazek zako\u0159en\u011bn\u00fd na Zemi<\/h2>\t\t\t\t<\/div>\n\t\t\t\t<\/div>\n\t\t\t\t<div class=\"elementor-element elementor-element-ff0fb15 elementor-widget elementor-widget-text-editor\" data-id=\"ff0fb15\" data-element_type=\"widget\" data-widget_type=\"text-editor.default\">\n\t\t\t\t<div class=\"elementor-widget-container\">\n\t\t\t\t\t\t\t\t\t<p><b>P\u00e9\u010de<\/b>, <b>l\u00e1ska<\/b> a <b>\u00facta k t\u00e9to oblasti<\/b> pro n\u00e1s nejsou pouh\u00fdmi slovy, kter\u00e1 maj\u00ed dr\u017eet krok s komer\u010dn\u00edm trendem, ani n\u00e1stroji k z\u00edsk\u00e1n\u00ed nov\u00fdch z\u00e1kazn\u00edk\u016f. Na\u0161e \u00fazem\u00ed s bohatou <b>histori\u00ed<\/b>, <b>kr\u00e1sou<\/b> a <b>tradic\u00ed<\/b> to nepot\u0159ebuje. Naopak, tyto hodnoty p\u0159edstavuj\u00ed hlubok\u00e9 p\u0159esv\u011bd\u010den\u00ed, zako\u0159en\u011bn\u00e9 v na\u0161\u00ed identit\u011b a zp\u016fsobu, jak\u00fdm \u017eijeme a pracujeme.<br>Tuto zemi ob\u00fdv\u00e1me po generace, d\u016fv\u011brn\u011b ji zn\u00e1me a \u017eijeme v n\u00ed s hrdost\u00ed. <b>Udr\u017eitelnost<\/b> pro n\u00e1s <b>nen\u00ed slogan,<\/b> ale paradigma, na kter\u00e9m je zalo\u017eena <b>na\u0161e pohostinnost<\/b>. Ka\u017ed\u00e9 na\u0161e rozhodnut\u00ed je vedeno snahou <b>chr\u00e1nit toto p\u0159\u00edrodn\u00ed<\/b> a <b>kulturn\u00ed<\/b> <b>d\u011bdictv\u00ed<\/b>, aby z\u016fstalo zdravou zem\u00ed pro budouc\u00ed generace, <b>zem\u00ed, kterou mohou va\u0161e d\u011bti milovat stejn\u011b jako my<\/b>.<\/p>\t\t\t\t\t\t\t\t<\/div>\n\t\t\t\t<\/div>\n\t\t\t\t<\/div>\n\t\t\t\t<div class=\"elementor-element elementor-element-7964139 elementor-widget-mobile__width-inherit elementor-invisible elementor-widget elementor-widget-image\" data-id=\"7964139\" data-element_type=\"widget\" data-settings=\"{&quot;_animation&quot;:&quot;fadeInRight&quot;,&quot;_animation_mobile&quot;:&quot;fadeIn&quot;}\" data-widget_type=\"image.default\">\n\t\t\t\t<div class=\"elementor-widget-container\">\n\t\t\t\t\t\t\t\t\t\t\t\t\t\t\t<img fetchpriority=\"high\" decoding=\"async\" width=\"1730\" height=\"1568\" src=\"https:\/\/www.campingalporto.it\/wp-content\/uploads\/2025\/02\/coerenza-nuova.png\" class=\"attachment-full size-full wp-image-3563\" alt=\"\" srcset=\"https:\/\/www.campingalporto.it\/wp-content\/uploads\/2025\/02\/coerenza-nuova.png 1730w, https:\/\/www.campingalporto.it\/wp-content\/uploads\/2025\/02\/coerenza-nuova-300x272.png 300w, https:\/\/www.campingalporto.it\/wp-content\/uploads\/2025\/02\/coerenza-nuova-1024x928.png 1024w, https:\/\/www.campingalporto.it\/wp-content\/uploads\/2025\/02\/coerenza-nuova-768x696.png 768w, https:\/\/www.campingalporto.it\/wp-content\/uploads\/2025\/02\/coerenza-nuova-1536x1392.png 1536w\" sizes=\"(max-width: 1730px) 100vw, 1730px\" \/>\t\t\t\t\t\t\t\t\t\t\t\t\t\t\t<\/div>\n\t\t\t\t<\/div>\n\t\t\t\t\t<\/div>\n\t\t\t\t<\/div>\n\t\t<div class=\"elementor-element elementor-element-6fe0e90 e-flex e-con-boxed e-con e-parent\" data-id=\"6fe0e90\" data-element_type=\"container\" data-settings=\"{&quot;background_background&quot;:&quot;classic&quot;,&quot;jet_parallax_layout_list&quot;:[]}\">\n\t\t\t\t\t<div class=\"e-con-inner\">\n\t\t\t\t<div class=\"elementor-element elementor-element-5406fae elementor-widget__width-initial elementor-widget-tablet__width-inherit elementor-widget-tablet_extra__width-inherit elementor-widget elementor-widget-heading\" data-id=\"5406fae\" data-element_type=\"widget\" data-widget_type=\"heading.default\">\n\t\t\t\t<div class=\"elementor-widget-container\">\n\t\t\t\t\t<h2 class=\"elementor-heading-title elementor-size-default\">n\u00e1\u0161 konkr\u00e9tn\u00ed z\u00e1vazek v\u016f\u010di \u017eivotn\u00edmu prost\u0159ed\u00ed<\/h2>\t\t\t\t<\/div>\n\t\t\t\t<\/div>\n\t\t<div class=\"elementor-element elementor-element-895e51b e-con-full e-flex e-con e-child\" data-id=\"895e51b\" data-element_type=\"container\" data-settings=\"{&quot;jet_parallax_layout_list&quot;:[]}\">\n\t\t\t\t<div class=\"elementor-element elementor-element-b69a918 elementor-widget__width-initial elementor-widget-tablet__width-inherit elementor-widget elementor-widget-text-editor\" data-id=\"b69a918\" data-element_type=\"widget\" data-widget_type=\"text-editor.default\">\n\t\t\t\t<div class=\"elementor-widget-container\">\n\t\t\t\t\t\t\t\t\t<p>Zde je n\u011bkolik p\u0159\u00edklad\u016f toho, jak jednoduch\u00e9 a p\u0159irozen\u00e9 m\u016f\u017ee b\u00fdt jednat s v\u011bdom\u00edm:<span style=\"color: var( --e-global-color-text ); font-family: var( --e-global-typography-text-font-family ), Sans-serif; font-size: var( --e-global-typography-text-font-size ); font-weight: var( --e-global-typography-text-font-weight ); text-align: var(--text-align); background-color: var( --e-global-color-6102114 );\">na\u0161im host\u016fm poskytujeme <\/span><span style=\"color: var( --e-global-color-text ); font-family: var( --e-global-typography-text-font-family ), Sans-serif; font-size: var( --e-global-typography-text-font-size ); text-align: var(--text-align); background-color: var( --e-global-color-6102114 );\"><b>zdarma d\u00e1vkova\u010d mikrofiltrovan\u00e9 vody<\/b><\/span><span style=\"color: var( --e-global-color-text ); font-family: var( --e-global-typography-text-font-family ), Sans-serif; font-size: var( --e-global-typography-text-font-size ); font-weight: var( --e-global-typography-text-font-weight ); text-align: var(--text-align); background-color: var( --e-global-color-6102114 );\"> e <\/span><span style=\"color: var( --e-global-color-text ); font-family: var( --e-global-typography-text-font-family ), Sans-serif; font-size: var( --e-global-typography-text-font-size ); text-align: var(--text-align); background-color: var( --e-global-color-6102114 );\"><b>chlazen\u00e9 vody<\/b><\/span><span style=\"color: var( --e-global-color-text ); font-family: var( --e-global-typography-text-font-family ), Sans-serif; font-size: var( --e-global-typography-text-font-size ); font-weight: var( --e-global-typography-text-font-weight ); text-align: var(--text-align); background-color: var( --e-global-color-6102114 );\">p\u0159\u00edrodn\u00ed i perlivou, <\/span><span style=\"color: var( --e-global-color-text ); font-family: var( --e-global-typography-text-font-family ), Sans-serif; font-size: var( --e-global-typography-text-font-size ); text-align: var(--text-align); background-color: var( --e-global-color-6102114 );\"><b>abychom sn\u00ed\u017eili spot\u0159ebu plast\u016f<\/b><\/span><span style=\"color: var( --e-global-color-text ); font-family: var( --e-global-typography-text-font-family ), Sans-serif; font-size: var( --e-global-typography-text-font-size ); font-weight: var( --e-global-typography-text-font-weight ); text-align: var(--text-align); background-color: var( --e-global-color-6102114 );\">. Jen v roce 2024 jsme se d\u00edky tomuto syst\u00e9mu vyhnuli pou\u017eit\u00ed v\u00edce ne\u017e 20 milion\u016f EUR.  <\/span><span style=\"color: var( --e-global-color-text ); font-family: var( --e-global-typography-text-font-family ), Sans-serif; font-size: var( --e-global-typography-text-font-size ); text-align: var(--text-align); background-color: var( --e-global-color-6102114 );\"><b>20 000 PET lahv\u00ed<\/b><\/span><span style=\"color: var( --e-global-color-text ); font-family: var( --e-global-typography-text-font-family ), Sans-serif; font-size: var( --e-global-typography-text-font-size ); font-weight: var( --e-global-typography-text-font-weight ); text-align: var(--text-align); background-color: var( --e-global-color-6102114 );\">!<\/span><\/p><p>Z\u00e1vazek udr\u017eitelnosti pokra\u010duje:<\/p><ul><li><b>Dv\u011b baterie sol\u00e1rn\u00edch panel\u016f<\/b> pro oh\u0159ev u\u017eitkov\u00e9 vody a za\u0159\u00edzen\u00ed Casa Tonelli.<\/li><li><b>Fotovoltaick\u00fd syst\u00e9m o v\u00fdkonu 30 kW<\/b> a dod\u00e1vky elekt\u0159iny v\u00fdhradn\u011b od spole\u010dnost\u00ed, kter\u00e9 vyr\u00e1b\u011bj\u00ed energii ze <b>100 % z obnoviteln\u00fdch zdroj\u016f<\/b>.<\/li><li><b>Osv\u011btlen\u00ed s n\u00edzk\u00fdm dopadem na \u017eivotn\u00ed prost\u0159ed\u00ed<\/b> d\u00edky pou\u017eit\u00ed sv\u011bteln\u00fdch zdroj\u016f t\u0159\u00eddy A a LED diod, syst\u00e9mu automatick\u00e9ho vyp\u00edn\u00e1n\u00ed v dob\u011b nep\u0159\u00edtomnosti u\u017eivatel\u016f a sn\u00ed\u017een\u00ed no\u010dn\u00edho osv\u011btlen\u00ed a\u017e o 80 % od p\u016flnoci.<\/li><li><b>Monitorov\u00e1n\u00ed spot\u0159eby na h\u0159i\u0161t\u00edch<\/b>, kter\u00e9 host\u016fm nab\u00edz\u00ed uv\u011bdom\u011bl\u00e9 a autonomn\u00ed \u0159\u00edzen\u00ed spot\u0159eby energie a zaji\u0161\u0165uje pohodl\u00ed bez pl\u00fdtv\u00e1n\u00ed.<\/li><li><b>M\u011bstsk\u00e1 kola za dotovan\u00e9 ceny na<\/b> podporu udr\u017eiteln\u00e9ho cestov\u00e1n\u00ed a sn\u00ed\u017een\u00ed pou\u017e\u00edv\u00e1n\u00ed automobil\u016f.<\/li><li>Ka\u017ed\u00fd host m\u00e1 pr\u00e1vo po\u017e\u00e1dat o kartu <b>Garda-Guest Card<\/b>, kter\u00e1 ho mimo jin\u00e9 oprav\u0148uje k bezplatn\u00e9mu vyu\u017e\u00edv\u00e1n\u00ed ve\u0159ejn\u00e9 dopravy v cel\u00e9m regionu Trentino.<\/li><li><b>Udr\u017eiteln\u00e1 v\u00fdstavba<\/b><br>Budova pro slu\u017eby a prostorn\u011bj\u0161\u00ed jednotky pro hosty, postaven\u00e1 v roce 2017, byla postavena v\u00fdhradn\u011b z <b>lepen\u00e9ho lamelov\u00e9ho d\u0159eva X-Lam<\/b> bez pou\u017eit\u00ed chemick\u00fdch p\u0159\u00edsad a toxick\u00fdch malt. Konstrukce byla dokon\u010dena suchou cestou s\u00e1drov\u00fdmi deskami, kter\u00e9 poskytuj\u00ed vynikaj\u00edc\u00ed <b>tepelnou a zvukovou izolaci<\/b> pro pohodln\u00fd pobyt.<\/li><\/ul>\t\t\t\t\t\t\t\t<\/div>\n\t\t\t\t<\/div>\n\t\t\t\t<div class=\"elementor-element elementor-element-2bbf1f4 elementor-widget__width-initial elementor-widget-tablet__width-inherit elementor-widget elementor-widget-text-editor\" data-id=\"2bbf1f4\" data-element_type=\"widget\" data-widget_type=\"text-editor.default\">\n\t\t\t\t<div class=\"elementor-widget-container\">\n\t\t\t\t\t\t\t\t\t<p class=\"p1\">Pozornost v\u011bnovan\u00e1 p\u00e9\u010di o zele\u0148:<\/p><ul class=\"ul1\"><li class=\"li2\">N\u00e1\u0161 <b>botanick\u00fd park<\/b> je chr\u00e1n\u011bn nejmodern\u011bj\u0161\u00edmi technikami ekologick\u00e9 ochrany bez pou\u017eit\u00ed pesticid\u016f.<\/li><li class=\"li2\">M\u00e1me <b>dvoj\u00ed vodovodn\u00ed s\u00ed\u0165<\/b>: pitnou vodu z ve\u0159ejn\u00e9ho vodovodu a podzemn\u00ed vodu, kter\u00e1 se pou\u017e\u00edv\u00e1 na zavla\u017eov\u00e1n\u00ed a splachov\u00e1n\u00ed toalet, kde nemus\u00ed b\u00fdt pitn\u00e1.<\/li><li class=\"li1\">Strategick\u00e9 rozm\u00edst\u011bn\u00ed rostlin a c\u00edlen\u00fd \u0159ez vytv\u00e1\u0159ej\u00ed ide\u00e1ln\u00ed mikroklima: chr\u00e1n\u00ed p\u0159ed jarn\u00edm v\u011btrem, umo\u017e\u0148uj\u00ed optim\u00e1ln\u00ed slune\u010dn\u00ed z\u00e1\u0159en\u00ed uprost\u0159ed sez\u00f3ny a poskytuj\u00ed chladn\u00fd st\u00edn v tepl\u00fdch m\u011bs\u00edc\u00edch, \u010d\u00edm\u017e sni\u017euj\u00ed pot\u0159ebu vyt\u00e1p\u011bn\u00ed a chlazen\u00ed.<\/li><\/ul>\t\t\t\t\t\t\t\t<\/div>\n\t\t\t\t<\/div>\n\t\t\t\t<\/div>\n\t\t\t\t\t<\/div>\n\t\t\t\t<\/div>\n\t\t<div class=\"elementor-element elementor-element-b24169b e-flex e-con-boxed e-con e-parent\" data-id=\"b24169b\" data-element_type=\"container\" data-settings=\"{&quot;jet_parallax_layout_list&quot;:[],&quot;background_background&quot;:&quot;classic&quot;}\">\n\t\t\t\t\t<div class=\"e-con-inner\">\n\t\t\t\t<div class=\"elementor-element elementor-element-6decf8f elementor-widget-mobile__width-inherit elementor-invisible elementor-widget elementor-widget-image\" data-id=\"6decf8f\" data-element_type=\"widget\" data-settings=\"{&quot;_animation&quot;:&quot;fadeInLeft&quot;,&quot;_animation_mobile&quot;:&quot;fadeIn&quot;}\" data-widget_type=\"image.default\">\n\t\t\t\t<div class=\"elementor-widget-container\">\n\t\t\t\t\t\t\t\t\t\t\t\t\t\t\t<img decoding=\"async\" width=\"1730\" height=\"1568\" src=\"https:\/\/www.campingalporto.it\/wp-content\/uploads\/2025\/02\/coerenza-new-2.png\" class=\"attachment-full size-full wp-image-3566\" alt=\"\" srcset=\"https:\/\/www.campingalporto.it\/wp-content\/uploads\/2025\/02\/coerenza-new-2.png 1730w, https:\/\/www.campingalporto.it\/wp-content\/uploads\/2025\/02\/coerenza-new-2-300x272.png 300w, https:\/\/www.campingalporto.it\/wp-content\/uploads\/2025\/02\/coerenza-new-2-1024x928.png 1024w, https:\/\/www.campingalporto.it\/wp-content\/uploads\/2025\/02\/coerenza-new-2-768x696.png 768w, https:\/\/www.campingalporto.it\/wp-content\/uploads\/2025\/02\/coerenza-new-2-1536x1392.png 1536w\" sizes=\"(max-width: 1730px) 100vw, 1730px\" \/>\t\t\t\t\t\t\t\t\t\t\t\t\t\t\t<\/div>\n\t\t\t\t<\/div>\n\t\t<div class=\"elementor-element elementor-element-79f87bb e-con-full e-flex elementor-invisible e-con e-child\" data-id=\"79f87bb\" data-element_type=\"container\" data-settings=\"{&quot;jet_parallax_layout_list&quot;:[],&quot;animation&quot;:&quot;fadeInRight&quot;,&quot;animation_mobile&quot;:&quot;fadeIn&quot;}\">\n\t\t\t\t<div class=\"elementor-element elementor-element-dc31977 elementor-widget elementor-widget-heading\" data-id=\"dc31977\" data-element_type=\"widget\" data-widget_type=\"heading.default\">\n\t\t\t\t<div class=\"elementor-widget-container\">\n\t\t\t\t\t<h2 class=\"elementor-heading-title elementor-size-default\">bistro<\/h2>\t\t\t\t<\/div>\n\t\t\t\t<\/div>\n\t\t\t\t<div class=\"elementor-element elementor-element-886f494 elementor-widget elementor-widget-heading\" data-id=\"886f494\" data-element_type=\"widget\" data-widget_type=\"heading.default\">\n\t\t\t\t<div class=\"elementor-widget-container\">\n\t\t\t\t\t<h2 class=\"elementor-heading-title elementor-size-default\">dou\u0161ek \u00fazem\u00ed a solidarity<\/h2>\t\t\t\t<\/div>\n\t\t\t\t<\/div>\n\t\t\t\t<div class=\"elementor-element elementor-element-9eacaf9 elementor-widget elementor-widget-text-editor\" data-id=\"9eacaf9\" data-element_type=\"widget\" data-widget_type=\"text-editor.default\">\n\t\t\t\t<div class=\"elementor-widget-container\">\n\t\t\t\t\t\t\t\t\t<p class=\"p1\">V na\u0161em bistru najdete v\u00fdb\u011br <b>m\u00edstn\u00edch v\u00edn,<\/b> abychom podpo\u0159ili m\u00edstn\u00ed zem\u011bd\u011blce a k\u0159ehkou krajinu p\u011bstov\u00e1n\u00ed vinn\u00e9 r\u00e9vy a oliv, kter\u00e9 se \u010dasto p\u011bstuj\u00ed s velk\u00fdm \u00fasil\u00edm v obt\u00ed\u017en\u00fdch p\u0159\u00edrodn\u00edch podm\u00ednk\u00e1ch.<\/p><p class=\"p1\"><span class=\"s1\">Mal\u00e1 ka\u017edodenn\u00ed rozhodnut\u00ed, kter\u00e1 se prom\u00edtaj\u00ed do velk\u00e9ho z\u00e1vazku v\u016f\u010di \u017eivotn\u00edmu prost\u0159ed\u00ed, ani\u017e bychom se vzd\u00e1vali, ale s v\u011bdom\u00edm a respektem k na\u0161emu n\u00e1dhern\u00e9mu \u00fazem\u00ed.<\/span><\/p>\t\t\t\t\t\t\t\t<\/div>\n\t\t\t\t<\/div>\n\t\t\t\t<\/div>\n\t\t\t\t\t<\/div>\n\t\t\t\t<\/div>\n\t\t\t\t<\/div>\n\t\t","protected":false},"excerpt":{"rendered":"<p>konzistence Udr\u017eiteln\u00e1 dovolen\u00e1: z\u00e1vazek zako\u0159en\u011bn\u00fd na Zemi P\u00e9\u010de, l\u00e1ska a \u00facta k t\u00e9to oblasti pro n\u00e1s nejsou pouh\u00fdmi slovy, kter\u00e1 maj\u00ed dr\u017eet krok s komer\u010dn\u00edm trendem, ani n\u00e1stroji k z\u00edsk\u00e1n\u00ed nov\u00fdch z\u00e1kazn\u00edk\u016f. Na\u0161e \u00fazem\u00ed s bohatou histori\u00ed, kr\u00e1sou a tradic\u00ed to nepot\u0159ebuje. Naopak, tyto hodnoty p\u0159edstavuj\u00ed hlubok\u00e9 p\u0159esv\u011bd\u010den\u00ed, zako\u0159en\u011bn\u00e9 v na\u0161\u00ed identit\u011b a zp\u016fsobu, jak\u00fdm [&hellip;]<\/p>\n","protected":false},"author":1,"featured_media":0,"parent":0,"menu_order":0,"comment_status":"closed","ping_status":"closed","template":"","meta":{"footnotes":""},"class_list":["post-3832","page","type-page","status-publish","hentry"],"_links":{"self":[{"href":"https:\/\/www.campingalporto.it\/cs\/wp-json\/wp\/v2\/pages\/3832","targetHints":{"allow":["GET"]}}],"collection":[{"href":"https:\/\/www.campingalporto.it\/cs\/wp-json\/wp\/v2\/pages"}],"about":[{"href":"https:\/\/www.campingalporto.it\/cs\/wp-json\/wp\/v2\/types\/page"}],"author":[{"embeddable":true,"href":"https:\/\/www.campingalporto.it\/cs\/wp-json\/wp\/v2\/users\/1"}],"replies":[{"embeddable":true,"href":"https:\/\/www.campingalporto.it\/cs\/wp-json\/wp\/v2\/comments?post=3832"}],"version-history":[{"count":1,"href":"https:\/\/www.campingalporto.it\/cs\/wp-json\/wp\/v2\/pages\/3832\/revisions"}],"predecessor-version":[{"id":3834,"href":"https:\/\/www.campingalporto.it\/cs\/wp-json\/wp\/v2\/pages\/3832\/revisions\/3834"}],"wp:attachment":[{"href":"https:\/\/www.campingalporto.it\/cs\/wp-json\/wp\/v2\/media?parent=3832"}],"curies":[{"name":"wp","href":"https:\/\/api.w.org\/{rel}","templated":true}]}}