{"id":17411,"date":"2025-05-15T12:45:08","date_gmt":"2025-05-15T10:45:08","guid":{"rendered":"https:\/\/www.campingalporto.it\/casa-tonelli\/baldo\/"},"modified":"2025-08-01T18:18:50","modified_gmt":"2025-08-01T16:18:50","slug":"baldo","status":"publish","type":"page","link":"https:\/\/www.campingalporto.it\/de\/casa-tonelli\/baldo\/","title":{"rendered":"Baldo"},"content":{"rendered":"\t\t<div data-elementor-type=\"wp-page\" data-elementor-id=\"17411\" class=\"elementor elementor-17411 elementor-4709\" data-elementor-post-type=\"page\">\n\t\t\t\t<div class=\"elementor-element elementor-element-f31b102 hero-section e-flex e-con-boxed e-con e-parent\" data-id=\"f31b102\" data-element_type=\"container\" data-settings=\"{&quot;background_background&quot;:&quot;classic&quot;,&quot;jet_parallax_layout_list&quot;:[]}\">\n\t\t\t\t\t<div class=\"e-con-inner\">\n\t\t\t\t\t<\/div>\n\t\t\t\t<\/div>\n\t\t<div class=\"elementor-element elementor-element-3cf9fd3 e-flex e-con-boxed e-con e-parent\" data-id=\"3cf9fd3\" data-element_type=\"container\" data-settings=\"{&quot;jet_parallax_layout_list&quot;:[]}\">\n\t\t\t\t\t<div class=\"e-con-inner\">\n\t\t\t\t<div class=\"elementor-element elementor-element-612a721 elementor-widget elementor-widget-template\" data-id=\"612a721\" data-element_type=\"widget\" data-widget_type=\"template.default\">\n\t\t\t\t<div class=\"elementor-widget-container\">\n\t\t\t\t\t\t\t<div class=\"elementor-template\">\n\t\t\t\t\t<div data-elementor-type=\"container\" data-elementor-id=\"3769\" class=\"elementor elementor-3769 elementor-568\" data-elementor-post-type=\"elementor_library\">\n\t\t\t\t<div class=\"elementor-element elementor-element-328c403 e-flex e-con-boxed e-con e-parent\" data-id=\"328c403\" data-element_type=\"container\" data-settings=\"{&quot;background_background&quot;:&quot;classic&quot;,&quot;jet_parallax_layout_list&quot;:[]}\">\n\t\t\t\t\t<div class=\"e-con-inner\">\n\t\t\t\t<div class=\"elementor-element elementor-element-86632f0 menu-special elementor-widget elementor-widget-heading\" data-id=\"86632f0\" data-element_type=\"widget\" data-widget_type=\"heading.default\">\n\t\t\t\t<div class=\"elementor-widget-container\">\n\t\t\t\t\t<h2 class=\"elementor-heading-title elementor-size-default\"><a href=\"https:\/\/www.campingalporto.it\/casa-tonelli\/\">Casa Tonelli<\/a><\/h2>\t\t\t\t<\/div>\n\t\t\t\t<\/div>\n\t\t\t\t<div class=\"elementor-element elementor-element-83f0066 elementor-nav-menu--dropdown-mobile elementor-nav-menu__text-align-center elementor-widget elementor-widget-nav-menu\" data-id=\"83f0066\" data-element_type=\"widget\" data-settings=\"{&quot;layout&quot;:&quot;horizontal&quot;,&quot;submenu_icon&quot;:{&quot;value&quot;:&quot;&lt;svg aria-hidden=\\&quot;true\\&quot; class=\\&quot;e-font-icon-svg e-fas-caret-down\\&quot; viewBox=\\&quot;0 0 320 512\\&quot; xmlns=\\&quot;http:\\\/\\\/www.w3.org\\\/2000\\\/svg\\&quot;&gt;&lt;path d=\\&quot;M31.3 192h257.3c17.8 0 26.7 21.5 14.1 34.1L174.1 354.8c-7.8 7.8-20.5 7.8-28.3 0L17.2 226.1C4.6 213.5 13.5 192 31.3 192z\\&quot;&gt;&lt;\\\/path&gt;&lt;\\\/svg&gt;&quot;,&quot;library&quot;:&quot;fa-solid&quot;}}\" data-widget_type=\"nav-menu.default\">\n\t\t\t\t<div class=\"elementor-widget-container\">\n\t\t\t\t\t\t\t\t<nav aria-label=\"Menu\" class=\"elementor-nav-menu--main elementor-nav-menu__container elementor-nav-menu--layout-horizontal e--pointer-none\">\n\t\t\t\t<ul id=\"menu-1-83f0066\" class=\"elementor-nav-menu\"><li class=\"menu-item menu-item-type-post_type menu-item-object-page menu-item-564\"><a href=\"https:\/\/www.campingalporto.it\/casa-tonelli\/peler-2\/\" class=\"elementor-item\">Peler<\/a><\/li>\n<li class=\"menu-item menu-item-type-post_type menu-item-object-page menu-item-563\"><a href=\"https:\/\/www.campingalporto.it\/casa-tonelli\/balin\/\" class=\"elementor-item\">Balin<\/a><\/li>\n<li class=\"menu-item menu-item-type-post_type menu-item-object-page menu-item-562\"><a href=\"https:\/\/www.campingalporto.it\/casa-tonelli\/ponale\/\" class=\"elementor-item\">Ponale<\/a><\/li>\n<li class=\"menu-item menu-item-type-post_type menu-item-object-page menu-item-561\"><a href=\"https:\/\/www.campingalporto.it\/casa-tonelli\/ora\/\" class=\"elementor-item\">Ora<\/a><\/li>\n<li class=\"menu-item menu-item-type-post_type menu-item-object-page menu-item-560\"><a href=\"https:\/\/www.campingalporto.it\/casa-tonelli\/levante\/\" class=\"elementor-item\">Levante<\/a><\/li>\n<li class=\"menu-item menu-item-type-post_type menu-item-object-page menu-item-559\"><a href=\"https:\/\/www.campingalporto.it\/casa-tonelli\/maestrale\/\" class=\"elementor-item\">Maestrale<\/a><\/li>\n<li class=\"menu-item menu-item-type-post_type menu-item-object-page menu-item-558\"><a href=\"https:\/\/www.campingalporto.it\/casa-tonelli\/libeccio\/\" class=\"elementor-item\">Libeccio<\/a><\/li>\n<li class=\"menu-item menu-item-type-post_type menu-item-object-page menu-item-557\"><a href=\"https:\/\/www.campingalporto.it\/casa-tonelli\/scirocco\/\" class=\"elementor-item\">Scirocco<\/a><\/li>\n<li class=\"menu-item menu-item-type-post_type menu-item-object-page menu-item-555\"><a href=\"https:\/\/www.campingalporto.it\/casa-tonelli\/occidente\/\" class=\"elementor-item\">Occidente<\/a><\/li>\n<li class=\"menu-item menu-item-type-post_type menu-item-object-page menu-item-556\"><a href=\"https:\/\/www.campingalporto.it\/casa-tonelli\/oriente\/\" class=\"elementor-item\">Oriente<\/a><\/li>\n<li class=\"menu-item menu-item-type-post_type menu-item-object-page menu-item-4894\"><a href=\"https:\/\/www.campingalporto.it\/casa-tonelli\/baldo\/\" class=\"elementor-item\">Baldo<\/a><\/li>\n<li class=\"menu-item menu-item-type-post_type menu-item-object-page menu-item-4893\"><a href=\"https:\/\/www.campingalporto.it\/casa-tonelli\/brione\/\" class=\"elementor-item\">Brione<\/a><\/li>\n<\/ul>\t\t\t<\/nav>\n\t\t\t\t\t\t<nav class=\"elementor-nav-menu--dropdown elementor-nav-menu__container\" aria-hidden=\"true\">\n\t\t\t\t<ul id=\"menu-2-83f0066\" class=\"elementor-nav-menu\"><li class=\"menu-item menu-item-type-post_type menu-item-object-page menu-item-564\"><a href=\"https:\/\/www.campingalporto.it\/casa-tonelli\/peler-2\/\" class=\"elementor-item\" tabindex=\"-1\">Peler<\/a><\/li>\n<li class=\"menu-item menu-item-type-post_type menu-item-object-page menu-item-563\"><a href=\"https:\/\/www.campingalporto.it\/casa-tonelli\/balin\/\" class=\"elementor-item\" tabindex=\"-1\">Balin<\/a><\/li>\n<li class=\"menu-item menu-item-type-post_type menu-item-object-page menu-item-562\"><a href=\"https:\/\/www.campingalporto.it\/casa-tonelli\/ponale\/\" class=\"elementor-item\" tabindex=\"-1\">Ponale<\/a><\/li>\n<li class=\"menu-item menu-item-type-post_type menu-item-object-page menu-item-561\"><a href=\"https:\/\/www.campingalporto.it\/casa-tonelli\/ora\/\" class=\"elementor-item\" tabindex=\"-1\">Ora<\/a><\/li>\n<li class=\"menu-item menu-item-type-post_type menu-item-object-page menu-item-560\"><a href=\"https:\/\/www.campingalporto.it\/casa-tonelli\/levante\/\" class=\"elementor-item\" tabindex=\"-1\">Levante<\/a><\/li>\n<li class=\"menu-item menu-item-type-post_type menu-item-object-page menu-item-559\"><a href=\"https:\/\/www.campingalporto.it\/casa-tonelli\/maestrale\/\" class=\"elementor-item\" tabindex=\"-1\">Maestrale<\/a><\/li>\n<li class=\"menu-item menu-item-type-post_type menu-item-object-page menu-item-558\"><a href=\"https:\/\/www.campingalporto.it\/casa-tonelli\/libeccio\/\" class=\"elementor-item\" tabindex=\"-1\">Libeccio<\/a><\/li>\n<li class=\"menu-item menu-item-type-post_type menu-item-object-page menu-item-557\"><a href=\"https:\/\/www.campingalporto.it\/casa-tonelli\/scirocco\/\" class=\"elementor-item\" tabindex=\"-1\">Scirocco<\/a><\/li>\n<li class=\"menu-item menu-item-type-post_type menu-item-object-page menu-item-555\"><a href=\"https:\/\/www.campingalporto.it\/casa-tonelli\/occidente\/\" class=\"elementor-item\" tabindex=\"-1\">Occidente<\/a><\/li>\n<li class=\"menu-item menu-item-type-post_type menu-item-object-page menu-item-556\"><a href=\"https:\/\/www.campingalporto.it\/casa-tonelli\/oriente\/\" class=\"elementor-item\" tabindex=\"-1\">Oriente<\/a><\/li>\n<li class=\"menu-item menu-item-type-post_type menu-item-object-page menu-item-4894\"><a href=\"https:\/\/www.campingalporto.it\/casa-tonelli\/baldo\/\" class=\"elementor-item\" tabindex=\"-1\">Baldo<\/a><\/li>\n<li class=\"menu-item menu-item-type-post_type menu-item-object-page menu-item-4893\"><a href=\"https:\/\/www.campingalporto.it\/casa-tonelli\/brione\/\" class=\"elementor-item\" tabindex=\"-1\">Brione<\/a><\/li>\n<\/ul>\t\t\t<\/nav>\n\t\t\t\t\t\t<\/div>\n\t\t\t\t<\/div>\n\t\t\t\t\t<\/div>\n\t\t\t\t<\/div>\n\t\t\t\t<\/div>\n\t\t\t\t<\/div>\n\t\t\t\t\t\t<\/div>\n\t\t\t\t<\/div>\n\t\t\t\t\t<\/div>\n\t\t\t\t<\/div>\n\t\t<div class=\"elementor-element elementor-element-db65b4f e-flex e-con-boxed e-con e-parent\" data-id=\"db65b4f\" data-element_type=\"container\" data-settings=\"{&quot;jet_parallax_layout_list&quot;:[],&quot;background_background&quot;:&quot;classic&quot;}\">\n\t\t\t\t\t<div class=\"e-con-inner\">\n\t\t<div class=\"elementor-element elementor-element-3be90c4 e-con-full e-flex elementor-invisible e-con e-child\" data-id=\"3be90c4\" data-element_type=\"container\" data-settings=\"{&quot;animation&quot;:&quot;fadeInLeft&quot;,&quot;jet_parallax_layout_list&quot;:[]}\">\n\t\t\t\t<div class=\"elementor-element elementor-element-42dc754 elementor-widget elementor-widget-heading\" data-id=\"42dc754\" data-element_type=\"widget\" data-widget_type=\"heading.default\">\n\t\t\t\t<div class=\"elementor-widget-container\">\n\t\t\t\t\t<h2 class=\"elementor-heading-title elementor-size-default\">in der Umgebung<\/h2>\t\t\t\t<\/div>\n\t\t\t\t<\/div>\n\t\t\t\t<div class=\"elementor-element elementor-element-c6debf7 elementor-widget elementor-widget-heading\" data-id=\"c6debf7\" data-element_type=\"widget\" data-widget_type=\"heading.default\">\n\t\t\t\t<div class=\"elementor-widget-container\">\n\t\t\t\t\t<h2 class=\"elementor-heading-title elementor-size-default\">Wohnung Baldo<\/h2>\t\t\t\t<\/div>\n\t\t\t\t<\/div>\n\t\t\t\t<div class=\"elementor-element elementor-element-a7b65a4 elementor-icon-list--layout-inline elementor-align-center elementor-list-item-link-full_width elementor-widget elementor-widget-icon-list\" data-id=\"a7b65a4\" data-element_type=\"widget\" data-widget_type=\"icon-list.default\">\n\t\t\t\t<div class=\"elementor-widget-container\">\n\t\t\t\t\t\t\t<ul class=\"elementor-icon-list-items elementor-inline-items\">\n\t\t\t\t\t\t\t<li class=\"elementor-icon-list-item elementor-inline-item\">\n\t\t\t\t\t\t\t\t\t\t\t<span class=\"elementor-icon-list-icon\">\n\t\t\t\t\t\t\t<svg aria-hidden=\"true\" class=\"e-font-icon-svg e-far-user\" viewBox=\"0 0 448 512\" xmlns=\"http:\/\/www.w3.org\/2000\/svg\"><path d=\"M313.6 304c-28.7 0-42.5 16-89.6 16-47.1 0-60.8-16-89.6-16C60.2 304 0 364.2 0 438.4V464c0 26.5 21.5 48 48 48h352c26.5 0 48-21.5 48-48v-25.6c0-74.2-60.2-134.4-134.4-134.4zM400 464H48v-25.6c0-47.6 38.8-86.4 86.4-86.4 14.6 0 38.3 16 89.6 16 51.7 0 74.9-16 89.6-16 47.6 0 86.4 38.8 86.4 86.4V464zM224 288c79.5 0 144-64.5 144-144S303.5 0 224 0 80 64.5 80 144s64.5 144 144 144zm0-240c52.9 0 96 43.1 96 96s-43.1 96-96 96-96-43.1-96-96 43.1-96 96-96z\"><\/path><\/svg>\t\t\t\t\t\t<\/span>\n\t\t\t\t\t\t\t\t\t\t<span class=\"elementor-icon-list-text\">Personen: 2 + 2<\/span>\n\t\t\t\t\t\t\t\t\t<\/li>\n\t\t\t\t\t\t<\/ul>\n\t\t\t\t\t\t<\/div>\n\t\t\t\t<\/div>\n\t\t\t\t<\/div>\n\t\t<div class=\"elementor-element elementor-element-eb251f1 e-con-full e-flex e-con e-child\" data-id=\"eb251f1\" data-element_type=\"container\" data-settings=\"{&quot;jet_parallax_layout_list&quot;:[]}\">\n\t\t\t\t<div class=\"elementor-element elementor-element-4264501 elementor-widget__width-initial elementor-widget-tablet__width-inherit elementor-widget-mobile__width-inherit elementor-widget elementor-widget-text-editor\" data-id=\"4264501\" data-element_type=\"widget\" data-widget_type=\"text-editor.default\">\n\t\t\t\t<div class=\"elementor-widget-container\">\n\t\t\t\t\t\t\t\t\t<div class=\"gmail_default\">Das Appartamento Baldo mit Terrasse und Gartenblick befindet sich in Nago-Torbole, 31 km von der Burg Avio und 44 km vom Museo Nazionale di Sant&#8217;Antonio di Montepulciano entfernt. Dieses Apartment bietet kostenfreie Privatparkpl\u00e4tze, einen Aufzug und kostenfreies WLAN. Die Nichtraucher Unterkunft liegt 500 m vom Strand Lido Blu entfernt.  <br><br><span>Das Apartment mit Balkon und Seeblick verf\u00fcgt \u00fcber 1 Schlafzimmer, ein Wohnzimmer, einen Flachbild-TV, eine ausgestattete K\u00fcche mit Backofen und K\u00fchlschrank sowie 1 Badezimmer mit Bidet. Handt\u00fccher und Bettw\u00e4sche werden gestellt. Die Unterkunft bietet einen Blick auf die ruhige Stra\u00dfe.  <\/span><br><br><span>Der Molvenosee liegt 46 km vom Apartment entfernt. Der Flughafen Verona Villafranca ist 79 km entfernt. <\/span><\/div>\t\t\t\t\t\t\t\t<\/div>\n\t\t\t\t<\/div>\n\t\t\t\t<div class=\"elementor-element elementor-element-9e6b066 elementor-widget-mobile__width-inherit elementor-widget elementor-widget-image\" data-id=\"9e6b066\" data-element_type=\"widget\" data-widget_type=\"image.default\">\n\t\t\t\t<div class=\"elementor-widget-container\">\n\t\t\t\t\t\t\t\t\t\t\t\t\t\t\t<img fetchpriority=\"high\" decoding=\"async\" width=\"956\" height=\"988\" src=\"https:\/\/www.campingalporto.it\/wp-content\/uploads\/2025\/05\/appartamento-baldo-dx.webp\" class=\"attachment-full size-full wp-image-4783\" alt=\"\" srcset=\"https:\/\/www.campingalporto.it\/wp-content\/uploads\/2025\/05\/appartamento-baldo-dx.webp 956w, https:\/\/www.campingalporto.it\/wp-content\/uploads\/2025\/05\/appartamento-baldo-dx-290x300.webp 290w, https:\/\/www.campingalporto.it\/wp-content\/uploads\/2025\/05\/appartamento-baldo-dx-768x794.webp 768w\" sizes=\"(max-width: 956px) 100vw, 956px\" \/>\t\t\t\t\t\t\t\t\t\t\t\t\t\t\t<\/div>\n\t\t\t\t<\/div>\n\t\t\t\t<div class=\"elementor-element elementor-element-7b26c93 elementor-widget-mobile__width-inherit elementor-hidden-desktop elementor-hidden-tablet_extra elementor-hidden-tablet elementor-hidden-mobile elementor-widget elementor-widget-image\" data-id=\"7b26c93\" data-element_type=\"widget\" data-widget_type=\"image.default\">\n\t\t\t\t<div class=\"elementor-widget-container\">\n\t\t\t\t\t\t\t\t\t\t\t\t\t\t\t<img decoding=\"async\" width=\"1000\" height=\"893\" src=\"https:\/\/www.campingalporto.it\/wp-content\/uploads\/2025\/02\/apt-balin.jpg\" class=\"attachment-full size-full wp-image-3334\" alt=\"\" srcset=\"https:\/\/www.campingalporto.it\/wp-content\/uploads\/2025\/02\/apt-balin.jpg 1000w, https:\/\/www.campingalporto.it\/wp-content\/uploads\/2025\/02\/apt-balin-300x268.jpg 300w, https:\/\/www.campingalporto.it\/wp-content\/uploads\/2025\/02\/apt-balin-768x686.jpg 768w\" sizes=\"(max-width: 1000px) 100vw, 1000px\" \/>\t\t\t\t\t\t\t\t\t\t\t\t\t\t\t<\/div>\n\t\t\t\t<\/div>\n\t\t\t\t<\/div>\n\t\t\t\t\t<\/div>\n\t\t\t\t<\/div>\n\t\t<div class=\"elementor-element elementor-element-59dc138 e-flex e-con-boxed e-con e-parent\" data-id=\"59dc138\" data-element_type=\"container\" data-settings=\"{&quot;jet_parallax_layout_list&quot;:[],&quot;background_background&quot;:&quot;classic&quot;}\">\n\t\t\t\t\t<div class=\"e-con-inner\">\n\t\t\t\t<div class=\"elementor-element elementor-element-2a4d86f elementor-widget elementor-widget-gallery\" data-id=\"2a4d86f\" data-element_type=\"widget\" data-settings=\"{&quot;gap&quot;:{&quot;unit&quot;:&quot;px&quot;,&quot;size&quot;:20,&quot;sizes&quot;:[]},&quot;aspect_ratio&quot;:&quot;1:1&quot;,&quot;columns_mobile&quot;:2,&quot;columns_tablet&quot;:4,&quot;lazyload&quot;:&quot;yes&quot;,&quot;gallery_layout&quot;:&quot;grid&quot;,&quot;columns&quot;:4,&quot;gap_tablet_extra&quot;:{&quot;unit&quot;:&quot;px&quot;,&quot;size&quot;:10,&quot;sizes&quot;:[]},&quot;gap_tablet&quot;:{&quot;unit&quot;:&quot;px&quot;,&quot;size&quot;:10,&quot;sizes&quot;:[]},&quot;gap_mobile&quot;:{&quot;unit&quot;:&quot;px&quot;,&quot;size&quot;:10,&quot;sizes&quot;:[]},&quot;link_to&quot;:&quot;file&quot;,&quot;overlay_background&quot;:&quot;yes&quot;,&quot;content_hover_animation&quot;:&quot;fade-in&quot;}\" data-widget_type=\"gallery.default\">\n\t\t\t\t<div class=\"elementor-widget-container\">\n\t\t\t\t\t\t\t<div class=\"elementor-gallery__container\">\n\t\t\t\t\t\t\t<a class=\"e-gallery-item elementor-gallery-item elementor-animated-content\" href=\"https:\/\/www.campingalporto.it\/wp-content\/uploads\/2025\/05\/appartamento-baldo-1-scaled.jpg\" data-elementor-open-lightbox=\"yes\" data-elementor-lightbox-slideshow=\"2a4d86f\" data-e-action-hash=\"#elementor-action%3Aaction%3Dlightbox%26settings%3DeyJpZCI6NDc4OCwidXJsIjoiaHR0cHM6XC9cL3d3dy5jYW1waW5nYWxwb3J0by5pdFwvd3AtY29udGVudFwvdXBsb2Fkc1wvMjAyNVwvMDVcL2FwcGFydGFtZW50by1iYWxkby0xLXNjYWxlZC5qcGciLCJzbGlkZXNob3ciOiIyYTRkODZmIn0%3D\">\n\t\t\t\t\t<div class=\"e-gallery-image elementor-gallery-item__image\" data-thumbnail=\"https:\/\/www.campingalporto.it\/wp-content\/uploads\/2025\/05\/appartamento-baldo-1-scaled.jpg\" data-width=\"1948\" data-height=\"2560\" aria-label=\"\" role=\"img\" ><\/div>\n\t\t\t\t\t\t\t\t\t\t\t<div class=\"elementor-gallery-item__overlay\"><\/div>\n\t\t\t\t\t\t\t\t\t\t\t\t\t\t<\/a>\n\t\t\t\t\t\t\t<a class=\"e-gallery-item elementor-gallery-item elementor-animated-content\" href=\"https:\/\/www.campingalporto.it\/wp-content\/uploads\/2025\/05\/appartamento-baldo-1.webp\" data-elementor-open-lightbox=\"yes\" data-elementor-lightbox-slideshow=\"2a4d86f\" data-e-action-hash=\"#elementor-action%3Aaction%3Dlightbox%26settings%3DeyJpZCI6NDc5MiwidXJsIjoiaHR0cHM6XC9cL3d3dy5jYW1waW5nYWxwb3J0by5pdFwvd3AtY29udGVudFwvdXBsb2Fkc1wvMjAyNVwvMDVcL2FwcGFydGFtZW50by1iYWxkby0xLndlYnAiLCJzbGlkZXNob3ciOiIyYTRkODZmIn0%3D\">\n\t\t\t\t\t<div class=\"e-gallery-image elementor-gallery-item__image\" data-thumbnail=\"https:\/\/www.campingalporto.it\/wp-content\/uploads\/2025\/05\/appartamento-baldo-1.webp\" data-width=\"1024\" data-height=\"1360\" aria-label=\"\" role=\"img\" ><\/div>\n\t\t\t\t\t\t\t\t\t\t\t<div class=\"elementor-gallery-item__overlay\"><\/div>\n\t\t\t\t\t\t\t\t\t\t\t\t\t\t<\/a>\n\t\t\t\t\t\t\t<a class=\"e-gallery-item elementor-gallery-item elementor-animated-content\" href=\"https:\/\/www.campingalporto.it\/wp-content\/uploads\/2025\/05\/appartamento-baldo-2-scaled.jpg\" data-elementor-open-lightbox=\"yes\" data-elementor-lightbox-slideshow=\"2a4d86f\" data-e-action-hash=\"#elementor-action%3Aaction%3Dlightbox%26settings%3DeyJpZCI6NDc5NiwidXJsIjoiaHR0cHM6XC9cL3d3dy5jYW1waW5nYWxwb3J0by5pdFwvd3AtY29udGVudFwvdXBsb2Fkc1wvMjAyNVwvMDVcL2FwcGFydGFtZW50by1iYWxkby0yLXNjYWxlZC5qcGciLCJzbGlkZXNob3ciOiIyYTRkODZmIn0%3D\">\n\t\t\t\t\t<div class=\"e-gallery-image elementor-gallery-item__image\" data-thumbnail=\"https:\/\/www.campingalporto.it\/wp-content\/uploads\/2025\/05\/appartamento-baldo-2-scaled.jpg\" data-width=\"1920\" data-height=\"2560\" aria-label=\"\" role=\"img\" ><\/div>\n\t\t\t\t\t\t\t\t\t\t\t<div class=\"elementor-gallery-item__overlay\"><\/div>\n\t\t\t\t\t\t\t\t\t\t\t\t\t\t<\/a>\n\t\t\t\t\t\t\t<a class=\"e-gallery-item elementor-gallery-item elementor-animated-content\" href=\"https:\/\/www.campingalporto.it\/wp-content\/uploads\/2025\/05\/appartamento-baldo-3.webp\" data-elementor-open-lightbox=\"yes\" data-elementor-lightbox-slideshow=\"2a4d86f\" data-e-action-hash=\"#elementor-action%3Aaction%3Dlightbox%26settings%3DeyJpZCI6NDgwNCwidXJsIjoiaHR0cHM6XC9cL3d3dy5jYW1waW5nYWxwb3J0by5pdFwvd3AtY29udGVudFwvdXBsb2Fkc1wvMjAyNVwvMDVcL2FwcGFydGFtZW50by1iYWxkby0zLndlYnAiLCJzbGlkZXNob3ciOiIyYTRkODZmIn0%3D\">\n\t\t\t\t\t<div class=\"e-gallery-image elementor-gallery-item__image\" data-thumbnail=\"https:\/\/www.campingalporto.it\/wp-content\/uploads\/2025\/05\/appartamento-baldo-3.webp\" data-width=\"1024\" data-height=\"1360\" aria-label=\"\" role=\"img\" ><\/div>\n\t\t\t\t\t\t\t\t\t\t\t<div class=\"elementor-gallery-item__overlay\"><\/div>\n\t\t\t\t\t\t\t\t\t\t\t\t\t\t<\/a>\n\t\t\t\t\t\t\t<a class=\"e-gallery-item elementor-gallery-item elementor-animated-content\" href=\"https:\/\/www.campingalporto.it\/wp-content\/uploads\/2025\/05\/appartamento-baldo-4.webp\" data-elementor-open-lightbox=\"yes\" data-elementor-lightbox-slideshow=\"2a4d86f\" data-e-action-hash=\"#elementor-action%3Aaction%3Dlightbox%26settings%3DeyJpZCI6NDgwOCwidXJsIjoiaHR0cHM6XC9cL3d3dy5jYW1waW5nYWxwb3J0by5pdFwvd3AtY29udGVudFwvdXBsb2Fkc1wvMjAyNVwvMDVcL2FwcGFydGFtZW50by1iYWxkby00LndlYnAiLCJzbGlkZXNob3ciOiIyYTRkODZmIn0%3D\">\n\t\t\t\t\t<div class=\"e-gallery-image elementor-gallery-item__image\" data-thumbnail=\"https:\/\/www.campingalporto.it\/wp-content\/uploads\/2025\/05\/appartamento-baldo-4.webp\" data-width=\"1024\" data-height=\"1024\" aria-label=\"\" role=\"img\" ><\/div>\n\t\t\t\t\t\t\t\t\t\t\t<div class=\"elementor-gallery-item__overlay\"><\/div>\n\t\t\t\t\t\t\t\t\t\t\t\t\t\t<\/a>\n\t\t\t\t\t\t\t<a class=\"e-gallery-item elementor-gallery-item elementor-animated-content\" href=\"https:\/\/www.campingalporto.it\/wp-content\/uploads\/2025\/05\/appartamento-baldo-5.webp\" data-elementor-open-lightbox=\"yes\" data-elementor-lightbox-slideshow=\"2a4d86f\" data-e-action-hash=\"#elementor-action%3Aaction%3Dlightbox%26settings%3DeyJpZCI6NDgxMiwidXJsIjoiaHR0cHM6XC9cL3d3dy5jYW1waW5nYWxwb3J0by5pdFwvd3AtY29udGVudFwvdXBsb2Fkc1wvMjAyNVwvMDVcL2FwcGFydGFtZW50by1iYWxkby01LndlYnAiLCJzbGlkZXNob3ciOiIyYTRkODZmIn0%3D\">\n\t\t\t\t\t<div class=\"e-gallery-image elementor-gallery-item__image\" data-thumbnail=\"https:\/\/www.campingalporto.it\/wp-content\/uploads\/2025\/05\/appartamento-baldo-5.webp\" data-width=\"1024\" data-height=\"1360\" aria-label=\"\" role=\"img\" ><\/div>\n\t\t\t\t\t\t\t\t\t\t\t<div class=\"elementor-gallery-item__overlay\"><\/div>\n\t\t\t\t\t\t\t\t\t\t\t\t\t\t<\/a>\n\t\t\t\t\t\t\t<a class=\"e-gallery-item elementor-gallery-item elementor-animated-content\" href=\"https:\/\/www.campingalporto.it\/wp-content\/uploads\/2025\/05\/appartamento-baldo-6.webp\" data-elementor-open-lightbox=\"yes\" data-elementor-lightbox-slideshow=\"2a4d86f\" data-e-action-hash=\"#elementor-action%3Aaction%3Dlightbox%26settings%3DeyJpZCI6NDgxNiwidXJsIjoiaHR0cHM6XC9cL3d3dy5jYW1waW5nYWxwb3J0by5pdFwvd3AtY29udGVudFwvdXBsb2Fkc1wvMjAyNVwvMDVcL2FwcGFydGFtZW50by1iYWxkby02LndlYnAiLCJzbGlkZXNob3ciOiIyYTRkODZmIn0%3D\">\n\t\t\t\t\t<div class=\"e-gallery-image elementor-gallery-item__image\" data-thumbnail=\"https:\/\/www.campingalporto.it\/wp-content\/uploads\/2025\/05\/appartamento-baldo-6.webp\" data-width=\"1024\" data-height=\"1360\" aria-label=\"\" role=\"img\" ><\/div>\n\t\t\t\t\t\t\t\t\t\t\t<div class=\"elementor-gallery-item__overlay\"><\/div>\n\t\t\t\t\t\t\t\t\t\t\t\t\t\t<\/a>\n\t\t\t\t\t\t\t<a class=\"e-gallery-item elementor-gallery-item elementor-animated-content\" href=\"https:\/\/www.campingalporto.it\/wp-content\/uploads\/2025\/05\/appartamento-baldo-7.webp\" data-elementor-open-lightbox=\"yes\" data-elementor-lightbox-slideshow=\"2a4d86f\" data-e-action-hash=\"#elementor-action%3Aaction%3Dlightbox%26settings%3DeyJpZCI6NDgyMCwidXJsIjoiaHR0cHM6XC9cL3d3dy5jYW1waW5nYWxwb3J0by5pdFwvd3AtY29udGVudFwvdXBsb2Fkc1wvMjAyNVwvMDVcL2FwcGFydGFtZW50by1iYWxkby03LndlYnAiLCJzbGlkZXNob3ciOiIyYTRkODZmIn0%3D\">\n\t\t\t\t\t<div class=\"e-gallery-image elementor-gallery-item__image\" data-thumbnail=\"https:\/\/www.campingalporto.it\/wp-content\/uploads\/2025\/05\/appartamento-baldo-7.webp\" data-width=\"1024\" data-height=\"1360\" aria-label=\"\" role=\"img\" ><\/div>\n\t\t\t\t\t\t\t\t\t\t\t<div class=\"elementor-gallery-item__overlay\"><\/div>\n\t\t\t\t\t\t\t\t\t\t\t\t\t\t<\/a>\n\t\t\t\t\t<\/div>\n\t\t\t\t\t<\/div>\n\t\t\t\t<\/div>\n\t\t\t\t\t<\/div>\n\t\t\t\t<\/div>\n\t\t\t\t<\/div>\n\t\t","protected":false},"excerpt":{"rendered":"<p>in der Umgebung Wohnung Baldo Personen: 2 + 2 Das Appartamento Baldo mit Terrasse und Gartenblick befindet sich in Nago-Torbole, 31 km von der Burg Avio und 44 km vom Museo Nazionale di Sant&#8217;Antonio di Montepulciano entfernt. Dieses Apartment bietet kostenfreie Privatparkpl\u00e4tze, einen Aufzug und kostenfreies WLAN. Die Nichtraucher Unterkunft liegt 500 m vom Strand [&hellip;]<\/p>\n","protected":false},"author":1,"featured_media":0,"parent":3677,"menu_order":0,"comment_status":"closed","ping_status":"closed","template":"","meta":{"footnotes":""},"class_list":["post-17411","page","type-page","status-publish","hentry"],"_links":{"self":[{"href":"https:\/\/www.campingalporto.it\/de\/wp-json\/wp\/v2\/pages\/17411","targetHints":{"allow":["GET"]}}],"collection":[{"href":"https:\/\/www.campingalporto.it\/de\/wp-json\/wp\/v2\/pages"}],"about":[{"href":"https:\/\/www.campingalporto.it\/de\/wp-json\/wp\/v2\/types\/page"}],"author":[{"embeddable":true,"href":"https:\/\/www.campingalporto.it\/de\/wp-json\/wp\/v2\/users\/1"}],"replies":[{"embeddable":true,"href":"https:\/\/www.campingalporto.it\/de\/wp-json\/wp\/v2\/comments?post=17411"}],"version-history":[{"count":1,"href":"https:\/\/www.campingalporto.it\/de\/wp-json\/wp\/v2\/pages\/17411\/revisions"}],"predecessor-version":[{"id":17412,"href":"https:\/\/www.campingalporto.it\/de\/wp-json\/wp\/v2\/pages\/17411\/revisions\/17412"}],"up":[{"embeddable":true,"href":"https:\/\/www.campingalporto.it\/de\/wp-json\/wp\/v2\/pages\/3677"}],"wp:attachment":[{"href":"https:\/\/www.campingalporto.it\/de\/wp-json\/wp\/v2\/media?parent=17411"}],"curies":[{"name":"wp","href":"https:\/\/api.w.org\/{rel}","templated":true}]}}