{"id":3594,"date":"2025-01-24T07:29:46","date_gmt":"2025-01-24T06:29:46","guid":{"rendered":"https:\/\/campingalporto.it\/buchungsbedingungen\/"},"modified":"2026-03-13T15:06:34","modified_gmt":"2026-03-13T14:06:34","slug":"buchungsbedingungen","status":"publish","type":"page","link":"https:\/\/www.campingalporto.it\/de\/informationen-und-kontakte\/buchungsbedingungen\/","title":{"rendered":"Buchungsbedingungen"},"content":{"rendered":"\t\t<div data-elementor-type=\"wp-page\" data-elementor-id=\"3594\" class=\"elementor elementor-3594 elementor-916\" data-elementor-post-type=\"page\">\n\t\t\t\t<div class=\"elementor-element elementor-element-0af094c hero-section e-flex e-con-boxed e-con e-parent\" data-id=\"0af094c\" data-element_type=\"container\" data-settings=\"{&quot;background_background&quot;:&quot;classic&quot;,&quot;jet_parallax_layout_list&quot;:[]}\">\n\t\t\t\t\t<div class=\"e-con-inner\">\n\t\t\t\t\t<\/div>\n\t\t\t\t<\/div>\n\t\t<div class=\"elementor-element elementor-element-672cc5d e-flex e-con-boxed e-con e-parent\" data-id=\"672cc5d\" data-element_type=\"container\" data-settings=\"{&quot;jet_parallax_layout_list&quot;:[]}\">\n\t\t\t\t\t<div class=\"e-con-inner\">\n\t\t\t\t<div class=\"elementor-element elementor-element-c4b3141 elementor-widget elementor-widget-template\" data-id=\"c4b3141\" data-element_type=\"widget\" data-widget_type=\"template.default\">\n\t\t\t\t<div class=\"elementor-widget-container\">\n\t\t\t\t\t\t\t<div class=\"elementor-template\">\n\t\t\t\t\t<div data-elementor-type=\"container\" data-elementor-id=\"3785\" class=\"elementor elementor-3785 elementor-921\" data-elementor-post-type=\"elementor_library\">\n\t\t\t\t<div class=\"elementor-element elementor-element-eb58f04 e-flex e-con-boxed e-con e-parent\" data-id=\"eb58f04\" data-element_type=\"container\" data-settings=\"{&quot;background_background&quot;:&quot;classic&quot;,&quot;jet_parallax_layout_list&quot;:[]}\">\n\t\t\t\t\t<div class=\"e-con-inner\">\n\t\t\t\t<div class=\"elementor-element elementor-element-dc8e5a3 menu-special elementor-widget elementor-widget-heading\" data-id=\"dc8e5a3\" data-element_type=\"widget\" data-widget_type=\"heading.default\">\n\t\t\t\t<div class=\"elementor-widget-container\">\n\t\t\t\t\t<h2 class=\"elementor-heading-title elementor-size-default\"><a href=\"https:\/\/www.campingalporto.it\/info-e-contatti\/\">Informationen und Kontakte<\/a><\/h2>\t\t\t\t<\/div>\n\t\t\t\t<\/div>\n\t\t\t\t<div class=\"elementor-element elementor-element-07bea26 elementor-nav-menu--dropdown-mobile elementor-nav-menu__text-align-center elementor-widget elementor-widget-nav-menu\" data-id=\"07bea26\" data-element_type=\"widget\" data-settings=\"{&quot;layout&quot;:&quot;horizontal&quot;,&quot;submenu_icon&quot;:{&quot;value&quot;:&quot;&lt;svg aria-hidden=\\&quot;true\\&quot; class=\\&quot;e-font-icon-svg e-fas-caret-down\\&quot; viewBox=\\&quot;0 0 320 512\\&quot; xmlns=\\&quot;http:\\\/\\\/www.w3.org\\\/2000\\\/svg\\&quot;&gt;&lt;path d=\\&quot;M31.3 192h257.3c17.8 0 26.7 21.5 14.1 34.1L174.1 354.8c-7.8 7.8-20.5 7.8-28.3 0L17.2 226.1C4.6 213.5 13.5 192 31.3 192z\\&quot;&gt;&lt;\\\/path&gt;&lt;\\\/svg&gt;&quot;,&quot;library&quot;:&quot;fa-solid&quot;}}\" data-widget_type=\"nav-menu.default\">\n\t\t\t\t<div class=\"elementor-widget-container\">\n\t\t\t\t\t\t\t\t<nav aria-label=\"Menu\" class=\"elementor-nav-menu--main elementor-nav-menu__container elementor-nav-menu--layout-horizontal e--pointer-none\">\n\t\t\t\t<ul id=\"menu-1-07bea26\" class=\"elementor-nav-menu\"><li class=\"menu-item menu-item-type-post_type menu-item-object-page menu-item-919\"><a href=\"https:\/\/www.campingalporto.it\/info-e-contatti\/faq\/\" class=\"elementor-item\">FAQ<\/a><\/li>\n<li class=\"menu-item menu-item-type-post_type menu-item-object-page menu-item-918\"><a href=\"https:\/\/www.campingalporto.it\/info-e-contatti\/condizioni-di-prenotazione\/\" class=\"elementor-item\">Buchungsbedingungen<\/a><\/li>\n<\/ul>\t\t\t<\/nav>\n\t\t\t\t\t\t<nav class=\"elementor-nav-menu--dropdown elementor-nav-menu__container\" aria-hidden=\"true\">\n\t\t\t\t<ul id=\"menu-2-07bea26\" class=\"elementor-nav-menu\"><li class=\"menu-item menu-item-type-post_type menu-item-object-page menu-item-919\"><a href=\"https:\/\/www.campingalporto.it\/info-e-contatti\/faq\/\" class=\"elementor-item\" tabindex=\"-1\">FAQ<\/a><\/li>\n<li class=\"menu-item menu-item-type-post_type menu-item-object-page menu-item-918\"><a href=\"https:\/\/www.campingalporto.it\/info-e-contatti\/condizioni-di-prenotazione\/\" class=\"elementor-item\" tabindex=\"-1\">Buchungsbedingungen<\/a><\/li>\n<\/ul>\t\t\t<\/nav>\n\t\t\t\t\t\t<\/div>\n\t\t\t\t<\/div>\n\t\t\t\t\t<\/div>\n\t\t\t\t<\/div>\n\t\t\t\t<\/div>\n\t\t\t\t<\/div>\n\t\t\t\t\t\t<\/div>\n\t\t\t\t<\/div>\n\t\t\t\t\t<\/div>\n\t\t\t\t<\/div>\n\t\t<div class=\"elementor-element elementor-element-e19af0e e-flex e-con-boxed e-con e-parent\" data-id=\"e19af0e\" data-element_type=\"container\" data-settings=\"{&quot;jet_parallax_layout_list&quot;:[]}\">\n\t\t\t\t\t<div class=\"e-con-inner\">\n\t\t\t\t<div class=\"elementor-element elementor-element-6cf5fdd elementor-invisible elementor-widget elementor-widget-heading\" data-id=\"6cf5fdd\" data-element_type=\"widget\" data-settings=\"{&quot;_animation&quot;:&quot;fadeIn&quot;}\" data-widget_type=\"heading.default\">\n\t\t\t\t<div class=\"elementor-widget-container\">\n\t\t\t\t\t<h2 class=\"elementor-heading-title elementor-size-default\">Buchungsbedingungen\n<\/h2>\t\t\t\t<\/div>\n\t\t\t\t<\/div>\n\t\t\t\t<div class=\"elementor-element elementor-element-ba87c7d elementor-invisible elementor-widget elementor-widget-heading\" data-id=\"ba87c7d\" data-element_type=\"widget\" data-settings=\"{&quot;_animation&quot;:&quot;fadeIn&quot;}\" data-widget_type=\"heading.default\">\n\t\t\t\t<div class=\"elementor-widget-container\">\n\t\t\t\t\t<h2 class=\"elementor-heading-title elementor-size-default\">Stellpl\u00e4tze<\/h2>\t\t\t\t<\/div>\n\t\t\t\t<\/div>\n\t\t\t\t<div class=\"elementor-element elementor-element-8a05b63 elementor-widget__width-initial elementor-invisible elementor-widget elementor-widget-text-editor\" data-id=\"8a05b63\" data-element_type=\"widget\" data-settings=\"{&quot;_animation&quot;:&quot;fadeIn&quot;}\" data-widget_type=\"text-editor.default\">\n\t\t\t\t<div class=\"elementor-widget-container\">\n\t\t\t\t\t\t\t\t\t<ol><li>In der <strong>Hochsaison<\/strong> werden Buchungen f\u00fcr eine Mindestdauer von <strong>7 Tagen<\/strong> akzeptiert, und es ist obligatorisch, am <strong>Mittwoch, Samstag und Sonntag<\/strong> an- und abzureisen; daher werden Buchungen mit Abreise oder Ankunft am Montag, Dienstag, Donnerstag und Freitag nicht akzeptiert.<\/li><li>In den \u00fcbrigen Zeiten der <strong>Neben- und Zwischensaison<\/strong> werden Reservierungen f\u00fcr mindestens <strong>4 Tage<\/strong> mit An- und Abreise an einem <strong>beliebigen Wochentag<\/strong> angenommen.<\/li><li>Am Anreisetag steht der Platz ab <strong>12.30 Uhr<\/strong> zur Verf\u00fcgung, nicht fr\u00fcher. Am Tag der Abreise muss der Stellplatz bis <strong>12 Uhr<\/strong> ger\u00e4umt sein.<\/li><li>Bitte <strong>beachten Sie<\/strong>: Wenn Sie eine Reservierung vornehmen und eine versp\u00e4tete Ankunft oder vorzeitige Abreise erfolgt, muss der gebuchte Zeitraum <strong>vollst\u00e4ndig bezahlt werden.<\/strong><\/li><li>Bei der Buchung <strong>mehrerer Stellpl\u00e4tze<\/strong> muss das Buchungsverfahren f\u00fcr jeden einzelnen Stellplatz durchgef\u00fchrt werden.<\/li><li>Eine <strong>Anzahlung<\/strong> in H\u00f6he von <strong>30 % des Gesamtbetrags des<\/strong> Aufenthalts ist f\u00fcr unsere Best\u00e4tigung der Buchungsanfrage erforderlich.<\/li><li>Die Anzahlung wird <strong>nur<\/strong> zum Zeitpunkt der Buchung \u00fcber unser Buchungsb\u00fcro <strong>per Kreditkarte<\/strong> verlangt.<\/li><li>Reservierungen, f\u00fcr die die Anzahlung nicht innerhalb von <strong>10 Tagen<\/strong> ab dem Tag der Reservierungsanfrage eingegangen ist, werden <strong>automatisch<\/strong> und ohne weitere Benachrichtigung <strong>storniert<\/strong>.<\/li><li>Der Betrag der Anzahlung wird zur\u00fcckerstattet, wenn die Stornierung der Buchung mindestens <strong>30 Tage<\/strong> vor dem Anreisedatum schriftlich mitgeteilt wird. In questo caso verranno tuttavia addebitate <strong>\u20ac60,00<\/strong> quali spese di segreteria.<\/li><li>Der Restbetrag f\u00fcr den gesamten gebuchten Zeitraum muss am Tag der Ankunft bezahlt werden. <strong>Es gibt keine Erm\u00e4\u00dfigung bei versp\u00e4teter Ankunft oder Erstattung bei vorzeitiger Abreise<\/strong>.<\/li><li>Der Tagespreis f\u00fcr den Aufenthalt wird nach der <strong>\u00fcblichen Preisliste<\/strong> berechnet.<\/li><li><strong>Die Stellpl\u00e4tze werden vom Personal des<\/strong> Campingplatzes <strong>zugewiesen<\/strong>, ohne dass es zu Reklamationen, Verzichten oder Anspr\u00fcchen kommt; es ist jedoch m\u00f6glich, einen bestimmten Stellplatz zu reservieren, indem man einen <strong>Zuschlag von 40,00 \u20ac in der Nebensaison, 50,00 \u20ac in der Zwischensaison und 60,00 \u20ac in der Hochsaison zahlt.<\/strong><\/li><li>Die Direktion sichert dem Kunden die Verf\u00fcgbarkeit des Stellplatzes bis <strong>12 Uhr<\/strong> des auf den Tag der voraussichtlichen Ankunft folgenden Tages zu.<\/li><li>Bei Ihrer Ankunft <strong>m\u00fcssen Sie sich<\/strong> nach dem Abstellen Ihres Fahrzeugs auf dem daf\u00fcr vorgesehenen Parkplatz (kurz vor der Schranke, auf der rechten Seite) <strong>an der Rezeption melden, um<\/strong> die gesetzlich vorgeschriebenen Dokumente jeder Person zu registrieren.<\/li><\/ol>\t\t\t\t\t\t\t\t<\/div>\n\t\t\t\t<\/div>\n\t\t\t\t\t<\/div>\n\t\t\t\t<\/div>\n\t\t<div class=\"elementor-element elementor-element-71f0d93 e-flex e-con-boxed e-con e-parent\" data-id=\"71f0d93\" data-element_type=\"container\" data-settings=\"{&quot;background_background&quot;:&quot;classic&quot;,&quot;jet_parallax_layout_list&quot;:[]}\">\n\t\t\t\t\t<div class=\"e-con-inner\">\n\t\t\t\t\t<\/div>\n\t\t\t\t<\/div>\n\t\t<div class=\"elementor-element elementor-element-abd60eb e-flex e-con-boxed e-con e-parent\" data-id=\"abd60eb\" data-element_type=\"container\" data-settings=\"{&quot;background_background&quot;:&quot;classic&quot;,&quot;jet_parallax_layout_list&quot;:[]}\">\n\t\t\t\t\t<div class=\"e-con-inner\">\n\t\t\t\t<div class=\"elementor-element elementor-element-08eaed3 elementor-invisible elementor-widget elementor-widget-heading\" data-id=\"08eaed3\" data-element_type=\"widget\" data-settings=\"{&quot;_animation&quot;:&quot;fadeIn&quot;}\" data-widget_type=\"heading.default\">\n\t\t\t\t<div class=\"elementor-widget-container\">\n\t\t\t\t\t<h2 class=\"elementor-heading-title elementor-size-default\">Buchungsbedingungen\n<\/h2>\t\t\t\t<\/div>\n\t\t\t\t<\/div>\n\t\t\t\t<div class=\"elementor-element elementor-element-5d1bb2d elementor-invisible elementor-widget elementor-widget-heading\" data-id=\"5d1bb2d\" data-element_type=\"widget\" data-settings=\"{&quot;_animation&quot;:&quot;fadeIn&quot;}\" data-widget_type=\"heading.default\">\n\t\t\t\t<div class=\"elementor-widget-container\">\n\t\t\t\t\t<h2 class=\"elementor-heading-title elementor-size-default\">Wohnungen<\/h2>\t\t\t\t<\/div>\n\t\t\t\t<\/div>\n\t\t\t\t<div class=\"elementor-element elementor-element-4d21ee3 elementor-widget__width-initial elementor-invisible elementor-widget elementor-widget-text-editor\" data-id=\"4d21ee3\" data-element_type=\"widget\" data-settings=\"{&quot;_animation&quot;:&quot;fadeIn&quot;}\" data-widget_type=\"text-editor.default\">\n\t\t\t\t<div class=\"elementor-widget-container\">\n\t\t\t\t\t\t\t\t\t<ol><li><strong>Einchecken<\/strong>: von 16:00 bis 20:00<\/li><li><strong>Check Out<\/strong>: 08:00 bis 10:00 Uhr<\/li><li><strong>Haustiere sind in den Wohnungen nicht erlaubt<\/strong>.<\/li><li>Bei der Ankunft ist eine <strong>Kaution von 100 Euro<\/strong> in bar zu hinterlegen, die am Ende des Aufenthaltes nach unserer Inspektion zur\u00fcckerstattet wird, wenn keine Sch\u00e4den festgestellt werden.<\/li><li><strong>Bitte beachten Sie<\/strong>: Wenn Sie eine Reservierung vornehmen und eine <strong>versp\u00e4tete Ankunft<\/strong> oder <strong>vorzeitige Abreise<\/strong> erfolgt, muss der gebuchte Zeitraum vollst\u00e4ndig bezahlt werden.<\/li><li><strong>Das Rauchen ist in den Unterk\u00fcnften verboten<\/strong>.<\/li><li>Der Restbetrag ist bei der Ankunft zu zahlen. Bei <strong>vorzeitiger Abreise<\/strong> oder <strong>versp\u00e4teter Ankunft<\/strong> gibt es keinerlei R\u00fcckerstattung und der gesamte gebuchte Zeitraum muss bezahlt werden.<\/li><li>In der <strong>gelben<\/strong> und <strong>orangen<\/strong> Periode kann man f\u00fcr Aufenthalte von nicht weniger als <strong>7 N\u00e4chten<\/strong> buchen, in der <strong>rosa<\/strong> und <strong>gr\u00fcnen<\/strong> Periode f\u00fcr Aufenthalte von nicht weniger als <strong>4 N\u00e4chten<\/strong>.<\/li><li>Die An- und Abreise in der <strong>gelben<\/strong> und <strong>orangen<\/strong> Periode kann nur <strong>samstags oder mittwochs<\/strong> erfolgen. In der <strong>gr\u00fcnen<\/strong> und <strong>rosa<\/strong> Periode k\u00f6nnen Sie nur <strong>mittwochs, samstags oder sonntags<\/strong> an- und abreisen.<\/li><li>Eine <strong>Anzahlung<\/strong> wird f\u00fcr die Best\u00e4tigung der Buchung \u00fcber unsere Online-Buchung mit einer Kreditkarte erforderlich sein.<\/li><li>Der Betrag der Anzahlung wird zur\u00fcckerstattet, wenn die Stornierung der Buchung mindestens <strong>30 Tage<\/strong> vor dem Anreisedatum schriftlich mitgeteilt wird. In diesem Fall werden jedoch <strong>100,00 \u20ac<\/strong> als Sekretariatskosten berechnet.<\/li><\/ol>\t\t\t\t\t\t\t\t<\/div>\n\t\t\t\t<\/div>\n\t\t\t\t\t<\/div>\n\t\t\t\t<\/div>\n\t\t\t\t<\/div>\n\t\t","protected":false},"excerpt":{"rendered":"<p>Buchungsbedingungen Stellpl\u00e4tze In der Hochsaison werden Buchungen f\u00fcr eine Mindestdauer von 7 Tagen akzeptiert, und es ist obligatorisch, am Mittwoch, Samstag und Sonntag an- und abzureisen; daher werden Buchungen mit Abreise oder Ankunft am Montag, Dienstag, Donnerstag und Freitag nicht akzeptiert. In den \u00fcbrigen Zeiten der Neben- und Zwischensaison werden Reservierungen f\u00fcr mindestens 4 Tage [&hellip;]<\/p>\n","protected":false},"author":1,"featured_media":0,"parent":3696,"menu_order":0,"comment_status":"closed","ping_status":"closed","template":"elementor_header_footer","meta":{"footnotes":""},"class_list":["post-3594","page","type-page","status-publish","hentry"],"_links":{"self":[{"href":"https:\/\/www.campingalporto.it\/de\/wp-json\/wp\/v2\/pages\/3594","targetHints":{"allow":["GET"]}}],"collection":[{"href":"https:\/\/www.campingalporto.it\/de\/wp-json\/wp\/v2\/pages"}],"about":[{"href":"https:\/\/www.campingalporto.it\/de\/wp-json\/wp\/v2\/types\/page"}],"author":[{"embeddable":true,"href":"https:\/\/www.campingalporto.it\/de\/wp-json\/wp\/v2\/users\/1"}],"replies":[{"embeddable":true,"href":"https:\/\/www.campingalporto.it\/de\/wp-json\/wp\/v2\/comments?post=3594"}],"version-history":[{"count":6,"href":"https:\/\/www.campingalporto.it\/de\/wp-json\/wp\/v2\/pages\/3594\/revisions"}],"predecessor-version":[{"id":25137,"href":"https:\/\/www.campingalporto.it\/de\/wp-json\/wp\/v2\/pages\/3594\/revisions\/25137"}],"up":[{"embeddable":true,"href":"https:\/\/www.campingalporto.it\/de\/wp-json\/wp\/v2\/pages\/3696"}],"wp:attachment":[{"href":"https:\/\/www.campingalporto.it\/de\/wp-json\/wp\/v2\/media?parent=3594"}],"curies":[{"name":"wp","href":"https:\/\/api.w.org\/{rel}","templated":true}]}}