{"id":3694,"date":"2025-01-15T13:00:53","date_gmt":"2025-01-15T12:00:53","guid":{"rendered":"https:\/\/campingalporto.it\/territorium\/"},"modified":"2025-04-30T11:34:21","modified_gmt":"2025-04-30T09:34:21","slug":"umgebung","status":"publish","type":"page","link":"https:\/\/www.campingalporto.it\/de\/umgebung\/","title":{"rendered":"Territorium"},"content":{"rendered":"\t\t<div data-elementor-type=\"wp-page\" data-elementor-id=\"3694\" class=\"elementor elementor-3694 elementor-104\" data-elementor-post-type=\"page\">\n\t\t\t\t<div class=\"elementor-element elementor-element-fb6a67c hero-section e-flex e-con-boxed e-con e-parent\" data-id=\"fb6a67c\" data-element_type=\"container\" data-settings=\"{&quot;background_background&quot;:&quot;classic&quot;,&quot;jet_parallax_layout_list&quot;:[]}\">\n\t\t\t\t\t<div class=\"e-con-inner\">\n\t\t\t\t\t<\/div>\n\t\t\t\t<\/div>\n\t\t<div class=\"elementor-element elementor-element-5021af1 e-flex e-con-boxed e-con e-parent\" data-id=\"5021af1\" data-element_type=\"container\" data-settings=\"{&quot;jet_parallax_layout_list&quot;:[]}\">\n\t\t\t\t\t<div class=\"e-con-inner\">\n\t\t\t\t<div class=\"elementor-element elementor-element-61eb4db elementor-widget elementor-widget-template\" data-id=\"61eb4db\" data-element_type=\"widget\" data-widget_type=\"template.default\">\n\t\t\t\t<div class=\"elementor-widget-container\">\n\t\t\t\t\t\t\t<div class=\"elementor-template\">\n\t\t\t\t\t<div data-elementor-type=\"container\" data-elementor-id=\"3793\" class=\"elementor elementor-3793 elementor-1221\" data-elementor-post-type=\"elementor_library\">\n\t\t\t\t<div class=\"elementor-element elementor-element-dea2192 e-flex e-con-boxed e-con e-parent\" data-id=\"dea2192\" data-element_type=\"container\" data-settings=\"{&quot;background_background&quot;:&quot;classic&quot;,&quot;jet_parallax_layout_list&quot;:[]}\">\n\t\t\t\t\t<div class=\"e-con-inner\">\n\t\t\t\t<div class=\"elementor-element elementor-element-3678ebd menu-special elementor-widget elementor-widget-heading\" data-id=\"3678ebd\" data-element_type=\"widget\" data-widget_type=\"heading.default\">\n\t\t\t\t<div class=\"elementor-widget-container\">\n\t\t\t\t\t<h2 class=\"elementor-heading-title elementor-size-default\"><a href=\"https:\/\/www.campingalporto.it\/territorio\/\">Gebiet<\/a><\/h2>\t\t\t\t<\/div>\n\t\t\t\t<\/div>\n\t\t\t\t<div class=\"elementor-element elementor-element-e446741 elementor-nav-menu--dropdown-mobile elementor-nav-menu__text-align-center elementor-widget elementor-widget-nav-menu\" data-id=\"e446741\" data-element_type=\"widget\" data-settings=\"{&quot;layout&quot;:&quot;horizontal&quot;,&quot;submenu_icon&quot;:{&quot;value&quot;:&quot;&lt;svg aria-hidden=\\&quot;true\\&quot; class=\\&quot;e-font-icon-svg e-fas-caret-down\\&quot; viewBox=\\&quot;0 0 320 512\\&quot; xmlns=\\&quot;http:\\\/\\\/www.w3.org\\\/2000\\\/svg\\&quot;&gt;&lt;path d=\\&quot;M31.3 192h257.3c17.8 0 26.7 21.5 14.1 34.1L174.1 354.8c-7.8 7.8-20.5 7.8-28.3 0L17.2 226.1C4.6 213.5 13.5 192 31.3 192z\\&quot;&gt;&lt;\\\/path&gt;&lt;\\\/svg&gt;&quot;,&quot;library&quot;:&quot;fa-solid&quot;}}\" data-widget_type=\"nav-menu.default\">\n\t\t\t\t<div class=\"elementor-widget-container\">\n\t\t\t\t\t\t\t\t<nav aria-label=\"Menu\" class=\"elementor-nav-menu--main elementor-nav-menu__container elementor-nav-menu--layout-horizontal e--pointer-none\">\n\t\t\t\t<ul id=\"menu-1-e446741\" class=\"elementor-nav-menu\"><li class=\"menu-item menu-item-type-post_type menu-item-object-page menu-item-1220\"><a href=\"https:\/\/www.campingalporto.it\/territorio\/azienda-agricola\/\" class=\"elementor-item\">Bauernhof<\/a><\/li>\n<\/ul>\t\t\t<\/nav>\n\t\t\t\t\t\t<nav class=\"elementor-nav-menu--dropdown elementor-nav-menu__container\" aria-hidden=\"true\">\n\t\t\t\t<ul id=\"menu-2-e446741\" class=\"elementor-nav-menu\"><li class=\"menu-item menu-item-type-post_type menu-item-object-page menu-item-1220\"><a href=\"https:\/\/www.campingalporto.it\/territorio\/azienda-agricola\/\" class=\"elementor-item\" tabindex=\"-1\">Bauernhof<\/a><\/li>\n<\/ul>\t\t\t<\/nav>\n\t\t\t\t\t\t<\/div>\n\t\t\t\t<\/div>\n\t\t\t\t\t<\/div>\n\t\t\t\t<\/div>\n\t\t\t\t<\/div>\n\t\t\t\t<\/div>\n\t\t\t\t\t\t<\/div>\n\t\t\t\t<\/div>\n\t\t\t\t\t<\/div>\n\t\t\t\t<\/div>\n\t\t<div class=\"elementor-element elementor-element-c61d4e7 e-flex e-con-boxed e-con e-parent\" data-id=\"c61d4e7\" data-element_type=\"container\" data-settings=\"{&quot;jet_parallax_layout_list&quot;:[]}\">\n\t\t\t\t\t<div class=\"e-con-inner\">\n\t\t<div class=\"elementor-element elementor-element-17d2a04 e-con-full e-flex elementor-invisible e-con e-child\" data-id=\"17d2a04\" data-element_type=\"container\" data-settings=\"{&quot;animation&quot;:&quot;fadeInLeft&quot;,&quot;jet_parallax_layout_list&quot;:[]}\">\n\t\t\t\t<div class=\"elementor-element elementor-element-c0f0802 elementor-widget elementor-widget-heading\" data-id=\"c0f0802\" data-element_type=\"widget\" data-widget_type=\"heading.default\">\n\t\t\t\t<div class=\"elementor-widget-container\">\n\t\t\t\t\t<h2 class=\"elementor-heading-title elementor-size-default\">das Gebiet<\/h2>\t\t\t\t<\/div>\n\t\t\t\t<\/div>\n\t\t\t\t<div class=\"elementor-element elementor-element-2a3ef3f elementor-widget elementor-widget-heading\" data-id=\"2a3ef3f\" data-element_type=\"widget\" data-widget_type=\"heading.default\">\n\t\t\t\t<div class=\"elementor-widget-container\">\n\t\t\t\t\t<h2 class=\"elementor-heading-title elementor-size-default\">Torbole sul Garda<\/h2>\t\t\t\t<\/div>\n\t\t\t\t<\/div>\n\t\t\t\t<div class=\"elementor-element elementor-element-53b74b7 elementor-widget elementor-widget-text-editor\" data-id=\"53b74b7\" data-element_type=\"widget\" data-widget_type=\"text-editor.default\">\n\t\t\t\t<div class=\"elementor-widget-container\">\n\t\t\t\t\t\t\t\t\t<p><b>Willkommen in einem Paradies f\u00fcr Sportler.<\/b><\/p><p><b>Die besondere Lage von Torbole im n\u00f6rdlichen Teil des Gardasees, zwischen dem Monte Baldo im Osten und der Ebene des Flusses Sarca im Norden, hat dieses malerische Dorf zu einem beliebten Ziel f\u00fcr Sportbegeisterte gemacht.<br><\/b><\/p><p>Die konstanten Winde, die \u00fcber den See wehen, haben ihn zu<b> einem beliebten Trainingsgel\u00e4nde f\u00fcr Segler<\/b> gemacht, zu einem \u00dcbungsplatz f\u00fcr neue Disziplinen und zu einem Ziel f\u00fcr Wettk\u00e4mpfe und Regatten von Weltrang.<br>Aber Wassersport ist nicht der einzige, den man in dieser <b>Schatztruhe<\/b> der Natursch\u00f6nheiten betreiben kann: Die Berge bieten M\u00f6glichkeiten f\u00fcr bezaubernde <b>Wanderungen<\/b> und Klettertouren, und es gibt <b>Radwege<\/b> f\u00fcr alle Arten von Ausfl\u00fcgen, vom Stra\u00dfenrad \u00fcber Schotterr\u00e4der bis hin zu den extremsten Mountainbikestrecken.<\/p>\t\t\t\t\t\t\t\t<\/div>\n\t\t\t\t<\/div>\n\t\t\t\t<\/div>\n\t\t\t\t<div class=\"elementor-element elementor-element-00748ef elementor-widget-mobile__width-inherit elementor-invisible elementor-widget elementor-widget-image\" data-id=\"00748ef\" data-element_type=\"widget\" data-settings=\"{&quot;_animation&quot;:&quot;fadeInRight&quot;}\" data-widget_type=\"image.default\">\n\t\t\t\t<div class=\"elementor-widget-container\">\n\t\t\t\t\t\t\t\t\t\t\t\t\t\t\t<img fetchpriority=\"high\" decoding=\"async\" width=\"1730\" height=\"1568\" src=\"https:\/\/www.campingalporto.it\/wp-content\/uploads\/2025\/02\/territorio-immagine.png\" class=\"attachment-full size-full wp-image-3298\" alt=\"\" srcset=\"https:\/\/www.campingalporto.it\/wp-content\/uploads\/2025\/02\/territorio-immagine.png 1730w, https:\/\/www.campingalporto.it\/wp-content\/uploads\/2025\/02\/territorio-immagine-300x272.png 300w, https:\/\/www.campingalporto.it\/wp-content\/uploads\/2025\/02\/territorio-immagine-1024x928.png 1024w, https:\/\/www.campingalporto.it\/wp-content\/uploads\/2025\/02\/territorio-immagine-768x696.png 768w, https:\/\/www.campingalporto.it\/wp-content\/uploads\/2025\/02\/territorio-immagine-1536x1392.png 1536w\" sizes=\"(max-width: 1730px) 100vw, 1730px\" \/>\t\t\t\t\t\t\t\t\t\t\t\t\t\t\t<\/div>\n\t\t\t\t<\/div>\n\t\t\t\t\t<\/div>\n\t\t\t\t<\/div>\n\t\t<div class=\"elementor-element elementor-element-50d0406 e-flex e-con-boxed e-con e-parent\" data-id=\"50d0406\" data-element_type=\"container\" data-settings=\"{&quot;jet_parallax_layout_list&quot;:[]}\">\n\t\t\t\t\t<div class=\"e-con-inner\">\n\t\t\t\t<div class=\"elementor-element elementor-element-223ff6b elementor-widget elementor-widget-gallery\" data-id=\"223ff6b\" data-element_type=\"widget\" data-settings=\"{&quot;columns&quot;:6,&quot;aspect_ratio&quot;:&quot;1:1&quot;,&quot;lazyload&quot;:&quot;yes&quot;,&quot;gallery_layout&quot;:&quot;grid&quot;,&quot;columns_tablet&quot;:2,&quot;columns_mobile&quot;:1,&quot;gap&quot;:{&quot;unit&quot;:&quot;px&quot;,&quot;size&quot;:10,&quot;sizes&quot;:[]},&quot;gap_tablet_extra&quot;:{&quot;unit&quot;:&quot;px&quot;,&quot;size&quot;:10,&quot;sizes&quot;:[]},&quot;gap_tablet&quot;:{&quot;unit&quot;:&quot;px&quot;,&quot;size&quot;:10,&quot;sizes&quot;:[]},&quot;gap_mobile&quot;:{&quot;unit&quot;:&quot;px&quot;,&quot;size&quot;:10,&quot;sizes&quot;:[]},&quot;link_to&quot;:&quot;file&quot;,&quot;overlay_background&quot;:&quot;yes&quot;,&quot;content_hover_animation&quot;:&quot;fade-in&quot;}\" data-widget_type=\"gallery.default\">\n\t\t\t\t<div class=\"elementor-widget-container\">\n\t\t\t\t\t\t\t<div class=\"elementor-gallery__container\">\n\t\t\t\t\t\t\t<a class=\"e-gallery-item elementor-gallery-item elementor-animated-content\" href=\"https:\/\/www.campingalporto.it\/wp-content\/uploads\/2025\/02\/38069_Torbole_TN_Italy_-_panoramio_47.jpg\" data-elementor-open-lightbox=\"yes\" data-elementor-lightbox-slideshow=\"223ff6b\" data-e-action-hash=\"#elementor-action%3Aaction%3Dlightbox%26settings%3DeyJpZCI6MTc1OSwidXJsIjoiaHR0cHM6XC9cL3d3dy5jYW1waW5nYWxwb3J0by5pdFwvd3AtY29udGVudFwvdXBsb2Fkc1wvMjAyNVwvMDJcLzM4MDY5X1RvcmJvbGVfVE5fSXRhbHlfLV9wYW5vcmFtaW9fNDcuanBnIiwic2xpZGVzaG93IjoiMjIzZmY2YiJ9\">\n\t\t\t\t\t<div class=\"e-gallery-image elementor-gallery-item__image\" data-thumbnail=\"https:\/\/www.campingalporto.it\/wp-content\/uploads\/2025\/02\/38069_Torbole_TN_Italy_-_panoramio_47.jpg\" data-width=\"2048\" data-height=\"1153\" aria-label=\"\" role=\"img\" ><\/div>\n\t\t\t\t\t\t\t\t\t\t\t<div class=\"elementor-gallery-item__overlay\"><\/div>\n\t\t\t\t\t\t\t\t\t\t\t\t\t\t<\/a>\n\t\t\t\t\t\t\t<a class=\"e-gallery-item elementor-gallery-item elementor-animated-content\" href=\"https:\/\/www.campingalporto.it\/wp-content\/uploads\/2025\/02\/11717552_858374434257554_5951777754187323739_o.jpg\" data-elementor-open-lightbox=\"yes\" data-elementor-lightbox-slideshow=\"223ff6b\" data-e-action-hash=\"#elementor-action%3Aaction%3Dlightbox%26settings%3DeyJpZCI6MTc2MCwidXJsIjoiaHR0cHM6XC9cL3d3dy5jYW1waW5nYWxwb3J0by5pdFwvd3AtY29udGVudFwvdXBsb2Fkc1wvMjAyNVwvMDJcLzExNzE3NTUyXzg1ODM3NDQzNDI1NzU1NF81OTUxNzc3NzU0MTg3MzIzNzM5X28uanBnIiwic2xpZGVzaG93IjoiMjIzZmY2YiJ9\">\n\t\t\t\t\t<div class=\"e-gallery-image elementor-gallery-item__image\" data-thumbnail=\"https:\/\/www.campingalporto.it\/wp-content\/uploads\/2025\/02\/11717552_858374434257554_5951777754187323739_o.jpg\" data-width=\"2048\" data-height=\"1367\" aria-label=\"\" role=\"img\" ><\/div>\n\t\t\t\t\t\t\t\t\t\t\t<div class=\"elementor-gallery-item__overlay\"><\/div>\n\t\t\t\t\t\t\t\t\t\t\t\t\t\t<\/a>\n\t\t\t\t\t\t\t<a class=\"e-gallery-item elementor-gallery-item elementor-animated-content\" href=\"https:\/\/www.campingalporto.it\/wp-content\/uploads\/2025\/02\/italy-1519318_1920.jpg\" data-elementor-open-lightbox=\"yes\" data-elementor-lightbox-slideshow=\"223ff6b\" data-e-action-hash=\"#elementor-action%3Aaction%3Dlightbox%26settings%3DeyJpZCI6MTc2MiwidXJsIjoiaHR0cHM6XC9cL3d3dy5jYW1waW5nYWxwb3J0by5pdFwvd3AtY29udGVudFwvdXBsb2Fkc1wvMjAyNVwvMDJcL2l0YWx5LTE1MTkzMThfMTkyMC5qcGciLCJzbGlkZXNob3ciOiIyMjNmZjZiIn0%3D\">\n\t\t\t\t\t<div class=\"e-gallery-image elementor-gallery-item__image\" data-thumbnail=\"https:\/\/www.campingalporto.it\/wp-content\/uploads\/2025\/02\/italy-1519318_1920.jpg\" data-width=\"1920\" data-height=\"1280\" aria-label=\"\" role=\"img\" ><\/div>\n\t\t\t\t\t\t\t\t\t\t\t<div class=\"elementor-gallery-item__overlay\"><\/div>\n\t\t\t\t\t\t\t\t\t\t\t\t\t\t<\/a>\n\t\t\t\t\t\t\t<a class=\"e-gallery-item elementor-gallery-item elementor-animated-content\" href=\"https:\/\/www.campingalporto.it\/wp-content\/uploads\/2025\/02\/MaxPixel.freegreatpicture.com-Italy-Dock-Boats-Port-Torbole-Boats-In-The-Harbor-1592765.jpg\" data-elementor-open-lightbox=\"yes\" data-elementor-lightbox-slideshow=\"223ff6b\" data-e-action-hash=\"#elementor-action%3Aaction%3Dlightbox%26settings%3DeyJpZCI6MTc2MywidXJsIjoiaHR0cHM6XC9cL3d3dy5jYW1waW5nYWxwb3J0by5pdFwvd3AtY29udGVudFwvdXBsb2Fkc1wvMjAyNVwvMDJcL01heFBpeGVsLmZyZWVncmVhdHBpY3R1cmUuY29tLUl0YWx5LURvY2stQm9hdHMtUG9ydC1Ub3Jib2xlLUJvYXRzLUluLVRoZS1IYXJib3ItMTU5Mjc2NS5qcGciLCJzbGlkZXNob3ciOiIyMjNmZjZiIn0%3D\">\n\t\t\t\t\t<div class=\"e-gallery-image elementor-gallery-item__image\" data-thumbnail=\"https:\/\/www.campingalporto.it\/wp-content\/uploads\/2025\/02\/MaxPixel.freegreatpicture.com-Italy-Dock-Boats-Port-Torbole-Boats-In-The-Harbor-1592765.jpg\" data-width=\"1920\" data-height=\"1280\" aria-label=\"\" role=\"img\" ><\/div>\n\t\t\t\t\t\t\t\t\t\t\t<div class=\"elementor-gallery-item__overlay\"><\/div>\n\t\t\t\t\t\t\t\t\t\t\t\t\t\t<\/a>\n\t\t\t\t\t\t\t<a class=\"e-gallery-item elementor-gallery-item elementor-animated-content\" href=\"https:\/\/www.campingalporto.it\/wp-content\/uploads\/2025\/02\/MaxPixel.freegreatpicture.com-Riva-Nature-Bank-Lake-Garda-Italy-Torbole-2548811.jpg\" data-elementor-open-lightbox=\"yes\" data-elementor-lightbox-slideshow=\"223ff6b\" data-e-action-hash=\"#elementor-action%3Aaction%3Dlightbox%26settings%3DeyJpZCI6MTc2NCwidXJsIjoiaHR0cHM6XC9cL3d3dy5jYW1waW5nYWxwb3J0by5pdFwvd3AtY29udGVudFwvdXBsb2Fkc1wvMjAyNVwvMDJcL01heFBpeGVsLmZyZWVncmVhdHBpY3R1cmUuY29tLVJpdmEtTmF0dXJlLUJhbmstTGFrZS1HYXJkYS1JdGFseS1Ub3Jib2xlLTI1NDg4MTEuanBnIiwic2xpZGVzaG93IjoiMjIzZmY2YiJ9\">\n\t\t\t\t\t<div class=\"e-gallery-image elementor-gallery-item__image\" data-thumbnail=\"https:\/\/www.campingalporto.it\/wp-content\/uploads\/2025\/02\/MaxPixel.freegreatpicture.com-Riva-Nature-Bank-Lake-Garda-Italy-Torbole-2548811.jpg\" data-width=\"1920\" data-height=\"1441\" aria-label=\"\" role=\"img\" ><\/div>\n\t\t\t\t\t\t\t\t\t\t\t<div class=\"elementor-gallery-item__overlay\"><\/div>\n\t\t\t\t\t\t\t\t\t\t\t\t\t\t<\/a>\n\t\t\t\t\t\t\t<a class=\"e-gallery-item elementor-gallery-item elementor-animated-content\" href=\"https:\/\/www.campingalporto.it\/wp-content\/uploads\/2025\/02\/panoramica-Torbole.jpg\" data-elementor-open-lightbox=\"yes\" data-elementor-lightbox-slideshow=\"223ff6b\" data-e-action-hash=\"#elementor-action%3Aaction%3Dlightbox%26settings%3DeyJpZCI6MTc2NSwidXJsIjoiaHR0cHM6XC9cL3d3dy5jYW1waW5nYWxwb3J0by5pdFwvd3AtY29udGVudFwvdXBsb2Fkc1wvMjAyNVwvMDJcL3Bhbm9yYW1pY2EtVG9yYm9sZS5qcGciLCJzbGlkZXNob3ciOiIyMjNmZjZiIn0%3D\">\n\t\t\t\t\t<div class=\"e-gallery-image elementor-gallery-item__image\" data-thumbnail=\"https:\/\/www.campingalporto.it\/wp-content\/uploads\/2025\/02\/panoramica-Torbole.jpg\" data-width=\"1638\" data-height=\"2048\" aria-label=\"\" role=\"img\" ><\/div>\n\t\t\t\t\t\t\t\t\t\t\t<div class=\"elementor-gallery-item__overlay\"><\/div>\n\t\t\t\t\t\t\t\t\t\t\t\t\t\t<\/a>\n\t\t\t\t\t<\/div>\n\t\t\t\t\t<\/div>\n\t\t\t\t<\/div>\n\t\t\t\t\t<\/div>\n\t\t\t\t<\/div>\n\t\t<div class=\"elementor-element elementor-element-63de661 e-flex e-con-boxed e-con e-parent\" data-id=\"63de661\" data-element_type=\"container\" data-settings=\"{&quot;jet_parallax_layout_list&quot;:[],&quot;background_background&quot;:&quot;classic&quot;}\">\n\t\t\t\t\t<div class=\"e-con-inner\">\n\t\t\t\t<div class=\"elementor-element elementor-element-9985967 elementor-widget-mobile__width-inherit elementor-invisible elementor-widget elementor-widget-image\" data-id=\"9985967\" data-element_type=\"widget\" data-settings=\"{&quot;_animation&quot;:&quot;fadeInLeft&quot;}\" data-widget_type=\"image.default\">\n\t\t\t\t<div class=\"elementor-widget-container\">\n\t\t\t\t\t\t\t\t\t\t\t\t\t\t\t<img decoding=\"async\" width=\"1730\" height=\"1568\" src=\"https:\/\/www.campingalporto.it\/wp-content\/uploads\/2025\/02\/territorio-nuova-1.png\" class=\"attachment-full size-full wp-image-3559\" alt=\"\" srcset=\"https:\/\/www.campingalporto.it\/wp-content\/uploads\/2025\/02\/territorio-nuova-1.png 1730w, https:\/\/www.campingalporto.it\/wp-content\/uploads\/2025\/02\/territorio-nuova-1-300x272.png 300w, https:\/\/www.campingalporto.it\/wp-content\/uploads\/2025\/02\/territorio-nuova-1-1024x928.png 1024w, https:\/\/www.campingalporto.it\/wp-content\/uploads\/2025\/02\/territorio-nuova-1-768x696.png 768w, https:\/\/www.campingalporto.it\/wp-content\/uploads\/2025\/02\/territorio-nuova-1-1536x1392.png 1536w\" sizes=\"(max-width: 1730px) 100vw, 1730px\" \/>\t\t\t\t\t\t\t\t\t\t\t\t\t\t\t<\/div>\n\t\t\t\t<\/div>\n\t\t<div class=\"elementor-element elementor-element-62d67fd e-con-full e-flex elementor-invisible e-con e-child\" data-id=\"62d67fd\" data-element_type=\"container\" data-settings=\"{&quot;animation&quot;:&quot;fadeInRight&quot;,&quot;jet_parallax_layout_list&quot;:[]}\">\n\t\t\t\t<div class=\"elementor-element elementor-element-feab8a6 elementor-widget elementor-widget-heading\" data-id=\"feab8a6\" data-element_type=\"widget\" data-widget_type=\"heading.default\">\n\t\t\t\t<div class=\"elementor-widget-container\">\n\t\t\t\t\t<h2 class=\"elementor-heading-title elementor-size-default\">Als ob die Sch\u00f6nheit der Landschaft nicht schon genug w\u00e4re, bietet das Gebiet auch noch ein gem\u00e4\u00dfigtes Mikroklima, das in diesen Breitengraden wirklich selten ist und von der Pr\u00e4senz mediterraner Pflanzen und dem Anbau von Olivenb\u00e4umen zeugt.  <\/h2>\t\t\t\t<\/div>\n\t\t\t\t<\/div>\n\t\t\t\t<div class=\"elementor-element elementor-element-5c31aa1 elementor-widget elementor-widget-text-editor\" data-id=\"5c31aa1\" data-element_type=\"widget\" data-widget_type=\"text-editor.default\">\n\t\t\t\t<div class=\"elementor-widget-container\">\n\t\t\t\t\t\t\t\t\t<p>Gleichzeitig findet man nicht weit entfernt die hochalpinen Essenzen des Monte Baldo, der wegen seiner au\u00dfergew\u00f6hnlichen botanischen Vielfalt als <strong>&#8222;Garten Europas&#8220;<\/strong> bezeichnet wird.<br>Als nat\u00fcrliches Scharnier zwischen Mitteleuropa und dem Mittelmeerraum wurde der Obere Gardasee schon von den ersten Reisenden aus dem Norden geliebt, allen voran vom ber\u00fchmtesten: <strong>Goethe<\/strong>, der auch in seinem Italienischen Reisebericht dar\u00fcber schrieb.<\/p>\t\t\t\t\t\t\t\t<\/div>\n\t\t\t\t<\/div>\n\t\t\t\t<\/div>\n\t\t\t\t\t<\/div>\n\t\t\t\t<\/div>\n\t\t<div class=\"elementor-element elementor-element-7de48d4 e-flex e-con-boxed e-con e-parent\" data-id=\"7de48d4\" data-element_type=\"container\" data-settings=\"{&quot;jet_parallax_layout_list&quot;:[]}\">\n\t\t\t\t\t<div class=\"e-con-inner\">\n\t\t<div class=\"elementor-element elementor-element-d90e5bf e-con-full e-flex elementor-invisible e-con e-child\" data-id=\"d90e5bf\" data-element_type=\"container\" data-settings=\"{&quot;animation&quot;:&quot;fadeInLeft&quot;,&quot;jet_parallax_layout_list&quot;:[]}\">\n\t\t\t\t<div class=\"elementor-element elementor-element-e49f3f1 elementor-widget elementor-widget-heading\" data-id=\"e49f3f1\" data-element_type=\"widget\" data-widget_type=\"heading.default\">\n\t\t\t\t<div class=\"elementor-widget-container\">\n\t\t\t\t\t<h2 class=\"elementor-heading-title elementor-size-default\">nicht einen, sondern viele Seen<\/h2>\t\t\t\t<\/div>\n\t\t\t\t<\/div>\n\t\t\t\t<div class=\"elementor-element elementor-element-029196a elementor-widget elementor-widget-text-editor\" data-id=\"029196a\" data-element_type=\"widget\" data-widget_type=\"text-editor.default\">\n\t\t\t\t<div class=\"elementor-widget-container\">\n\t\t\t\t\t\t\t\t\t<p>Entdecken Sie die anderen Seen der Region, die Sie \u00fcber das Radwegenetz erreichen k\u00f6nnen! <strong>Der Tenno-See<\/strong>, der <strong>Ledro-See<\/strong> und der <strong>Cavedine-See<\/strong> erwarten Sie mit ihren unglaublichen gr\u00fcnen und t\u00fcrkisfarbenen Wasserfl\u00e4chen.<br>Seit den 1980er Jahren ist unser Gebiet Gegenstand eines weitsichtigen <strong>Entwicklungsplans f\u00fcr das Zweiradstra\u00dfennetz<\/strong>, das jedes Jahr um neue Verbindungen bereichert wird.<\/p>\t\t\t\t\t\t\t\t<\/div>\n\t\t\t\t<\/div>\n\t\t\t\t<\/div>\n\t\t\t\t<div class=\"elementor-element elementor-element-081897d elementor-widget-mobile__width-inherit elementor-invisible elementor-widget elementor-widget-image\" data-id=\"081897d\" data-element_type=\"widget\" data-settings=\"{&quot;_animation&quot;:&quot;fadeInRight&quot;}\" data-widget_type=\"image.default\">\n\t\t\t\t<div class=\"elementor-widget-container\">\n\t\t\t\t\t\t\t\t\t\t\t\t\t\t\t<img decoding=\"async\" width=\"1730\" height=\"1568\" src=\"https:\/\/www.campingalporto.it\/wp-content\/uploads\/2025\/02\/territorio-nuova-2.png\" class=\"attachment-full size-full wp-image-3562\" alt=\"\" srcset=\"https:\/\/www.campingalporto.it\/wp-content\/uploads\/2025\/02\/territorio-nuova-2.png 1730w, https:\/\/www.campingalporto.it\/wp-content\/uploads\/2025\/02\/territorio-nuova-2-300x272.png 300w, https:\/\/www.campingalporto.it\/wp-content\/uploads\/2025\/02\/territorio-nuova-2-1024x928.png 1024w, https:\/\/www.campingalporto.it\/wp-content\/uploads\/2025\/02\/territorio-nuova-2-768x696.png 768w, https:\/\/www.campingalporto.it\/wp-content\/uploads\/2025\/02\/territorio-nuova-2-1536x1392.png 1536w\" sizes=\"(max-width: 1730px) 100vw, 1730px\" \/>\t\t\t\t\t\t\t\t\t\t\t\t\t\t\t<\/div>\n\t\t\t\t<\/div>\n\t\t\t\t\t<\/div>\n\t\t\t\t<\/div>\n\t\t\t\t<\/div>\n\t\t","protected":false},"excerpt":{"rendered":"<p>das Gebiet Torbole sul Garda Willkommen in einem Paradies f\u00fcr Sportler. Die besondere Lage von Torbole im n\u00f6rdlichen Teil des Gardasees, zwischen dem Monte Baldo im Osten und der Ebene des Flusses Sarca im Norden, hat dieses malerische Dorf zu einem beliebten Ziel f\u00fcr Sportbegeisterte gemacht. Die konstanten Winde, die \u00fcber den See wehen, haben [&hellip;]<\/p>\n","protected":false},"author":1,"featured_media":0,"parent":0,"menu_order":0,"comment_status":"closed","ping_status":"closed","template":"","meta":{"footnotes":""},"class_list":["post-3694","page","type-page","status-publish","hentry"],"_links":{"self":[{"href":"https:\/\/www.campingalporto.it\/de\/wp-json\/wp\/v2\/pages\/3694","targetHints":{"allow":["GET"]}}],"collection":[{"href":"https:\/\/www.campingalporto.it\/de\/wp-json\/wp\/v2\/pages"}],"about":[{"href":"https:\/\/www.campingalporto.it\/de\/wp-json\/wp\/v2\/types\/page"}],"author":[{"embeddable":true,"href":"https:\/\/www.campingalporto.it\/de\/wp-json\/wp\/v2\/users\/1"}],"replies":[{"embeddable":true,"href":"https:\/\/www.campingalporto.it\/de\/wp-json\/wp\/v2\/comments?post=3694"}],"version-history":[{"count":4,"href":"https:\/\/www.campingalporto.it\/de\/wp-json\/wp\/v2\/pages\/3694\/revisions"}],"predecessor-version":[{"id":4621,"href":"https:\/\/www.campingalporto.it\/de\/wp-json\/wp\/v2\/pages\/3694\/revisions\/4621"}],"wp:attachment":[{"href":"https:\/\/www.campingalporto.it\/de\/wp-json\/wp\/v2\/media?parent=3694"}],"curies":[{"name":"wp","href":"https:\/\/api.w.org\/{rel}","templated":true}]}}