{"id":3708,"date":"2025-01-16T11:41:33","date_gmt":"2025-01-16T10:41:33","guid":{"rendered":"https:\/\/campingalporto.it\/neuentwicklung\/"},"modified":"2025-04-30T10:53:34","modified_gmt":"2025-04-30T08:53:34","slug":"neuentwicklung","status":"publish","type":"page","link":"https:\/\/www.campingalporto.it\/de\/der-campingplatz\/neuentwicklung\/","title":{"rendered":"Neuentwicklung"},"content":{"rendered":"\t\t<div data-elementor-type=\"wp-page\" data-elementor-id=\"3708\" class=\"elementor elementor-3708 elementor-296\" data-elementor-post-type=\"page\">\n\t\t\t\t<div class=\"elementor-element elementor-element-c9a63a2 hero-section e-flex e-con-boxed e-con e-parent\" data-id=\"c9a63a2\" data-element_type=\"container\" data-settings=\"{&quot;background_background&quot;:&quot;classic&quot;,&quot;jet_parallax_layout_list&quot;:[]}\">\n\t\t\t\t\t<div class=\"e-con-inner\">\n\t\t\t\t\t<\/div>\n\t\t\t\t<\/div>\n\t\t<div class=\"elementor-element elementor-element-2ebda77 e-flex e-con-boxed e-con e-parent\" data-id=\"2ebda77\" data-element_type=\"container\" data-settings=\"{&quot;jet_parallax_layout_list&quot;:[]}\">\n\t\t\t\t\t<div class=\"e-con-inner\">\n\t\t\t\t<div class=\"elementor-element elementor-element-bb55279 elementor-widget elementor-widget-template\" data-id=\"bb55279\" data-element_type=\"widget\" data-widget_type=\"template.default\">\n\t\t\t\t<div class=\"elementor-widget-container\">\n\t\t\t\t\t\t\t<div class=\"elementor-template\">\n\t\t\t\t\t<div data-elementor-type=\"container\" data-elementor-id=\"3779\" class=\"elementor elementor-3779 elementor-321\" data-elementor-post-type=\"elementor_library\">\n\t\t\t\t<div class=\"elementor-element elementor-element-3bcc4615 e-flex e-con-boxed e-con e-parent\" data-id=\"3bcc4615\" data-element_type=\"container\" data-settings=\"{&quot;background_background&quot;:&quot;classic&quot;,&quot;jet_parallax_layout_list&quot;:[]}\">\n\t\t\t\t\t<div class=\"e-con-inner\">\n\t\t\t\t<div class=\"elementor-element elementor-element-261f5a8f menu-special elementor-widget elementor-widget-heading\" data-id=\"261f5a8f\" data-element_type=\"widget\" data-widget_type=\"heading.default\">\n\t\t\t\t<div class=\"elementor-widget-container\">\n\t\t\t\t\t<h2 class=\"elementor-heading-title elementor-size-default\"><a href=\"https:\/\/www.campingalporto.it\/il-camping\/\">Der Zeltplatz<\/a><\/h2>\t\t\t\t<\/div>\n\t\t\t\t<\/div>\n\t\t\t\t<div class=\"elementor-element elementor-element-36c0f7fe elementor-nav-menu--dropdown-mobile elementor-nav-menu__text-align-center elementor-widget elementor-widget-nav-menu\" data-id=\"36c0f7fe\" data-element_type=\"widget\" data-settings=\"{&quot;layout&quot;:&quot;horizontal&quot;,&quot;submenu_icon&quot;:{&quot;value&quot;:&quot;&lt;svg aria-hidden=\\&quot;true\\&quot; class=\\&quot;e-font-icon-svg e-fas-caret-down\\&quot; viewBox=\\&quot;0 0 320 512\\&quot; xmlns=\\&quot;http:\\\/\\\/www.w3.org\\\/2000\\\/svg\\&quot;&gt;&lt;path d=\\&quot;M31.3 192h257.3c17.8 0 26.7 21.5 14.1 34.1L174.1 354.8c-7.8 7.8-20.5 7.8-28.3 0L17.2 226.1C4.6 213.5 13.5 192 31.3 192z\\&quot;&gt;&lt;\\\/path&gt;&lt;\\\/svg&gt;&quot;,&quot;library&quot;:&quot;fa-solid&quot;}}\" data-widget_type=\"nav-menu.default\">\n\t\t\t\t<div class=\"elementor-widget-container\">\n\t\t\t\t\t\t\t\t<nav aria-label=\"Menu\" class=\"elementor-nav-menu--main elementor-nav-menu__container elementor-nav-menu--layout-horizontal e--pointer-none\">\n\t\t\t\t<ul id=\"menu-1-36c0f7fe\" class=\"elementor-nav-menu\"><li class=\"menu-item menu-item-type-post_type menu-item-object-page menu-item-307\"><a href=\"https:\/\/www.campingalporto.it\/il-camping\/riqualificazione\/\" class=\"elementor-item\">Neuentwicklung<\/a><\/li>\n<li class=\"menu-item menu-item-type-post_type menu-item-object-page menu-item-306\"><a href=\"https:\/\/www.campingalporto.it\/il-camping\/bistrot\/\" class=\"elementor-item\">Bistrot<\/a><\/li>\n<li class=\"menu-item menu-item-type-post_type menu-item-object-page menu-item-305\"><a href=\"https:\/\/www.campingalporto.it\/il-camping\/come-alloggiare\/\" class=\"elementor-item\">Wie man \u00fcbernachtet<br><\/a><\/li>\n<li class=\"menu-item menu-item-type-post_type menu-item-object-page menu-item-304\"><a href=\"https:\/\/www.campingalporto.it\/il-camping\/servizi\/\" class=\"elementor-item\">Dienstleistungen<\/a><\/li>\n<\/ul>\t\t\t<\/nav>\n\t\t\t\t\t\t<nav class=\"elementor-nav-menu--dropdown elementor-nav-menu__container\" aria-hidden=\"true\">\n\t\t\t\t<ul id=\"menu-2-36c0f7fe\" class=\"elementor-nav-menu\"><li class=\"menu-item menu-item-type-post_type menu-item-object-page menu-item-307\"><a href=\"https:\/\/www.campingalporto.it\/il-camping\/riqualificazione\/\" class=\"elementor-item\" tabindex=\"-1\">Neuentwicklung<\/a><\/li>\n<li class=\"menu-item menu-item-type-post_type menu-item-object-page menu-item-306\"><a href=\"https:\/\/www.campingalporto.it\/il-camping\/bistrot\/\" class=\"elementor-item\" tabindex=\"-1\">Bistrot<\/a><\/li>\n<li class=\"menu-item menu-item-type-post_type menu-item-object-page menu-item-305\"><a href=\"https:\/\/www.campingalporto.it\/il-camping\/come-alloggiare\/\" class=\"elementor-item\" tabindex=\"-1\">Wie man \u00fcbernachtet<br><\/a><\/li>\n<li class=\"menu-item menu-item-type-post_type menu-item-object-page menu-item-304\"><a href=\"https:\/\/www.campingalporto.it\/il-camping\/servizi\/\" class=\"elementor-item\" tabindex=\"-1\">Dienstleistungen<\/a><\/li>\n<\/ul>\t\t\t<\/nav>\n\t\t\t\t\t\t<\/div>\n\t\t\t\t<\/div>\n\t\t\t\t\t<\/div>\n\t\t\t\t<\/div>\n\t\t\t\t<\/div>\n\t\t\t\t<\/div>\n\t\t\t\t\t\t<\/div>\n\t\t\t\t<\/div>\n\t\t\t\t\t<\/div>\n\t\t\t\t<\/div>\n\t\t<div class=\"elementor-element elementor-element-2d3aa53 e-flex e-con-boxed e-con e-parent\" data-id=\"2d3aa53\" data-element_type=\"container\" data-settings=\"{&quot;jet_parallax_layout_list&quot;:[]}\">\n\t\t\t\t\t<div class=\"e-con-inner\">\n\t\t<div class=\"elementor-element elementor-element-b7e67f2 e-con-full e-flex e-con e-child\" data-id=\"b7e67f2\" data-element_type=\"container\" data-settings=\"{&quot;jet_parallax_layout_list&quot;:[]}\">\n\t\t\t\t<div class=\"elementor-element elementor-element-58435d8 elementor-widget elementor-widget-heading\" data-id=\"58435d8\" data-element_type=\"widget\" data-widget_type=\"heading.default\">\n\t\t\t\t<div class=\"elementor-widget-container\">\n\t\t\t\t\t<h2 class=\"elementor-heading-title elementor-size-default\">Aufwertung<\/h2>\t\t\t\t<\/div>\n\t\t\t\t<\/div>\n\t\t\t\t<div class=\"elementor-element elementor-element-b7c02ab elementor-widget elementor-widget-heading\" data-id=\"b7c02ab\" data-element_type=\"widget\" data-widget_type=\"heading.default\">\n\t\t\t\t<div class=\"elementor-widget-container\">\n\t\t\t\t\t<h2 class=\"elementor-heading-title elementor-size-default\">Camping al Porto<\/h2>\t\t\t\t<\/div>\n\t\t\t\t<\/div>\n\t\t\t\t<div class=\"elementor-element elementor-element-9c5146e elementor-widget elementor-widget-text-editor\" data-id=\"9c5146e\" data-element_type=\"widget\" data-widget_type=\"text-editor.default\">\n\t\t\t\t<div class=\"elementor-widget-container\">\n\t\t\t\t\t\t\t\t\t<p>Der Campingplatz al porto di Torbole schlie\u00dft f\u00fcr die Saison 2017 seinen <strong>Sanierungsplan<\/strong> ab, so dass sich die gesamte Anlage nach einem mehrj\u00e4hrigen Plan von Eingriffen v\u00f6llig erneuert pr\u00e4sentiert.<br>Die \u00c4nderung der Kategorie auf <strong>3 Sterne<\/strong> wurde nicht einfach durch die Hinzuf\u00fcgung neuer Dienstleistungen zu den bestehenden erreicht, sondern durch die<strong> vollst\u00e4ndige Renovierung der Anlage<\/strong>.<\/p>\t\t\t\t\t\t\t\t<\/div>\n\t\t\t\t<\/div>\n\t\t\t\t<\/div>\n\t\t\t\t<div class=\"elementor-element elementor-element-750f46b elementor-widget-mobile__width-inherit elementor-widget elementor-widget-image\" data-id=\"750f46b\" data-element_type=\"widget\" data-widget_type=\"image.default\">\n\t\t\t\t<div class=\"elementor-widget-container\">\n\t\t\t\t\t\t\t\t\t\t\t\t\t\t\t<img fetchpriority=\"high\" decoding=\"async\" width=\"1730\" height=\"1568\" src=\"https:\/\/www.campingalporto.it\/wp-content\/uploads\/2025\/02\/riqualificazione-immagine1.png\" class=\"attachment-full size-full wp-image-3310\" alt=\"\" srcset=\"https:\/\/www.campingalporto.it\/wp-content\/uploads\/2025\/02\/riqualificazione-immagine1.png 1730w, https:\/\/www.campingalporto.it\/wp-content\/uploads\/2025\/02\/riqualificazione-immagine1-300x272.png 300w, https:\/\/www.campingalporto.it\/wp-content\/uploads\/2025\/02\/riqualificazione-immagine1-1024x928.png 1024w, https:\/\/www.campingalporto.it\/wp-content\/uploads\/2025\/02\/riqualificazione-immagine1-768x696.png 768w, https:\/\/www.campingalporto.it\/wp-content\/uploads\/2025\/02\/riqualificazione-immagine1-1536x1392.png 1536w\" sizes=\"(max-width: 1730px) 100vw, 1730px\" \/>\t\t\t\t\t\t\t\t\t\t\t\t\t\t\t<\/div>\n\t\t\t\t<\/div>\n\t\t\t\t\t<\/div>\n\t\t\t\t<\/div>\n\t\t<div class=\"elementor-element elementor-element-0c94a61 e-flex e-con-boxed e-con e-parent\" data-id=\"0c94a61\" data-element_type=\"container\" data-settings=\"{&quot;background_background&quot;:&quot;classic&quot;,&quot;jet_parallax_layout_list&quot;:[]}\">\n\t\t\t\t\t<div class=\"e-con-inner\">\n\t\t\t\t<div class=\"elementor-element elementor-element-7efdb80 elementor-widget__width-initial elementor-widget-tablet__width-inherit elementor-widget elementor-widget-heading\" data-id=\"7efdb80\" data-element_type=\"widget\" data-widget_type=\"heading.default\">\n\t\t\t\t<div class=\"elementor-widget-container\">\n\t\t\t\t\t<h2 class=\"elementor-heading-title elementor-size-default\">Comfort und erneuerte Dienstleistungen f\u00fcr alle<\/h2>\t\t\t\t<\/div>\n\t\t\t\t<\/div>\n\t\t\t\t<div class=\"elementor-element elementor-element-c7c6dd6 elementor-widget__width-inherit elementor-widget elementor-widget-text-editor\" data-id=\"c7c6dd6\" data-element_type=\"widget\" data-widget_type=\"text-editor.default\">\n\t\t\t\t<div class=\"elementor-widget-container\">\n\t\t\t\t\t\t\t\t\t<p>Die neuen Toiletten sind zahlreicher, gr\u00f6\u00dfer und so konzipiert, dass sie dem Gast mehr Privatsph\u00e4re bieten und gleichzeitig ein H\u00f6chstma\u00df an Hygiene gew\u00e4hrleisten. In diesem Projekt wird Kindern aller Altersgruppen gro\u00dfe Aufmerksamkeit gewidmet, von Kleinkindern, f\u00fcr die ein Babyzimmer zu ihrer Betreuung und Reinigung zur Verf\u00fcgung steht, bis hin zu Kindern im Alter von 2 bis 14 Jahren, f\u00fcr die Toiletten in einem speziellen Bereich reserviert sind. Das &#8222;Schaufenster der Wunder&#8220; ist das Spielzimmer f\u00fcr die Kleinen, wo sie in einem hellen, gut gesch\u00fctzten Raum auch bei schlechtem Wetter drau\u00dfen Spa\u00df haben k\u00f6nnen. Im neuen Geb\u00e4ude sind Freizeitspiele wie Tischtennis, Tischfu\u00dfball (Kicker) usw. in der gro\u00dfen, vor Sonne und Regen gesch\u00fctzten Veranda untergebracht.<\/p><p>F\u00fcr diejenigen, die nicht auf die Atmosph\u00e4re des Campingplatzes verzichten k\u00f6nnen, aber die Sanit\u00e4ranlagen nicht teilen m\u00f6chten, gibt es private B\u00e4der mit Toilette, Bidet, Waschbecken und Dusche, die f\u00fcr die gesamte Dauer des Aufenthalts gemietet werden k\u00f6nnen. Im Obergeschoss des neuen Geb\u00e4udes befindet sich eine gro\u00dfe, gut ausgestattete Sonnenterrasse mit Blick auf die Bar\/Restaurant und den Poolbereich. In der Bar und im Restaurant gibt es fr\u00fchmorgens ein reichhaltiges Fr\u00fchst\u00fcck und Geb\u00e4ck, und mittags werden echte italienische Gerichte serviert. Die Perle unserer Dienstleistungen ist das beheizte Schwimmbad, das vor den kalten Fr\u00fchlings- oder Herbstwinden gesch\u00fctzt ist und in den Jahreszeiten, in denen das Wasser des Sees zu kalt zum Baden ist, einen angenehmen Treffpunkt f\u00fcr Jung und Alt bietet.<\/p><p>Wir m\u00f6chten Sie auch daran erinnern, dass Sie f\u00fcr Ihren Aufenthalt auf dem Campingplatz aus einer Reihe von verschiedenen L\u00f6sungen w\u00e4hlen k\u00f6nnen. Angefangen bei den \u00d6ko-Stellpl\u00e4tzen f\u00fcr die reinsten Camper, die ausschlie\u00dflich f\u00fcr Zelte ausgelegt und nur zu Fu\u00df erreichbar sind, bis hin zu den Maxi-Stellpl\u00e4tzen mit einer garantierten Mindestfl\u00e4che von 90 Quadratmetern. mit 16A-Stromanschluss und Anschluss an Trink- und Grauwasserabfluss. Schlie\u00dflich m\u00f6chten wir noch hinzuf\u00fcgen, dass die gesamte Renovierung des Campingplatzes unter Verwendung energiesparender und umweltfreundlicher Bautechniken und Materialien durchgef\u00fchrt wurde. Das gesamte Dienstleistungsgeb\u00e4ude wurde aus Holz (X-Lam) gebaut, um ein besonders komfortables Umfeld zu schaffen, wobei besonderes Augenmerk auf die W\u00e4rme- und Schalld\u00e4mmung gelegt wurde.<\/p>\t\t\t\t\t\t\t\t<\/div>\n\t\t\t\t<\/div>\n\t\t\t\t\t<\/div>\n\t\t\t\t<\/div>\n\t\t<div class=\"elementor-element elementor-element-076d381 e-flex e-con-boxed e-con e-parent\" data-id=\"076d381\" data-element_type=\"container\" data-settings=\"{&quot;jet_parallax_layout_list&quot;:[]}\">\n\t\t\t\t\t<div class=\"e-con-inner\">\n\t\t\t\t<div class=\"elementor-element elementor-element-d56438c elementor-widget-mobile__width-inherit elementor-widget elementor-widget-image\" data-id=\"d56438c\" data-element_type=\"widget\" data-widget_type=\"image.default\">\n\t\t\t\t<div class=\"elementor-widget-container\">\n\t\t\t\t\t\t\t\t\t\t\t\t\t\t\t<img decoding=\"async\" width=\"1730\" height=\"1568\" src=\"https:\/\/www.campingalporto.it\/wp-content\/uploads\/2025\/02\/riqualificazione-immagine2.png\" class=\"attachment-full size-full wp-image-3313\" alt=\"\" srcset=\"https:\/\/www.campingalporto.it\/wp-content\/uploads\/2025\/02\/riqualificazione-immagine2.png 1730w, https:\/\/www.campingalporto.it\/wp-content\/uploads\/2025\/02\/riqualificazione-immagine2-300x272.png 300w, https:\/\/www.campingalporto.it\/wp-content\/uploads\/2025\/02\/riqualificazione-immagine2-1024x928.png 1024w, https:\/\/www.campingalporto.it\/wp-content\/uploads\/2025\/02\/riqualificazione-immagine2-768x696.png 768w, https:\/\/www.campingalporto.it\/wp-content\/uploads\/2025\/02\/riqualificazione-immagine2-1536x1392.png 1536w\" sizes=\"(max-width: 1730px) 100vw, 1730px\" \/>\t\t\t\t\t\t\t\t\t\t\t\t\t\t\t<\/div>\n\t\t\t\t<\/div>\n\t\t<div class=\"elementor-element elementor-element-8a95bd4 e-con-full e-flex e-con e-child\" data-id=\"8a95bd4\" data-element_type=\"container\" data-settings=\"{&quot;jet_parallax_layout_list&quot;:[]}\">\n\t\t\t\t<div class=\"elementor-element elementor-element-c820908 elementor-widget elementor-widget-heading\" data-id=\"c820908\" data-element_type=\"widget\" data-widget_type=\"heading.default\">\n\t\t\t\t<div class=\"elementor-widget-container\">\n\t\t\t\t\t<h2 class=\"elementor-heading-title elementor-size-default\">camping al porto<\/h2>\t\t\t\t<\/div>\n\t\t\t\t<\/div>\n\t\t\t\t<div class=\"elementor-element elementor-element-88b5e1d elementor-widget elementor-widget-heading\" data-id=\"88b5e1d\" data-element_type=\"widget\" data-widget_type=\"heading.default\">\n\t\t\t\t<div class=\"elementor-widget-container\">\n\t\t\t\t\t<h2 class=\"elementor-heading-title elementor-size-default\">Warum uns w\u00e4hlen\n<\/h2>\t\t\t\t<\/div>\n\t\t\t\t<\/div>\n\t\t\t\t<div class=\"elementor-element elementor-element-3aaf7cd elementor-widget elementor-widget-text-editor\" data-id=\"3aaf7cd\" data-element_type=\"widget\" data-widget_type=\"text-editor.default\">\n\t\t\t\t<div class=\"elementor-widget-container\">\n\t\t\t\t\t\t\t\t\tIm Einzelnen zielen unsere Bem\u00fchungen bei der Neugestaltung des Campingplatzes vor allem darauf ab, den Komfort in der Zwischensaison zu erh\u00f6hen, wenn der See ein wunderbarer Ort ist und sich f\u00fcr eine au\u00dfergew\u00f6hnliche Vielzahl von Aktivit\u00e4ten anbietet, aber noch nicht warm genug zum Baden ist. Aus diesem Grund sind unsere Dienstleistungen an einem gem\u00fctlichen Ort konzentriert, der vor den starken Winden gesch\u00fctzt ist, die besonders im Fr\u00fchjahr und Herbst durch Torbole wehen.\n\nJunge Familien mit Kindern im Vorschulalter finden in unserer kleinen, aber gut ausgestatteten Einrichtung ein gem\u00fctliches Umfeld, das auf die Bed\u00fcrfnisse der Kleinen zugeschnitten ist, vor allem in den Monaten au\u00dferhalb der Schulferien (Mai, Juni, September, Oktober). Auch in der Nebensaison ist eine Reservierung immer empfehlenswert. F\u00fcr die Buchung ist es notwendig, das entsprechende Formular direkt auf unserer Website <a class=\"custom-link\" href=\"http:\/\/www.campingalporto.it\" target=\"_blank\" rel=\"noopener\">www.campingalporto.it auszuf\u00fcllen .<\/a>\t\t\t\t\t\t\t\t<\/div>\n\t\t\t\t<\/div>\n\t\t\t\t<\/div>\n\t\t\t\t\t<\/div>\n\t\t\t\t<\/div>\n\t\t<div class=\"elementor-element elementor-element-0bb8c92 e-flex e-con-boxed e-con e-parent\" data-id=\"0bb8c92\" data-element_type=\"container\" data-settings=\"{&quot;jet_parallax_layout_list&quot;:[]}\">\n\t\t\t\t\t<div class=\"e-con-inner\">\n\t\t\t\t<div class=\"elementor-element elementor-element-353ced9 elementor-widget elementor-widget-gallery\" data-id=\"353ced9\" data-element_type=\"widget\" data-settings=\"{&quot;columns&quot;:5,&quot;aspect_ratio&quot;:&quot;1:1&quot;,&quot;lazyload&quot;:&quot;yes&quot;,&quot;gallery_layout&quot;:&quot;grid&quot;,&quot;columns_tablet&quot;:2,&quot;columns_mobile&quot;:1,&quot;gap&quot;:{&quot;unit&quot;:&quot;px&quot;,&quot;size&quot;:10,&quot;sizes&quot;:[]},&quot;gap_tablet_extra&quot;:{&quot;unit&quot;:&quot;px&quot;,&quot;size&quot;:10,&quot;sizes&quot;:[]},&quot;gap_tablet&quot;:{&quot;unit&quot;:&quot;px&quot;,&quot;size&quot;:10,&quot;sizes&quot;:[]},&quot;gap_mobile&quot;:{&quot;unit&quot;:&quot;px&quot;,&quot;size&quot;:10,&quot;sizes&quot;:[]},&quot;link_to&quot;:&quot;file&quot;,&quot;overlay_background&quot;:&quot;yes&quot;,&quot;content_hover_animation&quot;:&quot;fade-in&quot;}\" data-widget_type=\"gallery.default\">\n\t\t\t\t<div class=\"elementor-widget-container\">\n\t\t\t\t\t\t\t<div class=\"elementor-gallery__container\">\n\t\t\t\t\t\t\t<a class=\"e-gallery-item elementor-gallery-item elementor-animated-content\" href=\"https:\/\/www.campingalporto.it\/wp-content\/uploads\/2025\/02\/prezzi-hero.jpg\" data-elementor-open-lightbox=\"yes\" data-elementor-lightbox-slideshow=\"353ced9\" data-e-action-hash=\"#elementor-action%3Aaction%3Dlightbox%26settings%3DeyJpZCI6MTcxMiwidXJsIjoiaHR0cHM6XC9cL3d3dy5jYW1waW5nYWxwb3J0by5pdFwvd3AtY29udGVudFwvdXBsb2Fkc1wvMjAyNVwvMDJcL3ByZXp6aS1oZXJvLmpwZyIsInNsaWRlc2hvdyI6IjM1M2NlZDkifQ%3D%3D\">\n\t\t\t\t\t<div class=\"e-gallery-image elementor-gallery-item__image\" data-thumbnail=\"https:\/\/www.campingalporto.it\/wp-content\/uploads\/2025\/02\/prezzi-hero.jpg\" data-width=\"2500\" data-height=\"849\" aria-label=\"\" role=\"img\" ><\/div>\n\t\t\t\t\t\t\t\t\t\t\t<div class=\"elementor-gallery-item__overlay\"><\/div>\n\t\t\t\t\t\t\t\t\t\t\t\t\t\t<\/a>\n\t\t\t\t\t\t\t<a class=\"e-gallery-item elementor-gallery-item elementor-animated-content\" href=\"https:\/\/www.campingalporto.it\/wp-content\/uploads\/2025\/02\/piantina-hero.jpg\" data-elementor-open-lightbox=\"yes\" data-elementor-lightbox-slideshow=\"353ced9\" data-e-action-hash=\"#elementor-action%3Aaction%3Dlightbox%26settings%3DeyJpZCI6MTcwNSwidXJsIjoiaHR0cHM6XC9cL3d3dy5jYW1waW5nYWxwb3J0by5pdFwvd3AtY29udGVudFwvdXBsb2Fkc1wvMjAyNVwvMDJcL3BpYW50aW5hLWhlcm8uanBnIiwic2xpZGVzaG93IjoiMzUzY2VkOSJ9\">\n\t\t\t\t\t<div class=\"e-gallery-image elementor-gallery-item__image\" data-thumbnail=\"https:\/\/www.campingalporto.it\/wp-content\/uploads\/2025\/02\/piantina-hero.jpg\" data-width=\"2500\" data-height=\"1667\" aria-label=\"\" role=\"img\" ><\/div>\n\t\t\t\t\t\t\t\t\t\t\t<div class=\"elementor-gallery-item__overlay\"><\/div>\n\t\t\t\t\t\t\t\t\t\t\t\t\t\t<\/a>\n\t\t\t\t\t\t\t<a class=\"e-gallery-item elementor-gallery-item elementor-animated-content\" href=\"https:\/\/www.campingalporto.it\/wp-content\/uploads\/2025\/01\/faq-hero.jpg\" data-elementor-open-lightbox=\"yes\" data-elementor-lightbox-slideshow=\"353ced9\" data-e-action-hash=\"#elementor-action%3Aaction%3Dlightbox%26settings%3DeyJpZCI6MTQyNywidXJsIjoiaHR0cHM6XC9cL3d3dy5jYW1waW5nYWxwb3J0by5pdFwvd3AtY29udGVudFwvdXBsb2Fkc1wvMjAyNVwvMDFcL2ZhcS1oZXJvLmpwZyIsInNsaWRlc2hvdyI6IjM1M2NlZDkifQ%3D%3D\">\n\t\t\t\t\t<div class=\"e-gallery-image elementor-gallery-item__image\" data-thumbnail=\"https:\/\/www.campingalporto.it\/wp-content\/uploads\/2025\/01\/faq-hero.jpg\" data-width=\"2500\" data-height=\"1874\" aria-label=\"\" role=\"img\" ><\/div>\n\t\t\t\t\t\t\t\t\t\t\t<div class=\"elementor-gallery-item__overlay\"><\/div>\n\t\t\t\t\t\t\t\t\t\t\t\t\t\t<\/a>\n\t\t\t\t\t\t\t<a class=\"e-gallery-item elementor-gallery-item elementor-animated-content\" href=\"https:\/\/www.campingalporto.it\/wp-content\/uploads\/2025\/01\/contatti-hero.jpg\" data-elementor-open-lightbox=\"yes\" data-elementor-lightbox-slideshow=\"353ced9\" data-e-action-hash=\"#elementor-action%3Aaction%3Dlightbox%26settings%3DeyJpZCI6MTM5OCwidXJsIjoiaHR0cHM6XC9cL3d3dy5jYW1waW5nYWxwb3J0by5pdFwvd3AtY29udGVudFwvdXBsb2Fkc1wvMjAyNVwvMDFcL2NvbnRhdHRpLWhlcm8uanBnIiwic2xpZGVzaG93IjoiMzUzY2VkOSJ9\">\n\t\t\t\t\t<div class=\"e-gallery-image elementor-gallery-item__image\" data-thumbnail=\"https:\/\/www.campingalporto.it\/wp-content\/uploads\/2025\/01\/contatti-hero.jpg\" data-width=\"2500\" data-height=\"1874\" aria-label=\"\" role=\"img\" ><\/div>\n\t\t\t\t\t\t\t\t\t\t\t<div class=\"elementor-gallery-item__overlay\"><\/div>\n\t\t\t\t\t\t\t\t\t\t\t\t\t\t<\/a>\n\t\t\t\t\t\t\t<a class=\"e-gallery-item elementor-gallery-item elementor-animated-content\" href=\"https:\/\/www.campingalporto.it\/wp-content\/uploads\/2025\/01\/MG_5461-116-8-2.jpg\" data-elementor-open-lightbox=\"yes\" data-elementor-lightbox-slideshow=\"353ced9\" data-e-action-hash=\"#elementor-action%3Aaction%3Dlightbox%26settings%3DeyJpZCI6NDM5LCJ1cmwiOiJodHRwczpcL1wvd3d3LmNhbXBpbmdhbHBvcnRvLml0XC93cC1jb250ZW50XC91cGxvYWRzXC8yMDI1XC8wMVwvTUdfNTQ2MS0xMTYtOC0yLmpwZyIsInNsaWRlc2hvdyI6IjM1M2NlZDkifQ%3D%3D\">\n\t\t\t\t\t<div class=\"e-gallery-image elementor-gallery-item__image\" data-thumbnail=\"https:\/\/www.campingalporto.it\/wp-content\/uploads\/2025\/01\/MG_5461-116-8-2.jpg\" data-width=\"2500\" data-height=\"1648\" aria-label=\"\" role=\"img\" ><\/div>\n\t\t\t\t\t\t\t\t\t\t\t<div class=\"elementor-gallery-item__overlay\"><\/div>\n\t\t\t\t\t\t\t\t\t\t\t\t\t\t<\/a>\n\t\t\t\t\t<\/div>\n\t\t\t\t\t<\/div>\n\t\t\t\t<\/div>\n\t\t\t\t\t<\/div>\n\t\t\t\t<\/div>\n\t\t\t\t<\/div>\n\t\t","protected":false},"excerpt":{"rendered":"<p>Aufwertung Camping al Porto Der Campingplatz al porto di Torbole schlie\u00dft f\u00fcr die Saison 2017 seinen Sanierungsplan ab, so dass sich die gesamte Anlage nach einem mehrj\u00e4hrigen Plan von Eingriffen v\u00f6llig erneuert pr\u00e4sentiert.Die \u00c4nderung der Kategorie auf 3 Sterne wurde nicht einfach durch die Hinzuf\u00fcgung neuer Dienstleistungen zu den bestehenden erreicht, sondern durch die vollst\u00e4ndige [&hellip;]<\/p>\n","protected":false},"author":1,"featured_media":0,"parent":3829,"menu_order":0,"comment_status":"closed","ping_status":"closed","template":"","meta":{"footnotes":""},"class_list":["post-3708","page","type-page","status-publish","hentry"],"_links":{"self":[{"href":"https:\/\/www.campingalporto.it\/de\/wp-json\/wp\/v2\/pages\/3708","targetHints":{"allow":["GET"]}}],"collection":[{"href":"https:\/\/www.campingalporto.it\/de\/wp-json\/wp\/v2\/pages"}],"about":[{"href":"https:\/\/www.campingalporto.it\/de\/wp-json\/wp\/v2\/types\/page"}],"author":[{"embeddable":true,"href":"https:\/\/www.campingalporto.it\/de\/wp-json\/wp\/v2\/users\/1"}],"replies":[{"embeddable":true,"href":"https:\/\/www.campingalporto.it\/de\/wp-json\/wp\/v2\/comments?post=3708"}],"version-history":[{"count":2,"href":"https:\/\/www.campingalporto.it\/de\/wp-json\/wp\/v2\/pages\/3708\/revisions"}],"predecessor-version":[{"id":4602,"href":"https:\/\/www.campingalporto.it\/de\/wp-json\/wp\/v2\/pages\/3708\/revisions\/4602"}],"up":[{"embeddable":true,"href":"https:\/\/www.campingalporto.it\/de\/wp-json\/wp\/v2\/pages\/3829"}],"wp:attachment":[{"href":"https:\/\/www.campingalporto.it\/de\/wp-json\/wp\/v2\/media?parent=3708"}],"curies":[{"name":"wp","href":"https:\/\/api.w.org\/{rel}","templated":true}]}}