{"id":3836,"date":"2025-01-15T12:47:11","date_gmt":"2025-01-15T11:47:11","guid":{"rendered":"https:\/\/campingalporto.it\/vielseitigkeit\/"},"modified":"2025-04-10T17:33:36","modified_gmt":"2025-04-10T15:33:36","slug":"vielseitigkeit","status":"publish","type":"page","link":"https:\/\/www.campingalporto.it\/de\/vielseitigkeit\/","title":{"rendered":"Vielseitigkeit"},"content":{"rendered":"\t\t<div data-elementor-type=\"wp-page\" data-elementor-id=\"3836\" class=\"elementor elementor-3836 elementor-79\" data-elementor-post-type=\"page\">\n\t\t\t\t<div class=\"elementor-element elementor-element-f56bd9c hero-section e-flex e-con-boxed e-con e-parent\" data-id=\"f56bd9c\" data-element_type=\"container\" data-settings=\"{&quot;background_background&quot;:&quot;classic&quot;,&quot;jet_parallax_layout_list&quot;:[]}\">\n\t\t\t\t\t<div class=\"e-con-inner\">\n\t\t\t\t\t<\/div>\n\t\t\t\t<\/div>\n\t\t<div class=\"elementor-element elementor-element-b3af8c7 e-flex e-con-boxed e-con e-parent\" data-id=\"b3af8c7\" data-element_type=\"container\" data-settings=\"{&quot;jet_parallax_layout_list&quot;:[]}\">\n\t\t\t\t\t<div class=\"e-con-inner\">\n\t\t<div class=\"elementor-element elementor-element-c0f9301 e-con-full e-flex elementor-invisible e-con e-child\" data-id=\"c0f9301\" data-element_type=\"container\" data-settings=\"{&quot;jet_parallax_layout_list&quot;:[],&quot;animation&quot;:&quot;fadeInLeft&quot;,&quot;animation_mobile&quot;:&quot;fadeIn&quot;}\">\n\t\t\t\t<div class=\"elementor-element elementor-element-c5a3d56 elementor-widget elementor-widget-heading\" data-id=\"c5a3d56\" data-element_type=\"widget\" data-widget_type=\"heading.default\">\n\t\t\t\t<div class=\"elementor-widget-container\">\n\t\t\t\t\t<h2 class=\"elementor-heading-title elementor-size-default\">Vielseitigkeit<\/h2>\t\t\t\t<\/div>\n\t\t\t\t<\/div>\n\t\t\t\t<div class=\"elementor-element elementor-element-6df5fcd elementor-widget elementor-widget-heading\" data-id=\"6df5fcd\" data-element_type=\"widget\" data-widget_type=\"heading.default\">\n\t\t\t\t<div class=\"elementor-widget-container\">\n\t\t\t\t\t<h2 class=\"elementor-heading-title elementor-size-default\">L\u00d6SUNGEN F\u00dcR JEDEN BEDARF<\/h2>\t\t\t\t<\/div>\n\t\t\t\t<\/div>\n\t\t\t\t<div class=\"elementor-element elementor-element-ebacea8 elementor-widget elementor-widget-text-editor\" data-id=\"ebacea8\" data-element_type=\"widget\" data-widget_type=\"text-editor.default\">\n\t\t\t\t<div class=\"elementor-widget-container\">\n\t\t\t\t\t\t\t\t\t<p><span style=\"font-weight: 400;\">Seit 1985, dem Jahr unserer Einweihung mit einem einzigen Stellplatztyp, hat unser Campingplatz sein Angebot erweitert, um jedem Aufenthalt gerecht zu werden. Heute begr\u00fc\u00dfen wir eine breite Palette von G\u00e4sten: von  <\/span><b> einsamen Radfahrer <\/b><span style=\"font-weight: 400;\"> auf der Suche nach einem kleinen Platz f\u00fcr sein Zelt, zum <\/span><b>Camper<\/b><span style=\"font-weight: 400;\">, der mit gro\u00dfen Fahrzeugen reist, bis hin zu demjenigen, der die Atmosph\u00e4re des <\/span><b>des Campingplatzes mit dem Komfort einer modernen Wohnung<\/b><span style=\"font-weight: 400;\"> am See w\u00fcnscht.<\/span><\/p>\t\t\t\t\t\t\t\t<\/div>\n\t\t\t\t<\/div>\n\t\t\t\t<\/div>\n\t\t\t\t<div class=\"elementor-element elementor-element-8e2ad41 elementor-widget-mobile__width-inherit elementor-invisible elementor-widget elementor-widget-image\" data-id=\"8e2ad41\" data-element_type=\"widget\" data-settings=\"{&quot;_animation&quot;:&quot;fadeInRight&quot;,&quot;_animation_mobile&quot;:&quot;fadeIn&quot;}\" data-widget_type=\"image.default\">\n\t\t\t\t<div class=\"elementor-widget-container\">\n\t\t\t\t\t\t\t\t\t\t\t\t\t\t\t<img fetchpriority=\"high\" decoding=\"async\" width=\"1730\" height=\"1568\" src=\"https:\/\/www.campingalporto.it\/wp-content\/uploads\/2025\/02\/versatilita-immagine3.png\" class=\"attachment-full size-full wp-image-3478\" alt=\"\" srcset=\"https:\/\/www.campingalporto.it\/wp-content\/uploads\/2025\/02\/versatilita-immagine3.png 1730w, https:\/\/www.campingalporto.it\/wp-content\/uploads\/2025\/02\/versatilita-immagine3-300x272.png 300w, https:\/\/www.campingalporto.it\/wp-content\/uploads\/2025\/02\/versatilita-immagine3-1024x928.png 1024w, https:\/\/www.campingalporto.it\/wp-content\/uploads\/2025\/02\/versatilita-immagine3-768x696.png 768w, https:\/\/www.campingalporto.it\/wp-content\/uploads\/2025\/02\/versatilita-immagine3-1536x1392.png 1536w\" sizes=\"(max-width: 1730px) 100vw, 1730px\" \/>\t\t\t\t\t\t\t\t\t\t\t\t\t\t\t<\/div>\n\t\t\t\t<\/div>\n\t\t\t\t\t<\/div>\n\t\t\t\t<\/div>\n\t\t<div class=\"elementor-element elementor-element-b3594b5 e-flex e-con-boxed e-con e-parent\" data-id=\"b3594b5\" data-element_type=\"container\" data-settings=\"{&quot;jet_parallax_layout_list&quot;:[],&quot;background_background&quot;:&quot;classic&quot;}\">\n\t\t\t\t\t<div class=\"e-con-inner\">\n\t\t\t\t<div class=\"elementor-element elementor-element-a519add elementor-widget elementor-widget-heading\" data-id=\"a519add\" data-element_type=\"widget\" data-widget_type=\"heading.default\">\n\t\t\t\t<div class=\"elementor-widget-container\">\n\t\t\t\t\t<h2 class=\"elementor-heading-title elementor-size-default\">Unser Angebot umfasst<\/h2>\t\t\t\t<\/div>\n\t\t\t\t<\/div>\n\t\t\t\t<div class=\"elementor-element elementor-element-3013de4 elementor-widget elementor-widget-heading\" data-id=\"3013de4\" data-element_type=\"widget\" data-widget_type=\"heading.default\">\n\t\t\t\t<div class=\"elementor-widget-container\">\n\t\t\t\t\t<h2 class=\"elementor-heading-title elementor-size-default\">Camping-Stellpl\u00e4tze<\/h2>\t\t\t\t<\/div>\n\t\t\t\t<\/div>\n\t\t<div class=\"elementor-element elementor-element-888b283 e-con-full e-grid e-con e-child\" data-id=\"888b283\" data-element_type=\"container\" data-settings=\"{&quot;jet_parallax_layout_list&quot;:[]}\">\n\t\t<div class=\"elementor-element elementor-element-79f62b8 e-con-full e-flex elementor-invisible e-con e-child\" data-id=\"79f62b8\" data-element_type=\"container\" data-settings=\"{&quot;background_background&quot;:&quot;classic&quot;,&quot;animation&quot;:&quot;fadeInUp&quot;,&quot;animation_mobile&quot;:&quot;fadeIn&quot;,&quot;jet_parallax_layout_list&quot;:[]}\">\n\t\t<div class=\"elementor-element elementor-element-b8c7289 e-con-full e-flex elementor-invisible e-con e-child\" data-id=\"b8c7289\" data-element_type=\"container\" data-settings=\"{&quot;animation&quot;:&quot;fadeInUp&quot;,&quot;jet_parallax_layout_list&quot;:[]}\">\n\t\t\t\t<div class=\"elementor-element elementor-element-7617fd6 elementor-widget elementor-widget-image\" data-id=\"7617fd6\" data-element_type=\"widget\" data-widget_type=\"image.default\">\n\t\t\t\t<div class=\"elementor-widget-container\">\n\t\t\t\t\t\t\t\t\t\t\t\t\t\t\t<img decoding=\"async\" width=\"800\" height=\"800\" src=\"https:\/\/www.campingalporto.it\/wp-content\/uploads\/2025\/02\/Eco-1024x1024.jpg\" class=\"attachment-large size-large wp-image-3469\" alt=\"\" srcset=\"https:\/\/www.campingalporto.it\/wp-content\/uploads\/2025\/02\/Eco-1024x1024.jpg 1024w, https:\/\/www.campingalporto.it\/wp-content\/uploads\/2025\/02\/Eco-300x300.jpg 300w, https:\/\/www.campingalporto.it\/wp-content\/uploads\/2025\/02\/Eco-150x150.jpg 150w, https:\/\/www.campingalporto.it\/wp-content\/uploads\/2025\/02\/Eco-768x768.jpg 768w, https:\/\/www.campingalporto.it\/wp-content\/uploads\/2025\/02\/Eco-1536x1536.jpg 1536w, https:\/\/www.campingalporto.it\/wp-content\/uploads\/2025\/02\/Eco.jpg 1600w\" sizes=\"(max-width: 800px) 100vw, 800px\" \/>\t\t\t\t\t\t\t\t\t\t\t\t\t\t\t<\/div>\n\t\t\t\t<\/div>\n\t\t\t\t<div class=\"elementor-element elementor-element-e165625 elementor-widget elementor-widget-heading\" data-id=\"e165625\" data-element_type=\"widget\" data-widget_type=\"heading.default\">\n\t\t\t\t<div class=\"elementor-widget-container\">\n\t\t\t\t\t<h2 class=\"elementor-heading-title elementor-size-default\">ECO (25\/40m\u00b2)<\/h2>\t\t\t\t<\/div>\n\t\t\t\t<\/div>\n\t\t\t\t<div class=\"elementor-element elementor-element-e7481ae elementor-widget elementor-widget-text-editor\" data-id=\"e7481ae\" data-element_type=\"widget\" data-widget_type=\"text-editor.default\">\n\t\t\t\t<div class=\"elementor-widget-container\">\n\t\t\t\t\t\t\t\t\t<p>Die <b>\u00d6ko-Stellpl\u00e4tze<\/b>, die in der Mitte des Campingplatzes im Schatten von Schwarzkiefern und Zedern liegen, bieten ein <b>authentisches Campingerlebnis<\/b>. Dieser kleine Bereich, der <b>an den Spielplatz angrenzt und nicht von Fahrzeugen befahren<\/b> wird, ist nur zu <b>Fu\u00df<\/b> oder <b>mit dem Fahrrad<\/b> erreichbar. Alle Pl\u00e4tze haben einen <b>eigenen Stromanschluss. <\/b>Zeltpl\u00e4tze k\u00f6nnen ohne Auto gebucht werden; <b>wer mit dem Auto anreisen m\u00f6chte, sollte sich beim Campingplatz nach der Verf\u00fcgbarkeit von geb\u00fchrenpflichtigen Parkpl\u00e4tzen er<\/b>kundigen.  <\/p>\t\t\t\t\t\t\t\t<\/div>\n\t\t\t\t<\/div>\n\t\t\t\t<\/div>\n\t\t\t\t<\/div>\n\t\t<div class=\"elementor-element elementor-element-2ddbc25 e-con-full e-flex elementor-invisible e-con e-child\" data-id=\"2ddbc25\" data-element_type=\"container\" data-settings=\"{&quot;background_background&quot;:&quot;classic&quot;,&quot;animation&quot;:&quot;fadeInUp&quot;,&quot;animation_mobile&quot;:&quot;fadeIn&quot;,&quot;jet_parallax_layout_list&quot;:[]}\">\n\t\t<div class=\"elementor-element elementor-element-7897cf6 e-con-full e-flex elementor-invisible e-con e-child\" data-id=\"7897cf6\" data-element_type=\"container\" data-settings=\"{&quot;animation&quot;:&quot;fadeInUp&quot;,&quot;animation_delay&quot;:100,&quot;jet_parallax_layout_list&quot;:[]}\">\n\t\t\t\t<div class=\"elementor-element elementor-element-b7c337c elementor-widget elementor-widget-image\" data-id=\"b7c337c\" data-element_type=\"widget\" data-widget_type=\"image.default\">\n\t\t\t\t<div class=\"elementor-widget-container\">\n\t\t\t\t\t\t\t\t\t\t\t\t\t\t\t<img decoding=\"async\" width=\"1029\" height=\"1029\" src=\"https:\/\/www.campingalporto.it\/wp-content\/uploads\/2025\/02\/piazzola-minibus.jpg\" class=\"attachment-full size-full wp-image-3283\" alt=\"\" srcset=\"https:\/\/www.campingalporto.it\/wp-content\/uploads\/2025\/02\/piazzola-minibus.jpg 1029w, https:\/\/www.campingalporto.it\/wp-content\/uploads\/2025\/02\/piazzola-minibus-300x300.jpg 300w, https:\/\/www.campingalporto.it\/wp-content\/uploads\/2025\/02\/piazzola-minibus-1024x1024.jpg 1024w, https:\/\/www.campingalporto.it\/wp-content\/uploads\/2025\/02\/piazzola-minibus-150x150.jpg 150w, https:\/\/www.campingalporto.it\/wp-content\/uploads\/2025\/02\/piazzola-minibus-768x768.jpg 768w\" sizes=\"(max-width: 1029px) 100vw, 1029px\" \/>\t\t\t\t\t\t\t\t\t\t\t\t\t\t\t<\/div>\n\t\t\t\t<\/div>\n\t\t\t\t<div class=\"elementor-element elementor-element-9a9812a elementor-widget elementor-widget-heading\" data-id=\"9a9812a\" data-element_type=\"widget\" data-widget_type=\"heading.default\">\n\t\t\t\t<div class=\"elementor-widget-container\">\n\t\t\t\t\t<h2 class=\"elementor-heading-title elementor-size-default\">Kleinbus (35\/45m\u00b2)<\/h2>\t\t\t\t<\/div>\n\t\t\t\t<\/div>\n\t\t\t\t<div class=\"elementor-element elementor-element-a3d9d51 elementor-widget elementor-widget-text-editor\" data-id=\"a3d9d51\" data-element_type=\"widget\" data-widget_type=\"text-editor.default\">\n\t\t\t\t<div class=\"elementor-widget-container\">\n\t\t\t\t\t\t\t\t\t<p>Die <strong>Mini-Bus-Stellpl\u00e4tze<\/strong> sind speziell f\u00fcr G\u00e4ste gedacht, die den <strong>Komfort und die Flexibilit\u00e4t von ausgestatteten Minivans mit<\/strong> einer L\u00e4nge von <strong>bis zu 5 m<\/strong> sch\u00e4tzen. Perfekt f\u00fcr alle, die einen wendigen und dynamischen Lebensstil suchen. <\/p>\t\t\t\t\t\t\t\t<\/div>\n\t\t\t\t<\/div>\n\t\t\t\t<\/div>\n\t\t\t\t<\/div>\n\t\t<div class=\"elementor-element elementor-element-9df3454 e-con-full e-flex elementor-invisible e-con e-child\" data-id=\"9df3454\" data-element_type=\"container\" data-settings=\"{&quot;background_background&quot;:&quot;classic&quot;,&quot;animation&quot;:&quot;fadeInUp&quot;,&quot;animation_mobile&quot;:&quot;fadeIn&quot;,&quot;jet_parallax_layout_list&quot;:[]}\">\n\t\t<div class=\"elementor-element elementor-element-554cc6d e-con-full e-flex elementor-invisible e-con e-child\" data-id=\"554cc6d\" data-element_type=\"container\" data-settings=\"{&quot;animation&quot;:&quot;fadeInUp&quot;,&quot;animation_delay&quot;:200,&quot;jet_parallax_layout_list&quot;:[]}\">\n\t\t\t\t<div class=\"elementor-element elementor-element-0dc39d8 elementor-widget elementor-widget-image\" data-id=\"0dc39d8\" data-element_type=\"widget\" data-widget_type=\"image.default\">\n\t\t\t\t<div class=\"elementor-widget-container\">\n\t\t\t\t\t\t\t\t\t\t\t\t\t\t\t<img loading=\"lazy\" decoding=\"async\" width=\"1920\" height=\"2560\" src=\"https:\/\/www.campingalporto.it\/wp-content\/uploads\/2025\/02\/Piazzole_confort-dry-scaled.jpg\" class=\"attachment-full size-full wp-image-3472\" alt=\"\" srcset=\"https:\/\/www.campingalporto.it\/wp-content\/uploads\/2025\/02\/Piazzole_confort-dry-scaled.jpg 1920w, https:\/\/www.campingalporto.it\/wp-content\/uploads\/2025\/02\/Piazzole_confort-dry-225x300.jpg 225w, https:\/\/www.campingalporto.it\/wp-content\/uploads\/2025\/02\/Piazzole_confort-dry-768x1024.jpg 768w, https:\/\/www.campingalporto.it\/wp-content\/uploads\/2025\/02\/Piazzole_confort-dry-1152x1536.jpg 1152w, https:\/\/www.campingalporto.it\/wp-content\/uploads\/2025\/02\/Piazzole_confort-dry-1536x2048.jpg 1536w\" sizes=\"(max-width: 1920px) 100vw, 1920px\" \/>\t\t\t\t\t\t\t\t\t\t\t\t\t\t\t<\/div>\n\t\t\t\t<\/div>\n\t\t\t\t<div class=\"elementor-element elementor-element-e40db17 elementor-widget elementor-widget-heading\" data-id=\"e40db17\" data-element_type=\"widget\" data-widget_type=\"heading.default\">\n\t\t\t\t<div class=\"elementor-widget-container\">\n\t\t\t\t\t<h2 class=\"elementor-heading-title elementor-size-default\">CONFORT\/<br>CONFORT DRY (65\/75 qm)<\/h2>\t\t\t\t<\/div>\n\t\t\t\t<\/div>\n\t\t\t\t<div class=\"elementor-element elementor-element-4df2d94 elementor-widget elementor-widget-text-editor\" data-id=\"4df2d94\" data-element_type=\"widget\" data-widget_type=\"text-editor.default\">\n\t\t\t\t<div class=\"elementor-widget-container\">\n\t\t\t\t\t\t\t\t\t<p>Geeignet f\u00fcr Wohnmobile <b>bis zu 7,5 m<\/b>, <b>Wohnwagen<\/b> oder<b> mittelgro\u00dfe Zelte <\/b>(bitte geben Sie die Ma\u00dfe Ihres Fahrzeugs an). <b>Im Preis inbegriffen ist ein Auto vor Ort<\/b>, au\u00dfer f\u00fcr diejenigen, die mit einem Wohnmobil anreisen. Wer mehr Platz w\u00fcnscht, kann bei der Buchung einen kostenpflichtigen Stellplatz anfordern. <b>2 Personen<\/b>, <b>16A-Stromanschluss<\/b> und <b>5 kWh Verbrauch pro Tag<\/b> <b>sind inbegriffen<\/b>. <\/p>\t\t\t\t\t\t\t\t<\/div>\n\t\t\t\t<\/div>\n\t\t\t\t<\/div>\n\t\t\t\t<\/div>\n\t\t\t\t<\/div>\n\t\t<div class=\"elementor-element elementor-element-6255979 e-con-full e-grid e-con e-child\" data-id=\"6255979\" data-element_type=\"container\" data-settings=\"{&quot;jet_parallax_layout_list&quot;:[]}\">\n\t\t<div class=\"elementor-element elementor-element-49df84c e-con-full e-flex elementor-invisible e-con e-child\" data-id=\"49df84c\" data-element_type=\"container\" data-settings=\"{&quot;background_background&quot;:&quot;classic&quot;,&quot;animation&quot;:&quot;fadeInUp&quot;,&quot;animation_mobile&quot;:&quot;fadeIn&quot;,&quot;jet_parallax_layout_list&quot;:[]}\">\n\t\t<div class=\"elementor-element elementor-element-f233e3b e-con-full e-flex elementor-invisible e-con e-child\" data-id=\"f233e3b\" data-element_type=\"container\" data-settings=\"{&quot;animation&quot;:&quot;fadeInUp&quot;,&quot;animation_delay&quot;:300,&quot;jet_parallax_layout_list&quot;:[]}\">\n\t\t\t\t<div class=\"elementor-element elementor-element-0b8b536 elementor-widget elementor-widget-image\" data-id=\"0b8b536\" data-element_type=\"widget\" data-widget_type=\"image.default\">\n\t\t\t\t<div class=\"elementor-widget-container\">\n\t\t\t\t\t\t\t\t\t\t\t\t\t\t\t<img loading=\"lazy\" decoding=\"async\" width=\"800\" height=\"849\" src=\"https:\/\/www.campingalporto.it\/wp-content\/uploads\/2025\/01\/minigampling-965x1024.jpg\" class=\"attachment-large size-large wp-image-3175\" alt=\"\" srcset=\"https:\/\/www.campingalporto.it\/wp-content\/uploads\/2025\/01\/minigampling-965x1024.jpg 965w, https:\/\/www.campingalporto.it\/wp-content\/uploads\/2025\/01\/minigampling-283x300.jpg 283w, https:\/\/www.campingalporto.it\/wp-content\/uploads\/2025\/01\/minigampling-768x815.jpg 768w, https:\/\/www.campingalporto.it\/wp-content\/uploads\/2025\/01\/minigampling-1448x1536.jpg 1448w, https:\/\/www.campingalporto.it\/wp-content\/uploads\/2025\/01\/minigampling.jpg 1600w\" sizes=\"(max-width: 800px) 100vw, 800px\" \/>\t\t\t\t\t\t\t\t\t\t\t\t\t\t\t<\/div>\n\t\t\t\t<\/div>\n\t\t\t\t<div class=\"elementor-element elementor-element-1b2ee9c elementor-widget elementor-widget-heading\" data-id=\"1b2ee9c\" data-element_type=\"widget\" data-widget_type=\"heading.default\">\n\t\t\t\t<div class=\"elementor-widget-container\">\n\t\t\t\t\t<h2 class=\"elementor-heading-title elementor-size-default\">GLAMPING<\/h2>\t\t\t\t<\/div>\n\t\t\t\t<\/div>\n\t\t\t\t<div class=\"elementor-element elementor-element-c4e05fa elementor-widget elementor-widget-text-editor\" data-id=\"c4e05fa\" data-element_type=\"widget\" data-widget_type=\"text-editor.default\">\n\t\t\t\t<div class=\"elementor-widget-container\">\n\t\t\t\t\t\t\t\t\t<p class=\"p1\">Sie suchen die <b>romantische Atmosph\u00e4re<\/b> eines gem\u00fctlichen Schlafzimmers mit nat\u00fcrlichen Farben und Materialien, wollen aber in <b>direktem Kontakt mit der Natur<\/b> sein und das Gef\u00fchl von <b>Freiheit<\/b> erleben, das nur ein Zelt mitten im Gr\u00fcnen bieten kann? <b>Dann ist das Glamp Mini Tent genau das Richtige f\u00fcr Sie<\/b>! Es ist die ideale L\u00f6sun, wenn Sie Radfahrer oder Biker sind und nach einer langen Tour bequem und sauber schlafen wollen<\/p>\t\t\t\t\t\t\t\t<\/div>\n\t\t\t\t<\/div>\n\t\t\t\t<\/div>\n\t\t\t\t<\/div>\n\t\t<div class=\"elementor-element elementor-element-ce63b42 e-con-full e-flex elementor-invisible e-con e-child\" data-id=\"ce63b42\" data-element_type=\"container\" data-settings=\"{&quot;background_background&quot;:&quot;classic&quot;,&quot;animation&quot;:&quot;fadeInUp&quot;,&quot;animation_mobile&quot;:&quot;fadeIn&quot;,&quot;jet_parallax_layout_list&quot;:[]}\">\n\t\t<div class=\"elementor-element elementor-element-635226d e-con-full e-flex elementor-invisible e-con e-child\" data-id=\"635226d\" data-element_type=\"container\" data-settings=\"{&quot;animation&quot;:&quot;fadeInUp&quot;,&quot;animation_delay&quot;:400,&quot;jet_parallax_layout_list&quot;:[]}\">\n\t\t\t\t<div class=\"elementor-element elementor-element-38c9392 elementor-widget elementor-widget-image\" data-id=\"38c9392\" data-element_type=\"widget\" data-widget_type=\"image.default\">\n\t\t\t\t<div class=\"elementor-widget-container\">\n\t\t\t\t\t\t\t\t\t\t\t\t\t\t\t<img loading=\"lazy\" decoding=\"async\" width=\"460\" height=\"460\" src=\"https:\/\/www.campingalporto.it\/wp-content\/uploads\/2025\/02\/Maxi.jpg\" class=\"attachment-full size-full wp-image-3481\" alt=\"\" srcset=\"https:\/\/www.campingalporto.it\/wp-content\/uploads\/2025\/02\/Maxi.jpg 460w, https:\/\/www.campingalporto.it\/wp-content\/uploads\/2025\/02\/Maxi-300x300.jpg 300w, https:\/\/www.campingalporto.it\/wp-content\/uploads\/2025\/02\/Maxi-150x150.jpg 150w\" sizes=\"(max-width: 460px) 100vw, 460px\" \/>\t\t\t\t\t\t\t\t\t\t\t\t\t\t\t<\/div>\n\t\t\t\t<\/div>\n\t\t\t\t<div class=\"elementor-element elementor-element-136e2e9 elementor-widget elementor-widget-heading\" data-id=\"136e2e9\" data-element_type=\"widget\" data-widget_type=\"heading.default\">\n\t\t\t\t<div class=\"elementor-widget-container\">\n\t\t\t\t\t<h2 class=\"elementor-heading-title elementor-size-default\">MAXI (90\/100sqm)<\/h2>\t\t\t\t<\/div>\n\t\t\t\t<\/div>\n\t\t\t\t<div class=\"elementor-element elementor-element-14eaae8 elementor-widget elementor-widget-text-editor\" data-id=\"14eaae8\" data-element_type=\"widget\" data-widget_type=\"text-editor.default\">\n\t\t\t\t<div class=\"elementor-widget-container\">\n\t\t\t\t\t\t\t\t\t<p>Ideal f\u00fcr <b>gro\u00dfe Fahrzeuge bis zu 9 m<\/b>, oder <b>Wohnwagen<\/b> und <b>Zelte<\/b> f\u00fcr einen komfortablen Aufenthalt. Buchbar mit <b>mindestens 3 Personen im Preis inbegriffen<\/b>, die <b>16A<\/b> Stromanschluss und <b>5<\/b> <b>kWh<\/b> Verbrauch pro Tag umfasst. Es ist notwendig, die Gr\u00f6\u00dfe des Fahrzeugs mitzuteilen, da die Zug\u00e4nglichkeit nicht f\u00fcr alle gleich ist. <b>Der Tarif beinhaltet ein Auto vor Ort<\/b>. Vielseitig und sehr gefragt, mit einem doppelten Stromanschluss, <b>ist jeder Maxi-Stellplatz auch f\u00fcr befreundete Paare mit zwei Minivans oder zwei kleinen Wohnmobilen bis zu 6,5 m geeignet<\/b>.   <\/p>\t\t\t\t\t\t\t\t<\/div>\n\t\t\t\t<\/div>\n\t\t\t\t<\/div>\n\t\t\t\t<\/div>\n\t\t\t\t<\/div>\n\t\t\t\t\t<\/div>\n\t\t\t\t<\/div>\n\t\t<div class=\"elementor-element elementor-element-0e5085a e-flex e-con-boxed e-con e-parent\" data-id=\"0e5085a\" data-element_type=\"container\" data-settings=\"{&quot;jet_parallax_layout_list&quot;:[]}\">\n\t\t\t\t\t<div class=\"e-con-inner\">\n\t\t\t\t<div class=\"elementor-element elementor-element-5cdd777 elementor-widget-mobile__width-inherit elementor-invisible elementor-widget elementor-widget-image\" data-id=\"5cdd777\" data-element_type=\"widget\" data-settings=\"{&quot;_animation&quot;:&quot;fadeInLeft&quot;,&quot;_animation_mobile&quot;:&quot;fadeIn&quot;}\" data-widget_type=\"image.default\">\n\t\t\t\t<div class=\"elementor-widget-container\">\n\t\t\t\t\t\t\t\t\t\t\t\t\t\t\t<img loading=\"lazy\" decoding=\"async\" width=\"1730\" height=\"1568\" src=\"https:\/\/www.campingalporto.it\/wp-content\/uploads\/2025\/02\/versatilita-immagine2.png\" class=\"attachment-full size-full wp-image-3295\" alt=\"\" srcset=\"https:\/\/www.campingalporto.it\/wp-content\/uploads\/2025\/02\/versatilita-immagine2.png 1730w, https:\/\/www.campingalporto.it\/wp-content\/uploads\/2025\/02\/versatilita-immagine2-300x272.png 300w, https:\/\/www.campingalporto.it\/wp-content\/uploads\/2025\/02\/versatilita-immagine2-1024x928.png 1024w, https:\/\/www.campingalporto.it\/wp-content\/uploads\/2025\/02\/versatilita-immagine2-768x696.png 768w, https:\/\/www.campingalporto.it\/wp-content\/uploads\/2025\/02\/versatilita-immagine2-1536x1392.png 1536w\" sizes=\"(max-width: 1730px) 100vw, 1730px\" \/>\t\t\t\t\t\t\t\t\t\t\t\t\t\t\t<\/div>\n\t\t\t\t<\/div>\n\t\t<div class=\"elementor-element elementor-element-f8211c6 e-con-full e-flex elementor-invisible e-con e-child\" data-id=\"f8211c6\" data-element_type=\"container\" data-settings=\"{&quot;jet_parallax_layout_list&quot;:[],&quot;animation&quot;:&quot;fadeInRight&quot;,&quot;animation_mobile&quot;:&quot;fadeIn&quot;}\">\n\t\t\t\t<div class=\"elementor-element elementor-element-3e40099 elementor-widget elementor-widget-heading\" data-id=\"3e40099\" data-element_type=\"widget\" data-widget_type=\"heading.default\">\n\t\t\t\t<div class=\"elementor-widget-container\">\n\t\t\t\t\t<h2 class=\"elementor-heading-title elementor-size-default\">andere L\u00f6sungen<\/h2>\t\t\t\t<\/div>\n\t\t\t\t<\/div>\n\t\t\t\t<div class=\"elementor-element elementor-element-4558d70 elementor-widget elementor-widget-heading\" data-id=\"4558d70\" data-element_type=\"widget\" data-widget_type=\"heading.default\">\n\t\t\t\t<div class=\"elementor-widget-container\">\n\t\t\t\t\t<h2 class=\"elementor-heading-title elementor-size-default\">die Wohnungen<\/h2>\t\t\t\t<\/div>\n\t\t\t\t<\/div>\n\t\t\t\t<div class=\"elementor-element elementor-element-a319f1b elementor-widget elementor-widget-text-editor\" data-id=\"a319f1b\" data-element_type=\"widget\" data-widget_type=\"text-editor.default\">\n\t\t\t\t<div class=\"elementor-widget-container\">\n\t\t\t\t\t\t\t\t\t<p><span style=\"font-weight: 400;\">F\u00fcr diejenigen, die mehr Komfort suchen, bieten wir 11 Wohneinheiten f\u00fcr 1 bis 5 Personen an. Vom Studio Penede, das sich ideal als Nebengeb\u00e4ude f\u00fcr gro\u00dfe Familien eignet, bis hin zu den Mini-Glamps, kleinen Zelten mit Holzrahmen, bequemen Betten und Bettw\u00e4sche, die ideal f\u00fcr junge Leute auf der Suche nach Unabh\u00e4ngigkeit oder f\u00fcr Radfahrerpaare auf der Suche nach Entspannung sind.<\/span><span style=\"font-weight: 400;\"><br><\/span><span style=\"font-weight: 400;\">  Wie auch immer Ihre Vorstellung von einem Aufenthalt aussieht, wir sind bereit, die ideale L\u00f6sung f\u00fcr Sie zu finden. Kontaktieren Sie uns, wenn Sie online nicht finden, was Sie suchen!<\/span><\/p>\t\t\t\t\t\t\t\t<\/div>\n\t\t\t\t<\/div>\n\t\t\t\t<div class=\"elementor-element elementor-element-f1f8e73 elementor-widget elementor-widget-button\" data-id=\"f1f8e73\" data-element_type=\"widget\" data-widget_type=\"button.default\">\n\t\t\t\t<div class=\"elementor-widget-container\">\n\t\t\t\t\t\t\t\t\t<div class=\"elementor-button-wrapper\">\n\t\t\t\t\t<a class=\"elementor-button elementor-button-link elementor-size-sm\" href=\"https:\/\/www.campingalporto.it\/de\/casa-tonelli\/\">\n\t\t\t\t\t\t<span class=\"elementor-button-content-wrapper\">\n\t\t\t\t\t\t\t\t\t<span class=\"elementor-button-text\">Entdecken Sie die Wohnungen<\/span>\n\t\t\t\t\t<\/span>\n\t\t\t\t\t<\/a>\n\t\t\t\t<\/div>\n\t\t\t\t\t\t\t\t<\/div>\n\t\t\t\t<\/div>\n\t\t\t\t<\/div>\n\t\t\t\t\t<\/div>\n\t\t\t\t<\/div>\n\t\t\t\t<\/div>\n\t\t","protected":false},"excerpt":{"rendered":"<p>Vielseitigkeit L\u00d6SUNGEN F\u00dcR JEDEN BEDARF Seit 1985, dem Jahr unserer Einweihung mit einem einzigen Stellplatztyp, hat unser Campingplatz sein Angebot erweitert, um jedem Aufenthalt gerecht zu werden. Heute begr\u00fc\u00dfen wir eine breite Palette von G\u00e4sten: von einsamen Radfahrer auf der Suche nach einem kleinen Platz f\u00fcr sein Zelt, zum Camper, der mit gro\u00dfen Fahrzeugen reist, [&hellip;]<\/p>\n","protected":false},"author":1,"featured_media":0,"parent":0,"menu_order":0,"comment_status":"closed","ping_status":"closed","template":"","meta":{"footnotes":""},"class_list":["post-3836","page","type-page","status-publish","hentry"],"_links":{"self":[{"href":"https:\/\/www.campingalporto.it\/de\/wp-json\/wp\/v2\/pages\/3836","targetHints":{"allow":["GET"]}}],"collection":[{"href":"https:\/\/www.campingalporto.it\/de\/wp-json\/wp\/v2\/pages"}],"about":[{"href":"https:\/\/www.campingalporto.it\/de\/wp-json\/wp\/v2\/types\/page"}],"author":[{"embeddable":true,"href":"https:\/\/www.campingalporto.it\/de\/wp-json\/wp\/v2\/users\/1"}],"replies":[{"embeddable":true,"href":"https:\/\/www.campingalporto.it\/de\/wp-json\/wp\/v2\/comments?post=3836"}],"version-history":[{"count":5,"href":"https:\/\/www.campingalporto.it\/de\/wp-json\/wp\/v2\/pages\/3836\/revisions"}],"predecessor-version":[{"id":4225,"href":"https:\/\/www.campingalporto.it\/de\/wp-json\/wp\/v2\/pages\/3836\/revisions\/4225"}],"wp:attachment":[{"href":"https:\/\/www.campingalporto.it\/de\/wp-json\/wp\/v2\/media?parent=3836"}],"curies":[{"name":"wp","href":"https:\/\/api.w.org\/{rel}","templated":true}]}}