{"id":3860,"date":"2025-01-15T12:46:39","date_gmt":"2025-01-15T11:46:39","guid":{"rendered":"https:\/\/campingalporto.it\/ueber-uns\/"},"modified":"2025-04-10T17:18:18","modified_gmt":"2025-04-10T15:18:18","slug":"ueber-uns","status":"publish","type":"page","link":"https:\/\/www.campingalporto.it\/de\/ueber-uns\/","title":{"rendered":"\u00dcber uns"},"content":{"rendered":"\t\t<div data-elementor-type=\"wp-page\" data-elementor-id=\"3860\" class=\"elementor elementor-3860 elementor-73\" data-elementor-post-type=\"page\">\n\t\t\t\t<div class=\"elementor-element elementor-element-650cb4b hero-section e-flex e-con-boxed e-con e-parent\" data-id=\"650cb4b\" data-element_type=\"container\" data-settings=\"{&quot;background_background&quot;:&quot;classic&quot;,&quot;jet_parallax_layout_list&quot;:[]}\">\n\t\t\t\t\t<div class=\"e-con-inner\">\n\t\t\t\t\t<\/div>\n\t\t\t\t<\/div>\n\t\t<div class=\"elementor-element elementor-element-d8851af e-flex e-con-boxed e-con e-parent\" data-id=\"d8851af\" data-element_type=\"container\" data-settings=\"{&quot;jet_parallax_layout_list&quot;:[]}\">\n\t\t\t\t\t<div class=\"e-con-inner\">\n\t\t<div class=\"elementor-element elementor-element-3119ac5 e-con-full e-flex elementor-invisible e-con e-child\" data-id=\"3119ac5\" data-element_type=\"container\" data-settings=\"{&quot;jet_parallax_layout_list&quot;:[],&quot;animation&quot;:&quot;fadeInLeft&quot;,&quot;animation_mobile&quot;:&quot;fadeIn&quot;}\">\n\t\t\t\t<div class=\"elementor-element elementor-element-49976b4 elementor-widget elementor-widget-heading\" data-id=\"49976b4\" data-element_type=\"widget\" data-widget_type=\"heading.default\">\n\t\t\t\t<div class=\"elementor-widget-container\">\n\t\t\t\t\t<h2 class=\"elementor-heading-title elementor-size-default\">wer wir sind<\/h2>\t\t\t\t<\/div>\n\t\t\t\t<\/div>\n\t\t\t\t<div class=\"elementor-element elementor-element-28d396a elementor-widget elementor-widget-heading\" data-id=\"28d396a\" data-element_type=\"widget\" data-widget_type=\"heading.default\">\n\t\t\t\t<div class=\"elementor-widget-container\">\n\t\t\t\t\t<h2 class=\"elementor-heading-title elementor-size-default\">Camping al Porto<\/h2>\t\t\t\t<\/div>\n\t\t\t\t<\/div>\n\t\t\t\t<div class=\"elementor-element elementor-element-d0a6a96 elementor-widget elementor-widget-text-editor\" data-id=\"d0a6a96\" data-element_type=\"widget\" data-widget_type=\"text-editor.default\">\n\t\t\t\t<div class=\"elementor-widget-container\">\n\t\t\t\t\t\t\t\t\t<p><span style=\"font-weight: 400;\">An die T\u00fcr eines herrschaftlichen Hauses klopft ein junger Mann in bescheidener Kleidung. &#8222;Ich bin Antonio Tonelli&#8220;, sagte er zu der Dame des Hauses, &#8222;und ich m\u00f6chte wissen, f\u00fcr wie viel das Anwesen in Torbole am See verkauft wird. Die \u00fcberraschte Dame antwortet, dass sie mit ihrem Vater zur\u00fcckf\u00e4hrt, um \u00fcber den Kauf zu verhandeln, aber der Junge antwortet ohne zu z\u00f6gern: &#8222;Ich bin derjenige, der kauft&#8220;.  <\/span><\/p><p><span style=\"font-weight: 400;\">Es war <\/span><b>1950<\/b><span style=\"font-weight: 400;\"> und Antonio, Anfang zwanzig, hatte bereits konkrete Vorstellungen und eine klare Vision vom Potenzial dieses St\u00fccks Land, eines zur\u00fcckgewonnenen Sumpfgebiets, das von da an in den Besitz der Familie Tonelli \u00fcbergehen sollte. <\/span><b>Familie Tonelli<\/b><span style=\"font-weight: 400;\">. <\/span><span style=\"font-weight: 400;\">Die Geschichte des Campingplatzes begann sp\u00e4ter, im <\/span><b>1985 <\/b><span style=\"font-weight: 400;\">mit <\/span><b>Giovanni<\/b><span style=\"font-weight: 400;\">, <\/span><b>Pia<\/b><span style=\"font-weight: 400;\"> e <\/span><b>ihren Kindern<\/b><span style=\"font-weight: 400;\">. Im Laufe der Jahre wurde der Campingplatz mehrfach umgestaltet und renoviert, um sich dem Wandel der Zeit und den Bed\u00fcrfnissen der Reisenden anzupassen. Heute, unter der Leitung von   <\/span><b>Lorenzo <\/b><span style=\"font-weight: 400;\">und <\/span><b>Matteo <\/b><span style=\"font-weight: 400;\">Camping Al Porto ist ein moderner Campingplatz mit <\/span><b>3 Sterne<\/b><span style=\"font-weight: 400;\">. Es bietet eine Reihe von Dienstleistungen an, die den Erwartungen der neuen Generationen entsprechen, ohne dabei die authentische Gastfreundschaft aus den Augen zu verlieren, die es schon immer ausgezeichnet hat.<\/span><\/p>\t\t\t\t\t\t\t\t<\/div>\n\t\t\t\t<\/div>\n\t\t\t\t<\/div>\n\t\t\t\t<div class=\"elementor-element elementor-element-6b994ed elementor-widget-mobile__width-inherit elementor-invisible elementor-widget elementor-widget-image\" data-id=\"6b994ed\" data-element_type=\"widget\" data-settings=\"{&quot;_animation&quot;:&quot;fadeInRight&quot;,&quot;_animation_mobile&quot;:&quot;fadeIn&quot;}\" data-widget_type=\"image.default\">\n\t\t\t\t<div class=\"elementor-widget-container\">\n\t\t\t\t\t\t\t\t\t\t\t\t\t\t\t<img fetchpriority=\"high\" decoding=\"async\" width=\"1730\" height=\"1568\" src=\"https:\/\/www.campingalporto.it\/wp-content\/uploads\/2025\/02\/chi-siamo-nuovo.png\" class=\"attachment-full size-full wp-image-3490\" alt=\"\" srcset=\"https:\/\/www.campingalporto.it\/wp-content\/uploads\/2025\/02\/chi-siamo-nuovo.png 1730w, https:\/\/www.campingalporto.it\/wp-content\/uploads\/2025\/02\/chi-siamo-nuovo-300x272.png 300w, https:\/\/www.campingalporto.it\/wp-content\/uploads\/2025\/02\/chi-siamo-nuovo-1024x928.png 1024w, https:\/\/www.campingalporto.it\/wp-content\/uploads\/2025\/02\/chi-siamo-nuovo-768x696.png 768w, https:\/\/www.campingalporto.it\/wp-content\/uploads\/2025\/02\/chi-siamo-nuovo-1536x1392.png 1536w\" sizes=\"(max-width: 1730px) 100vw, 1730px\" \/>\t\t\t\t\t\t\t\t\t\t\t\t\t\t\t<\/div>\n\t\t\t\t<\/div>\n\t\t\t\t\t<\/div>\n\t\t\t\t<\/div>\n\t\t\t\t<\/div>\n\t\t","protected":false},"excerpt":{"rendered":"<p>wer wir sind Camping al Porto An die T\u00fcr eines herrschaftlichen Hauses klopft ein junger Mann in bescheidener Kleidung. &#8222;Ich bin Antonio Tonelli&#8220;, sagte er zu der Dame des Hauses, &#8222;und ich m\u00f6chte wissen, f\u00fcr wie viel das Anwesen in Torbole am See verkauft wird. Die \u00fcberraschte Dame antwortet, dass sie mit ihrem Vater zur\u00fcckf\u00e4hrt, [&hellip;]<\/p>\n","protected":false},"author":1,"featured_media":0,"parent":0,"menu_order":0,"comment_status":"closed","ping_status":"closed","template":"","meta":{"footnotes":""},"class_list":["post-3860","page","type-page","status-publish","hentry"],"_links":{"self":[{"href":"https:\/\/www.campingalporto.it\/de\/wp-json\/wp\/v2\/pages\/3860","targetHints":{"allow":["GET"]}}],"collection":[{"href":"https:\/\/www.campingalporto.it\/de\/wp-json\/wp\/v2\/pages"}],"about":[{"href":"https:\/\/www.campingalporto.it\/de\/wp-json\/wp\/v2\/types\/page"}],"author":[{"embeddable":true,"href":"https:\/\/www.campingalporto.it\/de\/wp-json\/wp\/v2\/users\/1"}],"replies":[{"embeddable":true,"href":"https:\/\/www.campingalporto.it\/de\/wp-json\/wp\/v2\/comments?post=3860"}],"version-history":[{"count":7,"href":"https:\/\/www.campingalporto.it\/de\/wp-json\/wp\/v2\/pages\/3860\/revisions"}],"predecessor-version":[{"id":4214,"href":"https:\/\/www.campingalporto.it\/de\/wp-json\/wp\/v2\/pages\/3860\/revisions\/4214"}],"wp:attachment":[{"href":"https:\/\/www.campingalporto.it\/de\/wp-json\/wp\/v2\/media?parent=3860"}],"curies":[{"name":"wp","href":"https:\/\/api.w.org\/{rel}","templated":true}]}}